{"id":2921,"date":"2023-11-14T00:30:46","date_gmt":"2023-11-13T19:30:46","guid":{"rendered":"https:\/\/turkmenexporter.com\/ueber-uns\/"},"modified":"2024-02-13T02:24:45","modified_gmt":"2024-02-12T21:24:45","slug":"ueber-uns","status":"publish","type":"page","link":"https:\/\/turkmenexporter.com\/de\/ueber-uns\/","title":{"rendered":"\u00dcber uns"},"content":{"rendered":"\t\t<div data-elementor-type=\"wp-page\" data-elementor-id=\"2921\" class=\"elementor elementor-2921 elementor-1095\" data-elementor-post-type=\"page\">\n\t\t\t\t<div class=\"elementor-element elementor-element-53923dd e-flex e-con-boxed e-con e-parent\" data-id=\"53923dd\" data-element_type=\"container\" data-e-type=\"container\">\n\t\t\t\t\t<div class=\"e-con-inner\">\n\t\t\t\t<div class=\"elementor-element elementor-element-70b382b elementor-widget elementor-widget-shortcode\" data-id=\"70b382b\" data-element_type=\"widget\" data-e-type=\"widget\" data-widget_type=\"shortcode.default\">\n\t\t\t\t<div class=\"elementor-widget-container\">\n\t\t\t\t\t\t\t<div class=\"elementor-shortcode\"><nav aria-label=\"breadcrumbs\" class=\"rank-math-breadcrumb\"><p><span class=\"last\">Startseite<\/span><\/p><\/nav><\/div>\n\t\t\t\t\t\t<\/div>\n\t\t\t\t<\/div>\n\t\t\t\t\t<\/div>\n\t\t\t\t<\/div>\n\t\t<div class=\"elementor-element elementor-element-6487bd5 e-flex e-con-boxed e-con e-parent\" data-id=\"6487bd5\" data-element_type=\"container\" data-e-type=\"container\">\n\t\t\t\t\t<div class=\"e-con-inner\">\n\t\t\t\t\t<\/div>\n\t\t\t\t<\/div>\n\t\t<div class=\"elementor-element elementor-element-f994e02 e-flex e-con-boxed e-con e-parent\" data-id=\"f994e02\" data-element_type=\"container\" data-e-type=\"container\">\n\t\t\t\t\t<div class=\"e-con-inner\">\n\t\t<div class=\"elementor-element elementor-element-1b01feb e-con-full e-flex e-con e-child\" data-id=\"1b01feb\" data-element_type=\"container\" data-e-type=\"container\">\n\t\t\t\t<div class=\"elementor-element elementor-element-847398f elementor-widget elementor-widget-text-editor\" data-id=\"847398f\" data-element_type=\"widget\" data-e-type=\"widget\" data-widget_type=\"text-editor.default\">\n\t\t\t\t<div class=\"elementor-widget-container\">\n\t\t\t\t\t\t\t\t\t<p><strong>Turkmenischer Ausf\u00fchrer<\/strong> ist ein Online-B2B-Marktplatz, der K\u00e4ufer aus der ganzen Welt mit Herstellern in Turkmenistan verbindet, um ihnen die M\u00f6glichkeit zu geben, Qualit\u00e4tswaren in gro\u00dfen Mengen zu g\u00fcnstigen Preisen zu kaufen.<\/p>\n\t\t\t\t\t\t\t\t<\/div>\n\t\t\t\t<\/div>\n\t\t<div class=\"elementor-element elementor-element-7101b12 e-con-full e-flex e-con e-child\" data-id=\"7101b12\" data-element_type=\"container\" data-e-type=\"container\">\n\t\t\t\t<div class=\"elementor-element elementor-element-42c5f26 elementor-widget elementor-widget-accordion\" data-id=\"42c5f26\" data-element_type=\"widget\" data-e-type=\"widget\" data-widget_type=\"accordion.default\">\n\t\t\t\t<div class=\"elementor-widget-container\">\n\t\t\t\t\t\t\t<div class=\"elementor-accordion\">\n\t\t\t\t\t\t\t<div class=\"elementor-accordion-item\">\n\t\t\t\t\t<h2 id=\"elementor-tab-title-7001\" class=\"elementor-tab-title\" data-tab=\"1\" role=\"button\" aria-controls=\"elementor-tab-content-7001\" aria-expanded=\"false\">\n\t\t\t\t\t\t\t\t\t\t\t\t\t<span class=\"elementor-accordion-icon elementor-accordion-icon-right\" aria-hidden=\"true\">\n\t\t\t\t\t\t\t\t\t\t\t\t\t\t\t<span class=\"elementor-accordion-icon-closed\"><svg class=\"e-font-icon-svg e-fas-caret-down\" viewBox=\"0 0 320 512\" xmlns=\"http:\/\/www.w3.org\/2000\/svg\"><path d=\"M31.3 192h257.3c17.8 0 26.7 21.5 14.1 34.1L174.1 354.8c-7.8 7.8-20.5 7.8-28.3 0L17.2 226.1C4.6 213.5 13.5 192 31.3 192z\"><\/path><\/svg><\/span>\n\t\t\t\t\t\t\t\t<span class=\"elementor-accordion-icon-opened\"><svg class=\"e-font-icon-svg e-fas-angle-up\" viewBox=\"0 0 320 512\" xmlns=\"http:\/\/www.w3.org\/2000\/svg\"><path d=\"M177 159.7l136 136c9.4 9.4 9.4 24.6 0 33.9l-22.6 22.6c-9.4 9.4-24.6 9.4-33.9 0L160 255.9l-96.4 96.4c-9.4 9.4-24.6 9.4-33.9 0L7 329.7c-9.4-9.4-9.4-24.6 0-33.9l136-136c9.4-9.5 24.6-9.5 34-.1z\"><\/path><\/svg><\/span>\n\t\t\t\t\t\t\t\t\t\t\t\t\t\t<\/span>\n\t\t\t\t\t\t\t\t\t\t\t\t<a class=\"elementor-accordion-title\" tabindex=\"0\">Auftrag des Unternehmens<\/a>\n\t\t\t\t\t<\/h2>\n\t\t\t\t\t<div id=\"elementor-tab-content-7001\" class=\"elementor-tab-content elementor-clearfix\" data-tab=\"1\" role=\"region\" aria-labelledby=\"elementor-tab-title-7001\"><ul>\n<li>Unsere Aufgabe ist es, Unternehmern und Unternehmen dabei zu helfen, Waren und Rohstoffe f\u00fcr ihr Gesch\u00e4ft zu g\u00fcnstigen Preisen zu finden, damit sie ihre Gesch\u00e4fte zum Vorteil ihrer Kunden aufbauen und f\u00fchren k\u00f6nnen, um deren Tr\u00e4ume zu erf\u00fcllen und ihre Erwartungen zu \u00fcbertreffen.<\/li>\n<li>Bereitstellung pr\u00e4ziser und zuverl\u00e4ssiger Informationen \u00fcber turkmenische Produkte und Lieferanten f\u00fcr Eink\u00e4ufer in aller Welt<\/li>\n<\/ul>\n<\/div>\n\t\t\t\t<\/div>\n\t\t\t\t\t\t\t<div class=\"elementor-accordion-item\">\n\t\t\t\t\t<h2 id=\"elementor-tab-title-7002\" class=\"elementor-tab-title\" data-tab=\"2\" role=\"button\" aria-controls=\"elementor-tab-content-7002\" aria-expanded=\"false\">\n\t\t\t\t\t\t\t\t\t\t\t\t\t<span class=\"elementor-accordion-icon elementor-accordion-icon-right\" aria-hidden=\"true\">\n\t\t\t\t\t\t\t\t\t\t\t\t\t\t\t<span class=\"elementor-accordion-icon-closed\"><svg class=\"e-font-icon-svg e-fas-caret-down\" viewBox=\"0 0 320 512\" xmlns=\"http:\/\/www.w3.org\/2000\/svg\"><path d=\"M31.3 192h257.3c17.8 0 26.7 21.5 14.1 34.1L174.1 354.8c-7.8 7.8-20.5 7.8-28.3 0L17.2 226.1C4.6 213.5 13.5 192 31.3 192z\"><\/path><\/svg><\/span>\n\t\t\t\t\t\t\t\t<span class=\"elementor-accordion-icon-opened\"><svg class=\"e-font-icon-svg e-fas-angle-up\" viewBox=\"0 0 320 512\" xmlns=\"http:\/\/www.w3.org\/2000\/svg\"><path d=\"M177 159.7l136 136c9.4 9.4 9.4 24.6 0 33.9l-22.6 22.6c-9.4 9.4-24.6 9.4-33.9 0L160 255.9l-96.4 96.4c-9.4 9.4-24.6 9.4-33.9 0L7 329.7c-9.4-9.4-9.4-24.6 0-33.9l136-136c9.4-9.5 24.6-9.5 34-.1z\"><\/path><\/svg><\/span>\n\t\t\t\t\t\t\t\t\t\t\t\t\t\t<\/span>\n\t\t\t\t\t\t\t\t\t\t\t\t<a class=\"elementor-accordion-title\" tabindex=\"0\">Unternehmenswerte<\/a>\n\t\t\t\t\t<\/h2>\n\t\t\t\t\t<div id=\"elementor-tab-content-7002\" class=\"elementor-tab-content elementor-clearfix\" data-tab=\"2\" role=\"region\" aria-labelledby=\"elementor-tab-title-7002\"><ul>\n<li><strong>Qualit\u00e4t:<\/strong> Unsere Verk\u00e4ufer auf dem B2B-Marktplatz sind sorgf\u00e4ltig gepr\u00fcfte, verantwortungsbewusste Hersteller mit umfassender Erfahrung und einem verantwortungsvollen Umgang mit ihrem Gesch\u00e4ft und ihren Produkten.<\/li>\n<li><strong>Zuverl\u00e4ssigkeit:<\/strong> Unsere Hersteller halten sich an den Grundsatz der Best\u00e4ndigkeit und Zuverl\u00e4ssigkeit in jedem Aspekt ihrer Arbeit. Turkmenischer Ausf\u00fchrer \u00fcberwacht die Erf\u00fcllung seiner Verpflichtungen und die Einhaltung der Fristen f\u00fcr alle Transaktionen.<\/li>\n<li><strong>Service:<\/strong> wir antworten umgehend auf alle Anfragen. Wir helfen bei der Ausfertigung aller notwendigen Dokumente, unterst\u00fctzen bei der Auswahl eines Logistikunternehmens.<\/li>\n<\/ul>\n<\/div>\n\t\t\t\t<\/div>\n\t\t\t\t\t\t\t<div class=\"elementor-accordion-item\">\n\t\t\t\t\t<h2 id=\"elementor-tab-title-7003\" class=\"elementor-tab-title\" data-tab=\"3\" role=\"button\" aria-controls=\"elementor-tab-content-7003\" aria-expanded=\"false\">\n\t\t\t\t\t\t\t\t\t\t\t\t\t<span class=\"elementor-accordion-icon elementor-accordion-icon-right\" aria-hidden=\"true\">\n\t\t\t\t\t\t\t\t\t\t\t\t\t\t\t<span class=\"elementor-accordion-icon-closed\"><svg class=\"e-font-icon-svg e-fas-caret-down\" viewBox=\"0 0 320 512\" xmlns=\"http:\/\/www.w3.org\/2000\/svg\"><path d=\"M31.3 192h257.3c17.8 0 26.7 21.5 14.1 34.1L174.1 354.8c-7.8 7.8-20.5 7.8-28.3 0L17.2 226.1C4.6 213.5 13.5 192 31.3 192z\"><\/path><\/svg><\/span>\n\t\t\t\t\t\t\t\t<span class=\"elementor-accordion-icon-opened\"><svg class=\"e-font-icon-svg e-fas-angle-up\" viewBox=\"0 0 320 512\" xmlns=\"http:\/\/www.w3.org\/2000\/svg\"><path d=\"M177 159.7l136 136c9.4 9.4 9.4 24.6 0 33.9l-22.6 22.6c-9.4 9.4-24.6 9.4-33.9 0L160 255.9l-96.4 96.4c-9.4 9.4-24.6 9.4-33.9 0L7 329.7c-9.4-9.4-9.4-24.6 0-33.9l136-136c9.4-9.5 24.6-9.5 34-.1z\"><\/path><\/svg><\/span>\n\t\t\t\t\t\t\t\t\t\t\t\t\t\t<\/span>\n\t\t\t\t\t\t\t\t\t\t\t\t<a class=\"elementor-accordion-title\" tabindex=\"0\">Unternehmensvorteile<\/a>\n\t\t\t\t\t<\/h2>\n\t\t\t\t\t<div id=\"elementor-tab-content-7003\" class=\"elementor-tab-content elementor-clearfix\" data-tab=\"3\" role=\"region\" aria-labelledby=\"elementor-tab-title-7003\"><ul>\n<li>Einfache Kommunikation mit den Verk\u00e4ufern, jederzeit und \u00fcberall<\/li>\n<li>Breiter Markt mit einer gro\u00dfen Anzahl von Produkten und Anbietern<\/li>\n<li>Wirklich g\u00fcnstige Preise mit anst\u00e4ndiger Qualit\u00e4t<\/li>\n<\/ul>\n<\/div>\n\t\t\t\t<\/div>\n\t\t\t\t\t\t\t\t\t\t<script type=\"application\/ld+json\">{\"@context\":\"https:\\\/\\\/schema.org\",\"@type\":\"FAQPage\",\"mainEntity\":[{\"@type\":\"Question\",\"name\":\"Auftrag des Unternehmens\",\"acceptedAnswer\":{\"@type\":\"Answer\",\"text\":\"<ul>\\n<li>Unsere Aufgabe ist es, Unternehmern und Unternehmen dabei zu helfen, Waren und Rohstoffe f\\u00fcr ihr Gesch\\u00e4ft zu g\\u00fcnstigen Preisen zu finden, damit sie ihre Gesch\\u00e4fte zum Vorteil ihrer Kunden aufbauen und f\\u00fchren k\\u00f6nnen, um deren Tr\\u00e4ume zu erf\\u00fcllen und ihre Erwartungen zu \\u00fcbertreffen.<\\\/li>\\n<li>Bereitstellung pr\\u00e4ziser und zuverl\\u00e4ssiger Informationen \\u00fcber turkmenische Produkte und Lieferanten f\\u00fcr Eink\\u00e4ufer in aller Welt<\\\/li>\\n<\\\/ul>\\n\"}},{\"@type\":\"Question\",\"name\":\"Unternehmenswerte\",\"acceptedAnswer\":{\"@type\":\"Answer\",\"text\":\"<ul>\\n<li><strong>Qualit\\u00e4t:<\\\/strong> Unsere Verk\\u00e4ufer auf dem B2B-Marktplatz sind sorgf\\u00e4ltig gepr\\u00fcfte, verantwortungsbewusste Hersteller mit umfassender Erfahrung und einem verantwortungsvollen Umgang mit ihrem Gesch\\u00e4ft und ihren Produkten.<\\\/li>\\n<li><strong>Zuverl\\u00e4ssigkeit:<\\\/strong> Unsere Hersteller halten sich an den Grundsatz der Best\\u00e4ndigkeit und Zuverl\\u00e4ssigkeit in jedem Aspekt ihrer Arbeit. Turkmenischer Ausf\\u00fchrer \\u00fcberwacht die Erf\\u00fcllung seiner Verpflichtungen und die Einhaltung der Fristen f\\u00fcr alle Transaktionen.<\\\/li>\\n<li><strong>Service:<\\\/strong> wir antworten umgehend auf alle Anfragen. Wir helfen bei der Ausfertigung aller notwendigen Dokumente, unterst\\u00fctzen bei der Auswahl eines Logistikunternehmens.<\\\/li>\\n<\\\/ul>\\n\"}},{\"@type\":\"Question\",\"name\":\"Unternehmensvorteile\",\"acceptedAnswer\":{\"@type\":\"Answer\",\"text\":\"<ul>\\n<li>Einfache Kommunikation mit den Verk\\u00e4ufern, jederzeit und \\u00fcberall<\\\/li>\\n<li>Breiter Markt mit einer gro\\u00dfen Anzahl von Produkten und Anbietern<\\\/li>\\n<li>Wirklich g\\u00fcnstige Preise mit anst\\u00e4ndiger Qualit\\u00e4t<\\\/li>\\n<\\\/ul>\\n\"}}]}<\/script>\n\t\t\t\t\t<\/div>\n\t\t\t\t\t\t<\/div>\n\t\t\t\t<\/div>\n\t\t\t\t<\/div>\n\t\t\t\t<\/div>\n\t\t\t\t\t<\/div>\n\t\t\t\t<\/div>\n\t\t\t\t<\/div>\n\t\t","protected":false},"excerpt":{"rendered":"<p>Turkmenischer Ausf\u00fchrer ist ein Online-B2B-Marktplatz, der K\u00e4ufer aus der ganzen Welt mit Herstellern in Turkmenistan verbindet, um ihnen die M\u00f6glichkeit zu geben, Qualit\u00e4tswaren in gro\u00dfen Mengen zu g\u00fcnstigen Preisen zu kaufen. Auftrag des Unternehmens Unsere Aufgabe ist es, Unternehmern und Unternehmen dabei zu helfen, Waren und Rohstoffe f\u00fcr ihr Gesch\u00e4ft zu g\u00fcnstigen Preisen zu finden, [&hellip;]<\/p>\n","protected":false},"author":1,"featured_media":0,"parent":0,"menu_order":0,"comment_status":"closed","ping_status":"closed","template":"","meta":{"_acf_changed":false,"footnotes":""},"class_list":["post-2921","page","type-page","status-publish","hentry"],"acf":[],"_links":{"self":[{"href":"https:\/\/turkmenexporter.com\/de\/wp-json\/wp\/v2\/pages\/2921","targetHints":{"allow":["GET"]}}],"collection":[{"href":"https:\/\/turkmenexporter.com\/de\/wp-json\/wp\/v2\/pages"}],"about":[{"href":"https:\/\/turkmenexporter.com\/de\/wp-json\/wp\/v2\/types\/page"}],"author":[{"embeddable":true,"href":"https:\/\/turkmenexporter.com\/de\/wp-json\/wp\/v2\/users\/1"}],"replies":[{"embeddable":true,"href":"https:\/\/turkmenexporter.com\/de\/wp-json\/wp\/v2\/comments?post=2921"}],"version-history":[{"count":5,"href":"https:\/\/turkmenexporter.com\/de\/wp-json\/wp\/v2\/pages\/2921\/revisions"}],"predecessor-version":[{"id":4001,"href":"https:\/\/turkmenexporter.com\/de\/wp-json\/wp\/v2\/pages\/2921\/revisions\/4001"}],"wp:attachment":[{"href":"https:\/\/turkmenexporter.com\/de\/wp-json\/wp\/v2\/media?parent=2921"}],"curies":[{"name":"wp","href":"https:\/\/api.w.org\/{rel}","templated":true}]}}