{"id":2984,"date":"2023-12-19T12:59:23","date_gmt":"2023-12-19T07:59:23","guid":{"rendered":"https:\/\/turkmenexporter.com\/cookie-richtlinie\/"},"modified":"2024-02-03T01:39:04","modified_gmt":"2024-02-02T20:39:04","slug":"cookie-richtlinie","status":"publish","type":"page","link":"https:\/\/turkmenexporter.com\/de\/cookie-richtlinie\/","title":{"rendered":"Cookie-Richtlinie"},"content":{"rendered":"\t\t<div data-elementor-type=\"wp-page\" data-elementor-id=\"2984\" class=\"elementor elementor-2984 elementor-1939\" data-elementor-post-type=\"page\">\n\t\t\t\t<div class=\"elementor-element elementor-element-129e8c8 e-flex e-con-boxed e-con e-parent\" data-id=\"129e8c8\" data-element_type=\"container\" data-e-type=\"container\" data-settings=\"{&quot;background_background&quot;:&quot;classic&quot;}\">\n\t\t\t\t\t<div class=\"e-con-inner\">\n\t\t<div class=\"elementor-element elementor-element-9be271b e-con-full e-flex e-con e-child\" data-id=\"9be271b\" data-element_type=\"container\" data-e-type=\"container\" data-settings=\"{&quot;background_background&quot;:&quot;classic&quot;}\">\n\t\t\t\t<div class=\"elementor-element elementor-element-83c1641 elementor-widget elementor-widget-heading\" data-id=\"83c1641\" data-element_type=\"widget\" data-e-type=\"widget\" data-widget_type=\"heading.default\">\n\t\t\t\t<div class=\"elementor-widget-container\">\n\t\t\t\t\t<h1 class=\"elementor-heading-title elementor-size-default\">Cookie-Richtlinie<\/h1>\t\t\t\t<\/div>\n\t\t\t\t<\/div>\n\t\t<div class=\"elementor-element elementor-element-f7002bd e-con-full e-flex e-con e-child\" data-id=\"f7002bd\" data-element_type=\"container\" data-e-type=\"container\" data-settings=\"{&quot;background_background&quot;:&quot;classic&quot;}\">\n\t\t\t\t<div class=\"elementor-element elementor-element-66dea68 elementor-widget elementor-widget-text-editor\" data-id=\"66dea68\" data-element_type=\"widget\" data-e-type=\"widget\" data-widget_type=\"text-editor.default\">\n\t\t\t\t<div class=\"elementor-widget-container\">\n\t\t\t\t\t\t\t\t\t<p>Letzte Aktualisierung: 2024-19-12<\/p>\n<p>Turkmenexporter.com respektiert Ihre Bedenken bez\u00fcglich des Datenschutzes und sch\u00e4tzt die Beziehung, die wir mit Ihnen haben. Wenn Sie unsere Website besuchen oder darauf zugreifen, verwenden wir Cookies, um Ihnen die beste Erfahrung und einen individuelleren Service zu bieten. Durch die Nutzung unserer Website erkl\u00e4ren Sie sich mit der Verwendung von Cookies in \u00dcbereinstimmung mit dieser Cookie-Richtlinie und unserer Datenschutzrichtlinie einverstanden.<\/p>\n<p>In dieser Cookie-Richtlinie wird erkl\u00e4rt, was Cookies sind, wie wir sie verwenden und welche Vorteile sie bringen. Sie ist Teil unserer Datenschutzrichtlinie. Wenn Sie mit der Verwendung von Cookies in dieser Weise nicht einverstanden sind, sollten Sie Ihre Browsereinstellungen entsprechend anpassen, die von uns verwendeten Cookies deaktivieren oder unsere Website \u00fcberhaupt nicht nutzen. Wenn Sie die von uns verwendeten Cookies deaktivieren, kann dies Ihr Nutzererlebnis auf der Website beeintr\u00e4chtigen.<\/p>\n<h2><strong>Was ist ein Keks?<\/strong><\/h2>\n<p>Cookies sind kleine Textdateien (die nur aus Buchstaben und Zahlen bestehen), die an Ihren Computer, Ihr Smartphone oder ein anderes Ger\u00e4t f\u00fcr den Internetzugang gesendet und dort gespeichert werden, wenn Sie eine Website besuchen. Jedes Cookie ist nur f\u00fcr Ihren Webbrowser bestimmt. Sie enth\u00e4lt einige anonyme Informationen wie eine eindeutige Kennung und den Namen der Website sowie einige Ziffern und Zahlen. Cookies sind spezifisch f\u00fcr den Server, der sie erstellt hat, und k\u00f6nnen nicht von anderen Servern abgerufen werden, was bedeutet, dass sie nicht verwendet werden k\u00f6nnen, um Ihre Bewegungen im Web zu verfolgen.<\/p>\n<p>Die meisten Websites, die Sie besuchen, verwenden Cookies, um Ihre Nutzererfahrung zu verbessern, indem sie es der Website erm\u00f6glichen, sich an Sie zu erinnern, entweder f\u00fcr die Dauer Ihres Besuchs (mit einem &#8222;Sitzungs-Cookie&#8220;) oder f\u00fcr wiederholte Besuche (mit einem &#8222;dauerhaften Cookie&#8220;).<\/p>\n<p>Turkmenexporter.com verwendet Cookies aus verschiedenen Gr\u00fcnden, z.B. um anonyme, zusammengefasste Statistiken zu erstellen, die es uns erm\u00f6glichen, die Nutzung unserer Website zu verstehen und ihre Struktur und ihren Inhalt zu verbessern, sowie die Wirksamkeit von Werbekampagnen zu messen, zu testen und andere Zwecke zu erf\u00fcllen.<\/p>\n<p>Cookies k\u00f6nnen von der von Ihnen besuchten Website gesetzt werden (&#8222;First-Party-Cookies&#8220;) oder sie k\u00f6nnen von anderen Websites gesetzt werden, die Inhalte auf der von Ihnen besuchten Seite anbieten (&#8222;Third-Party-Cookies&#8220;).<\/p>\n<p>Wir verkaufen die durch Cookies gesammelten Informationen nicht und geben sie auch nicht an Dritte weiter, es sei denn, wir sind gesetzlich dazu verpflichtet (z. B. an Regierungsstellen und Strafverfolgungsbeh\u00f6rden).<\/p>\n<h2><strong>Welche Cookies verwenden wir?<\/strong><\/h2>\n<p><strong>Strengstens erforderlich.<\/strong> Diese Cookies sind unerl\u00e4sslich, damit unsere Website korrekt funktioniert und Sie unsere Funktionen nutzen k\u00f6nnen.<\/p>\n<ul>\n<li>Erfassen diese Cookies personenbezogene Daten\/identifizieren sie mich?<\/li>\n<li>Diese Cookies identifizieren Sie nicht als Individuum. Wenn Sie diese Cookies nicht akzeptieren, kann dies die Leistung der Website oder von Teilen davon beeintr\u00e4chtigen.<\/li>\n<\/ul>\n<p><strong>Leistungs-Cookies.<\/strong> Diese Cookies sammeln Informationen dar\u00fcber, wie Sie unsere Website nutzen, z. B. die auf unserer Website verbrachte Zeit und aufgetretene Probleme, wie Fehlermeldungen. Dies hilft uns, die Leistung unserer Website zu verbessern.<\/p>\n<ul>\n<li>Erfassen diese Cookies personenbezogene Daten\/identifizieren sie mich?<\/li>\n<li>Diese Cookies identifizieren Sie nicht als Individuum. Alle Informationen, die diese Cookies sammeln, sind aggregiert und daher anonym. Sie werden nur verwendet, um die Funktionsweise einer Website zu verbessern.<\/li>\n<\/ul>\n<p><strong>Funktionsweise Cookies.<\/strong> Diese Cookies erm\u00f6glichen es unseren Websites, sich an die von Ihnen getroffenen Auswahlen zu erinnern (z. B. Sprache), um Ihnen ein pers\u00f6nlicheres Online-Erlebnis zu bieten.<\/p>\n<ul>\n<li>Erfassen diese Cookies personenbezogene Daten\/identifizieren sie mich?<\/li>\n<li>Die von diesen Cookies gesammelten Informationen k\u00f6nnen personenbezogene Daten enthalten, die Sie uns mitgeteilt haben. Wenn Sie diese Cookies nicht akzeptieren, kann dies die Leistung und Funktionalit\u00e4t der Website beeintr\u00e4chtigen und den Zugang zu den Inhalten der Website einschr\u00e4nken.<\/li>\n<\/ul>\n<table width=\"690\">\n<thead>\n<tr>\n<td width=\"132\">\n<p><strong>Name<\/strong><\/p>\n<\/td>\n<td width=\"274\">\n<p><strong>Beschreibung<\/strong><\/p>\n<\/td>\n<td width=\"132\">\n<p><strong>Kategorie<\/strong><\/p>\n<\/td>\n<td width=\"151\">\n<p><strong>Verfall<\/strong><\/p>\n<\/td>\n<\/tr>\n<\/thead>\n<tbody>\n<tr>\n<td width=\"132\">\n<p>ymex<\/p>\n<\/td>\n<td width=\"274\">\n<p>Registriert Daten \u00fcber das Website-Verhalten der Besucher.<\/p>\n<\/td>\n<td width=\"132\">\n<p>Streng notwendig<\/p>\n<\/td>\n<td width=\"151\">\n<p>Ende der Browser-Sitzung<\/p>\n<\/td>\n<\/tr>\n<tr>\n<td width=\"132\">\n<p>yabs-sid<\/p>\n<\/td>\n<td width=\"274\">\n<p>Session ID<\/p>\n<\/td>\n<td width=\"132\">\n<p>Streng notwendig<\/p>\n<\/td>\n<td width=\"151\">\n<p>Ende der Browser-Sitzung<\/p>\n<\/td>\n<\/tr>\n<tr>\n<td width=\"132\">\n<p>yandexuid<\/p>\n<\/td>\n<td width=\"274\">\n<p>Registriert Daten \u00fcber das Website-Verhalten der Besucher<\/p>\n<\/td>\n<td width=\"132\">\n<p>Streng notwendig<\/p>\n<\/td>\n<td width=\"151\">\n<p>Ende der Browser-Sitzung<\/p>\n<\/td>\n<\/tr>\n<tr>\n<td width=\"132\">\n<p>i<\/p>\n<\/td>\n<td width=\"274\">\n<p>Dient der Identifizierung von Website-Benutzern<\/p>\n<\/td>\n<td width=\"132\">\n<p>Streng notwendig<\/p>\n<\/td>\n<td width=\"151\">\n<p>1 Minute<\/p>\n<\/td>\n<\/tr>\n<tr>\n<td width=\"132\">\n<p>_____dc<\/p>\n<\/td>\n<td width=\"274\">\n<p>Registriert Daten \u00fcber das Website-Verhalten der Besucher<\/p>\n<\/td>\n<td width=\"132\">\n<p>Streng notwendig<\/p>\n<\/td>\n<td width=\"151\">\n<p>1 Tag<\/p>\n<\/td>\n<\/tr>\n<tr>\n<td width=\"132\">\n<p>yuidss<\/p>\n<\/td>\n<td width=\"274\">\n<p>Sammelt Informationen \u00fcber das Besucherverhalten<\/p>\n<\/td>\n<td width=\"132\">\n<p>Streng notwendig<\/p>\n<\/td>\n<td width=\"151\">\n<p>2 Tage<\/p>\n<\/td>\n<\/tr>\n<tr>\n<td width=\"132\">\n<p>client_code<\/p>\n<\/td>\n<td width=\"274\">\n<p>Dient zur Unterscheidung von Benutzern<\/p>\n<\/td>\n<td width=\"132\">\n<p>Streng notwendig<\/p>\n<\/td>\n<td width=\"151\">\n<p>1 Monat<\/p>\n<\/td>\n<\/tr>\n<tr>\n<td width=\"132\">\n<p>_ym_visorc_61577842<\/p>\n<\/td>\n<td width=\"274\">\n<p>Registriert Daten \u00fcber das &#8218;Website-Verhalten&#8216; der Besucher<\/p>\n<\/td>\n<td width=\"132\">\n<p>Streng notwendig<\/p>\n<\/td>\n<td width=\"151\">\n<p>1 Monat<\/p>\n<\/td>\n<\/tr>\n<tr>\n<td width=\"132\">\n<p>_ym_isad<\/p>\n<\/td>\n<td width=\"274\">\n<p>Ermittelt, ob ein Benutzer Werbeblocker hat<\/p>\n<\/td>\n<td width=\"132\">\n<p>Streng notwendig<\/p>\n<\/td>\n<td width=\"151\">\n<p>2 Tage<\/p>\n<\/td>\n<\/tr>\n<tr>\n<td width=\"132\">\n<p>_ym_uid<\/p>\n<\/td>\n<td width=\"274\">\n<p>Dient der Identifizierung von Website-Benutzern<\/p>\n<\/td>\n<td width=\"132\">\n<p>Streng notwendig<\/p>\n<\/td>\n<td width=\"151\">\n<p>1 Jahr<\/p>\n<\/td>\n<\/tr>\n<tr>\n<td width=\"132\">\n<p>roistat_first_visit<\/p>\n<\/td>\n<td width=\"274\">\n<p>Dient zur Identifizierung von Website-Benutzern<\/p>\n<\/td>\n<td width=\"132\">\n<p>Streng notwendig<\/p>\n<\/td>\n<td width=\"151\">\n<p>1 Jahr<\/p>\n<\/td>\n<\/tr>\n<tr>\n<td width=\"132\">\n<p>roistat_marker_old<\/p>\n<\/td>\n<td width=\"274\">\n<p>Dient zur Identifizierung von Website-Benutzern<\/p>\n<\/td>\n<td width=\"132\">\n<p>Streng notwendig<\/p>\n<\/td>\n<td width=\"151\">\n<p>1 Jahr<\/p>\n<\/td>\n<\/tr>\n<tr>\n<td width=\"132\">\n<p>_ym_d<\/p>\n<\/td>\n<td width=\"274\">\n<p>Speichert das Datum der ersten Site-Sitzung des Benutzers<\/p>\n<\/td>\n<td width=\"132\">\n<p>Streng notwendig<\/p>\n<\/td>\n<td width=\"151\">\n<p>2 Jahre<\/p>\n<\/td>\n<\/tr>\n<tr>\n<td width=\"132\">\n<p>roistat_is_need_listen_requests<\/p>\n<\/td>\n<td width=\"274\">\n<p>Dient zur Identifizierung von Website-Benutzern<\/p>\n<\/td>\n<td width=\"132\">\n<p>Optional<\/p>\n<\/td>\n<td width=\"151\">\n<p>10 Jahre<\/p>\n<\/td>\n<\/tr>\n<tr>\n<td width=\"132\">\n<p>_ga<\/p>\n<\/td>\n<td width=\"274\">\n<p>Dient zur Unterscheidung von Benutzern<\/p>\n<\/td>\n<td width=\"132\">\n<p>Optional<\/p>\n<\/td>\n<td width=\"151\">\n<p>10 Jahre<\/p>\n<\/td>\n<\/tr>\n<tr>\n<td width=\"132\">\n<p>roistat_visit_cookie_expire<\/p>\n<\/td>\n<td width=\"274\">\n<p>Dient zur Identifizierung von Website-Benutzern<\/p>\n<\/td>\n<td width=\"132\">\n<p>Optional<\/p>\n<\/td>\n<td width=\"151\">\n<p>10 Jahre<\/p>\n<\/td>\n<\/tr>\n<tr>\n<td width=\"132\">\n<p>_gid<\/p>\n<\/td>\n<td width=\"274\">\n<p>Dient zur Unterscheidung von Benutzern<\/p>\n<\/td>\n<td width=\"132\">\n<p>Optional<\/p>\n<\/td>\n<td width=\"151\">\n<p>10 Jahre<\/p>\n<\/td>\n<\/tr>\n<tr>\n<td width=\"132\">\n<p>roistat_visit<\/p>\n<\/td>\n<td width=\"274\"> <\/td>\n<td width=\"132\">\n<p>Optional<\/p>\n<\/td>\n<td width=\"151\">\n<p>10 Jahre<\/p>\n<\/td>\n<\/tr>\n<\/tbody>\n<\/table>\n<p>Sie haben die M\u00f6glichkeit, die Speicherung Ihres anonymisierten Browserverlaufs in Analyse-Cookies auf unserer Website abzulehnen. Wir nehmen die Dienste der unten aufgef\u00fchrten Anbieter in Anspruch. Sie k\u00f6nnen mehr \u00fcber ihre Datenschutzpolitik lesen und herausfinden, wie Sie ihre analytischen Cookies ablehnen k\u00f6nnen, indem Sie auf die folgenden Links klicken:<\/p>\n<ul>\n<li>Google Analytics: <a href=\"http:\/\/www.google.com\/analytics\/learn\/privacy.html\" target=\"_blank\" rel=\"noopener\">http:\/\/www.google.com\/analytics\/learn\/privacy.html<\/a><\/li>\n<li>Metrica: <a href=\"https:\/\/metrica.yandex.com\/about\/info\/data-policy\/\" target=\"_blank\" rel=\"noopener\">https:\/\/metrica.yandex.com\/about\/info\/data-policy\/<\/a><\/li>\n<\/ul>\n<p>Sie k\u00f6nnen auch die Datenschutzrichtlinien der Dienste lesen, die wir zur Datenerfassung nutzen:<\/p>\n<ul>\n<li>Roistat: <a href=\"https:\/\/roistat.com\/ru\/privacy\" target=\"_blank\" rel=\"noopener\">https:\/\/roistat.com\/ru\/privacy<\/a><\/li>\n<li>Amocrm: <a href=\"https:\/\/www.amocrm.com\/privacy\/\" target=\"_blank\" rel=\"noopener\">https:\/\/www.amocrm.com\/privacy\/<\/a><\/li>\n<\/ul>\n<h2><strong>Dauer des von uns verwendeten Cookies<\/strong><\/h2>\n<p>Was die Dauer betrifft, so k\u00f6nnen wir auf unserer Website zwei verschiedene Arten von Cookies verwenden<\/p>\n<ul>\n<li>Session Cookies: Diese Cookies sind tempor\u00e4re Cookies, die auf Ihrem Ger\u00e4t verbleiben, bis Sie unsere Website verlassen; oder <\/li>\n<li>Persistente Cookies: Diese Cookies verbleiben sehr viel l\u00e4nger auf Ihrem Ger\u00e4t oder bis Sie sie manuell l\u00f6schen (wie lange das Cookie auf Ihrem Ger\u00e4t verbleibt, h\u00e4ngt von der Dauer oder &#8222;Lebensdauer&#8220; des jeweiligen Cookies sowie von Ihren Browsereinstellungen ab).<\/li>\n<\/ul>\n<h2><strong>Wie Sie Ihre Cookie-Einstellungen verwalten<\/strong><\/h2>\n<p>Es gibt verschiedene M\u00f6glichkeiten, wie Sie Ihre Cookie-Einstellungen verwalten und kontrollieren k\u00f6nnen. Bitte denken Sie daran, dass durch das L\u00f6schen oder Blockieren von Cookies einige Funktionen der Website m\u00f6glicherweise nicht richtig oder nicht so effektiv funktionieren.<\/p>\n<p>Deaktivieren von Cookies \u00fcber Ihren Webbrowser.<\/p>\n<p>Die meisten Webbrowser bieten Ihnen einige allgemeine Informationen \u00fcber Cookies, erm\u00f6glichen es Ihnen, zu sehen, welche Cookies auf Ihrem Ger\u00e4t gespeichert sind, erlauben es Ihnen, sie alle oder einzeln zu l\u00f6schen, und erm\u00f6glichen es Ihnen, Cookies f\u00fcr alle Websites oder einzelne ausgew\u00e4hlte Websites zu blockieren oder zuzulassen. Bitte beachten Sie, dass die von einem Browser oder Ger\u00e4t angebotenen Einstellungen oft nur f\u00fcr diesen speziellen Browser oder dieses Ger\u00e4t gelten.<\/p>\n<p>Weitere Informationen \u00fcber Cookies, einschlie\u00dflich Informationen dar\u00fcber, wie Sie sehen k\u00f6nnen, welche Cookies gesetzt wurden und wie Sie sie verwalten und l\u00f6schen k\u00f6nnen, finden Sie unter <a href=\"https:\/\/www.allaboutcookies.org\/\" target=\"_blank\" rel=\"noopener\">www.allaboutcookies.org.<\/a><\/p>\n\t\t\t\t\t\t\t\t<\/div>\n\t\t\t\t<\/div>\n\t\t\t\t<\/div>\n\t\t\t\t<\/div>\n\t\t\t\t\t<\/div>\n\t\t\t\t<\/div>\n\t\t\t\t<\/div>\n\t\t","protected":false},"excerpt":{"rendered":"<p>Cookie-Richtlinie Letzte Aktualisierung: 2024-19-12 Turkmenexporter.com respektiert Ihre Bedenken bez\u00fcglich des Datenschutzes und sch\u00e4tzt die Beziehung, die wir mit Ihnen haben. Wenn Sie unsere Website besuchen oder darauf zugreifen, verwenden wir Cookies, um Ihnen die beste Erfahrung und einen individuelleren Service zu bieten. Durch die Nutzung unserer Website erkl\u00e4ren Sie sich mit der Verwendung von Cookies [&hellip;]<\/p>\n","protected":false},"author":1,"featured_media":0,"parent":0,"menu_order":0,"comment_status":"closed","ping_status":"closed","template":"","meta":{"_acf_changed":false,"footnotes":""},"class_list":["post-2984","page","type-page","status-publish","hentry"],"acf":[],"_links":{"self":[{"href":"https:\/\/turkmenexporter.com\/de\/wp-json\/wp\/v2\/pages\/2984","targetHints":{"allow":["GET"]}}],"collection":[{"href":"https:\/\/turkmenexporter.com\/de\/wp-json\/wp\/v2\/pages"}],"about":[{"href":"https:\/\/turkmenexporter.com\/de\/wp-json\/wp\/v2\/types\/page"}],"author":[{"embeddable":true,"href":"https:\/\/turkmenexporter.com\/de\/wp-json\/wp\/v2\/users\/1"}],"replies":[{"embeddable":true,"href":"https:\/\/turkmenexporter.com\/de\/wp-json\/wp\/v2\/comments?post=2984"}],"version-history":[{"count":1,"href":"https:\/\/turkmenexporter.com\/de\/wp-json\/wp\/v2\/pages\/2984\/revisions"}],"predecessor-version":[{"id":2986,"href":"https:\/\/turkmenexporter.com\/de\/wp-json\/wp\/v2\/pages\/2984\/revisions\/2986"}],"wp:attachment":[{"href":"https:\/\/turkmenexporter.com\/de\/wp-json\/wp\/v2\/media?parent=2984"}],"curies":[{"name":"wp","href":"https:\/\/api.w.org\/{rel}","templated":true}]}}