{"id":3000,"date":"2023-12-19T13:53:39","date_gmt":"2023-12-19T08:53:39","guid":{"rendered":"https:\/\/turkmenexporter.com\/datenschutzbestimmungen\/"},"modified":"2024-02-03T02:58:37","modified_gmt":"2024-02-02T21:58:37","slug":"datenschutzbestimmungen","status":"publish","type":"page","link":"https:\/\/turkmenexporter.com\/de\/datenschutzbestimmungen\/","title":{"rendered":"Datenschutzbestimmungen"},"content":{"rendered":"\t\t<div data-elementor-type=\"wp-page\" data-elementor-id=\"3000\" class=\"elementor elementor-3000 elementor-1951\" data-elementor-post-type=\"page\">\n\t\t\t\t<div class=\"elementor-element elementor-element-5f4f763 e-flex e-con-boxed e-con e-parent\" data-id=\"5f4f763\" data-element_type=\"container\" data-e-type=\"container\" data-settings=\"{&quot;background_background&quot;:&quot;classic&quot;}\">\n\t\t\t\t\t<div class=\"e-con-inner\">\n\t\t<div class=\"elementor-element elementor-element-4ebc213 e-con-full e-flex e-con e-child\" data-id=\"4ebc213\" data-element_type=\"container\" data-e-type=\"container\" data-settings=\"{&quot;background_background&quot;:&quot;classic&quot;}\">\n\t\t\t\t<div class=\"elementor-element elementor-element-12232c0 elementor-widget elementor-widget-heading\" data-id=\"12232c0\" data-element_type=\"widget\" data-e-type=\"widget\" data-widget_type=\"heading.default\">\n\t\t\t\t<div class=\"elementor-widget-container\">\n\t\t\t\t\t<h1 class=\"elementor-heading-title elementor-size-default\">Datenschutzbestimmungen  <\/h1>\t\t\t\t<\/div>\n\t\t\t\t<\/div>\n\t\t<div class=\"elementor-element elementor-element-c01eb33 e-con-full e-flex e-con e-child\" data-id=\"c01eb33\" data-element_type=\"container\" data-e-type=\"container\" data-settings=\"{&quot;background_background&quot;:&quot;classic&quot;}\">\n\t\t\t\t<div class=\"elementor-element elementor-element-35e887c elementor-widget elementor-widget-text-editor\" data-id=\"35e887c\" data-element_type=\"widget\" data-e-type=\"widget\" data-widget_type=\"text-editor.default\">\n\t\t\t\t<div class=\"elementor-widget-container\">\n\t\t\t\t\t\t\t\t\t<p>Letzte Aktualisierung: 19-12-2024<\/p>\n<p>Willkommen bei den Datenschutzbestimmungen f\u00fcr turkmenexporter.com! Hier erkl\u00e4ren wir, welche Daten wir erfassen, wenn Sie unsere Website besuchen und nutzen. Wir erkl\u00e4ren auch, warum wir diese Daten sammeln und an wen wir sie weitergeben. Bitte lesen Sie dies durch und kontaktieren Sie uns, wenn Sie Fragen zu diesem Dokument haben.<\/p>\n<p>Turkmenexporter.com, &#8222;<strong>wir<\/strong>&#8220; oder &#8222;<strong>uns<\/strong>&#8220; verpflichtet sich zum Schutz der pers\u00f6nlichen Daten, die von den &#8222;<strong>Besuchern<\/strong>&#8220; der Website turkmenexporter.com &#8222;Website&#8220; gesammelt oder erhalten werden. Wir sind registriert in Archabil shayoly 54, Ashgabat, Turkmenistan.<\/p>\n<p>In dieser<strong>Datenschutzrichtlinie<\/strong>erl\u00e4utern wir, wie Ihre personenbezogenen Daten, d. h. alle Informationen, die sich auf Sie als identifizierte oder identifizierbare nat\u00fcrliche Person beziehen (<strong>personenbezogene Daten<\/strong>&#8222;) und die wir \u00fcber Sie gespeichert haben, erhoben, verwendet, gespeichert, weitergegeben und entfernt werden (alles zusammen wird als<strong>Verarbeitung<\/strong>&#8220; bezeichnet).<\/p>\n<p>Diese Richtlinie gilt nur f\u00fcr Informationen, die wir verarbeiten, wenn Sie unsere Website nutzen. Sie gilt nicht f\u00fcr die Praktiken von Unternehmen, die wir nicht besitzen oder kontrollieren, oder f\u00fcr Mitarbeiter, die wir nicht f\u00fchren. Bitte stellen Sie uns keine pers\u00f6nlichen Daten zur Verf\u00fcgung, wenn Sie nicht m\u00f6chten, dass diese Informationen von uns auf diese Weise verwendet werden.<\/p>\n<p>Wir k\u00f6nnen diese Richtlinie von Zeit zu Zeit aktualisieren und werden Sie \u00fcber \u00c4nderungen an dieser Richtlinie, die Ihre Rechte betreffen, durch Ver\u00f6ffentlichung auf unserer Website informieren. Die \u00c4nderungen treten in Kraft, sobald sie auf der Seite mit den Richtlinien ver\u00f6ffentlicht werden.<\/p>\n<ol>\n<li><strong>\u00dcbersicht<\/strong><\/li>\n<\/ol>\n<p>Wir k\u00f6nnen Informationen in \u00dcbereinstimmung mit dem Data Protection Act 2018 (DPA) und anderen relevanten Gesetzen und Vorschriften sammeln, speichern und verwenden.<\/p>\n<p>F\u00fcr die Zwecke des DSG sind wir der Datenverantwortliche f\u00fcr alle personenbezogenen Daten, die wir \u00fcber Sie verarbeiten.<\/p>\n<ol start=\"2\">\n<li><strong>Welche personenbezogenen Daten werden erhoben und zu welchem Zweck?<\/strong><\/li>\n<\/ol>\n<p>Bei jedem Ihrer Besuche auf der Website werden wir automatisch die folgenden personenbezogenen Daten erfassen:<\/p>\n<ul>\n<li>Technische Informationen, einschlie\u00dflich der IP-Adresse (Internet Protocol), mit der Ihr Computer mit dem Internet verbunden ist, Browsertyp und -version, Zeitzoneneinstellung, Browser-Plug-in-Typen und -Versionen, Betriebssystem und Plattform;<\/li>\n<li>Informationen \u00fcber Ihren Besuch auf der Website, einschlie\u00dflich des vollst\u00e4ndigen Uniform Resource Locators (URL) Clickstreams zu, durch und von der Website (einschlie\u00dflich Datum und Uhrzeit); Produkte, die Sie angesehen oder nach denen Sie gesucht haben; Download-Fehler, Dauer der Besuche auf der Website und Methoden, mit denen Sie die Seite verlassen haben.<\/li>\n<\/ul>\n<p>Wir sammeln diese Informationen, um unsere Website zu verbessern, unsere administrativen Zwecke zu erf\u00fcllen, unsere Gesch\u00e4ftsinteressen zu sch\u00fctzen sowie f\u00fcr Marktforschung, Analysen, Tests und \u00dcberwachung.<\/p>\n<p>F\u00fcr weitere Informationen lesen Sie bitte unsere <u><a href=\"https:\/\/turkmenexporter.com\/de\/cookie-richtlinie\/\">Cookie-Richtlinie<\/a>.<\/u><\/p>\n<p>Wir erfassen Ihre Telefonnummer, wenn Sie eine Verbindungsanfrage stellen m\u00f6chten. Wir erheben diese personenbezogenen Daten, um mit Ihnen in Kontakt zu treten und zu kommunizieren, aber auch f\u00fcr unsere eigenen internen Aufzeichnungsanforderungen.<\/p>\n<p>Wenn Sie der Verwendung Ihrer personenbezogenen Daten zur Erf\u00fcllung eines der oben genannten Zwecke widersprechen m\u00f6chten, nehmen Sie bitte Kontakt mit uns auf. Auch wenn Ihre Entscheidung, uns Ihre personenbezogenen Daten zur Verf\u00fcgung zu stellen, im Allgemeinen freiwillig ist, k\u00f6nnen wir einige der in dieser Richtlinie genannten Zwecke m\u00f6glicherweise nicht erf\u00fcllen, wenn Sie uns bestimmte Informationen nicht zur Verf\u00fcgung stellen. Zum Beispiel k\u00f6nnen wir Sie nicht kontaktieren, wenn wir Ihre Telefonnummer nicht kennen.<\/p>\n<p>Andere Arten von personenbezogenen Daten k\u00f6nnen wir nur in Ausnahmef\u00e4llen erfassen. Wenn wir zus\u00e4tzliche Arten personenbezogener Daten \u00fcber Sie verarbeiten m\u00fcssen, stellen wir sicher, dass Sie \u00fcber die Verarbeitung Ihrer personenbezogenen Daten informiert werden und dass es eine g\u00fcltige Rechtsgrundlage daf\u00fcr gibt (z. B. Ihre Einwilligung).<\/p>\n<ol start=\"3\">\n<li><strong>Was ist die Rechtsgrundlage f\u00fcr die Verwendung der personenbezogenen Daten?<\/strong>\n<ul>\n<li>Berechtigte Interessen: Soweit wir dies zur Verfolgung unserer eigenen berechtigten Interessen ben\u00f6tigen, insbesondere:\n<ul>\n<li>um mit Ihnen zu kommunizieren;<\/li>\n<li>um uns bei der \u00dcberwachung, Verbesserung, Verwaltung und dem Schutz unserer Website zu helfen;<\/li>\n<li>um die Wirksamkeit der Werbung, die wir Ihnen und anderen anbieten, zu messen oder zu verstehen.<\/li>\n<\/ul>\n<\/li>\n<li>Einverst\u00e4ndnis: Unter den folgenden Bedingungen werden wir Sie kontaktieren und Ihnen ein Gesch\u00e4ftsangebot unterbreiten. Diese werden nur versandt, wenn Sie uns Ihr Einverst\u00e4ndnis dazu gegeben haben.<\/li>\n<\/ul>\n<\/li>\n<li><strong>Wie sch\u00fctzen wir Ihre pers\u00f6nlichen Daten?<\/strong><\/li>\n<\/ol>\n<p>Wir wissen, wie wichtig es ist, Ihre pers\u00f6nlichen Daten zu sch\u00fctzen. Wir haben eine Reihe von technischen, organisatorischen und administrativen Ma\u00dfnahmen ergriffen, um die Vertraulichkeit, Integrit\u00e4t, Verf\u00fcgbarkeit und den Schutz Ihrer pers\u00f6nlichen Daten zu gew\u00e4hrleisten und Ihre pers\u00f6nlichen Daten vor Verlust, Diebstahl, unbefugtem Zugriff, Missbrauch, Ver\u00e4nderung oder Zerst\u00f6rung zu sch\u00fctzen, die in der Branche allgemein anerkannt sind, um die pers\u00f6nlichen Daten in ihrem Besitz zu sch\u00fctzen. So sind unsere IT-Systeme beispielsweise durch Firewalls, regelm\u00e4\u00dfige Software-Updates und Virenschutz gesch\u00fctzt. Wenn wir von einer Datenschutzverletzung erfahren, werden wir das B\u00fcro des Informationskommissars rechtzeitig benachrichtigen. Wir k\u00f6nnen Sie auch benachrichtigen, wenn wir glauben, dass es sich um eine schwerwiegende Verletzung handelt.<\/p>\n<ol start=\"5\">\n<li><strong>Wie lange bewahren wir Ihre personenbezogenen Daten auf?<\/strong><\/li>\n<\/ol>\n<p>Gem\u00e4\u00df den Datenschutzgesetzen d\u00fcrfen wir Ihre personenbezogenen Daten nicht l\u00e4nger in einer Form aufbewahren, die Sie identifiziert, als es f\u00fcr die Erf\u00fcllung der Zwecke, f\u00fcr die wir sie gesammelt haben, erforderlich ist. Dies kann auch zur Erf\u00fcllung rechtlicher, buchhalterischer oder meldepflichtiger Anforderungen geschehen.<\/p>\n<p>Wir speichern Ihre Telefonnummer f\u00fcr 1 (ein) Jahr.<\/p>\n<p>Um zu bestimmen, wie lange wir Ihre personenbezogenen Daten speichern, ber\u00fccksichtigen wir, warum wir Ihre personenbezogenen Daten weiterhin speichern m\u00fcssen, ob wir das gleiche Ergebnis erzielen k\u00f6nnen, ohne Zugang zu Ihren Daten zu haben, und welches potenzielle Risiko besteht, wenn es zu einer Datenschutzverletzung kommt, die Ihre Daten betrifft.<\/p>\n<p>Was die technischen Informationen und die Informationen \u00fcber Ihren Besuch auf der Website betrifft, so anonymisieren wir diese Daten, was bedeutet, dass sie nicht mehr mit Ihnen in Verbindung gebracht werden. Dies geschieht zu statistischen oder Forschungszwecken, damit wir die Website, die wir Ihnen anbieten, verbessern k\u00f6nnen. Wir k\u00f6nnen anonyme Daten auf unbestimmte Zeit verwenden, ohne Sie davon in Kenntnis zu setzen.<\/p>\n<ol start=\"6\">\n<li><strong>An wen werden Ihre pers\u00f6nlichen Daten weitergegeben?<\/strong><\/li>\n<\/ol>\n<p>Wir k\u00f6nnen Ihre pers\u00f6nlichen Daten weitergeben an:<\/p>\n<ul>\n<li>Sie oder diejenigen, die in Ihrem Namen handeln;<\/li>\n<li>Unternehmen oder andere Einrichtungen innerhalb unserer Gruppe, die unter gemeinsamer Kontrolle stehen, zu den in dieser Richtlinie beschriebenen Zwecken und immer in \u00dcbereinstimmung mit den Bedingungen dieser Richtlinie;<\/li>\n<li>an Dritte, die nach unserer Auffassung gesetzlich zur Offenlegung der Informationen verpflichtet sind; und<\/li>\n<li>An Dritte, um unsere Rechte oder die Rechte oder die Sicherheit Dritter zu sch\u00fctzen und zu verteidigen, einschlie\u00dflich der Verteidigung gegen rechtliche Anspr\u00fcche.<\/li>\n<\/ul>\n<p>Diese Weitergabe erfolgt zu den oben genannten Zwecken oder zur Erf\u00fcllung bestimmter rechtlicher Verpflichtungen, denen wir unterliegen.<\/p>\n<p>Wir verwenden geeignete Schutzma\u00dfnahmen, um personenbezogene Daten zu sch\u00fctzen, die in L\u00e4nder au\u00dferhalb des Europ\u00e4ischen Wirtschaftsraums \u00fcbermittelt werden, die ein geringeres Schutzniveau f\u00fcr personenbezogene Daten bieten.<\/p>\n<\/p>\n<ol start=\"7\">\n<li><strong>Internationale Daten\u00fcbertragungen<\/strong><\/li>\n<\/ol>\n<p>Wir speichern Ihre Daten haupts\u00e4chlich innerhalb des Europ\u00e4ischen Wirtschaftsraums. Einige Funktionen und Anforderungen k\u00f6nnen jedoch die \u00dcbermittlung Ihrer Daten an Dritte au\u00dferhalb des Europ\u00e4ischen Wirtschaftsraums erfordern. Wir haben alle diese Dritten oben im Abschnitt &#8222;An wen werden Ihre personenbezogenen Daten weitergegeben?&#8220; beschrieben. Wenn diese Dritten nicht in einem Land ans\u00e4ssig sind, das ein angemessenes Schutzniveau im Sinne der Verordnung (EU) 2016\/679 gew\u00e4hrleistet, wie z. B. die Vereinigten Staaten, unterliegen die \u00dcbermittlungen den von der Europ\u00e4ischen Kommission angenommenen Standarddatenschutzklauseln oder einem anderen geeigneten Schutzmechanismus wie dem Privacy Shield Framework.<\/p>\n<ol start=\"8\">\n<li><strong>Ihre Rechte in Bezug auf Ihre pers\u00f6nlichen Daten<\/strong><\/li>\n<\/ol>\n<p>Hier haben wir die wichtigsten Rechte zusammengefasst, die Sie nach dem Datenschutzrecht haben. Einige der Rechte sind komplex und k\u00f6nnen je nach Rechtsgrundlage f\u00fcr die Verarbeitung der Daten Einschr\u00e4nkungen enthalten, und nicht alle Einzelheiten wurden in unsere Zusammenfassungen aufgenommen. So k\u00f6nnen Sie beispielsweise nicht verlangen, dass wir alle Ihre Daten l\u00f6schen, wenn Sie ein Produkt von uns gekauft haben, da sie f\u00fcr den von Ihnen abgeschlossenen Vertrag erforderlich sind. Wir werden Ihnen stets die Rechtsgrundlage daf\u00fcr mitteilen. Dementsprechend sollten Sie die einschl\u00e4gigen Gesetze und Leitlinien der Regulierungsbeh\u00f6rden lesen, um eine umfassende Erl\u00e4uterung dieser Rechte zu erhalten.<\/p>\n<p>Ihre wichtigsten datenschutzrechtlichen Rechte sind:<\/p>\n<ul>\n<li>das Recht auf Zugang;<\/li>\n<\/ul>\n<p>Sie haben das Recht, eine Best\u00e4tigung dar\u00fcber zu erhalten, ob wir Ihre personenbezogenen Daten verarbeiten oder nicht, und, falls dies der Fall ist, Zugang zu den personenbezogenen Daten zu erhalten. Sofern die Rechte und Freiheiten anderer nicht beeintr\u00e4chtigt werden, stellen wir Ihnen eine Kopie Ihrer personenbezogenen Daten zur Verf\u00fcgung. Das erste Exemplar wird kostenlos zur Verf\u00fcgung gestellt, f\u00fcr weitere Exemplare kann jedoch eine angemessene Geb\u00fchr erhoben werden. Sie k\u00f6nnen Ihre pers\u00f6nlichen Daten anfordern, indem Sie sich an unseren Kundendienst wenden.<\/p>\n<ul>\n<li>das Recht auf Berichtigung;<\/li>\n<\/ul>\n<p>Sie haben das Recht, unrichtige personenbezogene Daten \u00fcber Sie berichtigen zu lassen und unter Ber\u00fccksichtigung der Zwecke der Verarbeitung unvollst\u00e4ndige personenbezogene Daten \u00fcber Sie vervollst\u00e4ndigen zu lassen.<\/p>\n<ul>\n<li>das Recht auf L\u00f6schung;<\/li>\n<\/ul>\n<p>Sie haben das Recht auf die L\u00f6schung Ihrer personenbezogenen Daten. Wir haben unsere Politik zur Aufbewahrung und L\u00f6schung personenbezogener Daten oben in Abschnitt 5 beschrieben.<\/p>\n<ul>\n<li>das Recht, der Verarbeitung zu widersprechen;<\/li>\n<\/ul>\n<p>Sie haben das Recht, aus Gr\u00fcnden, die sich aus Ihrer besonderen Situation ergeben, gegen die Verarbeitung Ihrer personenbezogenen Daten Widerspruch einzulegen, jedoch nur insoweit, als die Rechtsgrundlage f\u00fcr die Verarbeitung darin besteht, dass die Verarbeitung f\u00fcr die Wahrnehmung einer Aufgabe, die im \u00f6ffentlichen Interesse liegt oder in Aus\u00fcbung \u00f6ffentlicher Gewalt erfolgt, die uns \u00fcbertragen wurde, oder zur Wahrung unserer berechtigten Interessen oder der eines Dritten erforderlich ist. Wenn Sie einen solchen Widerspruch einlegen, werden wir die Verarbeitung der personenbezogenen Daten einstellen, es sei denn, wir k\u00f6nnen zwingende legitime Gr\u00fcnde f\u00fcr die Verarbeitung nachweisen, die Ihre Interessen, Rechte und Freiheiten \u00fcberwiegen, oder die Verarbeitung dient der Begr\u00fcndung, Aus\u00fcbung oder Verteidigung von Rechtsanspr\u00fcchen.<\/p>\n<ul>\n<li>das Recht auf Daten\u00fcbertragbarkeit;<\/li>\n<\/ul>\n<p>Soweit die Rechtsgrundlage f\u00fcr die Verarbeitung Ihrer personenbezogenen Daten durch uns die Einwilligung ist und diese Verarbeitung mit automatisierten Mitteln erfolgt, haben Sie das Recht, Ihre personenbezogenen Daten von uns in einem strukturierten, g\u00e4ngigen und maschinenlesbaren Format zu erhalten. Dieses Recht gilt jedoch nicht, wenn es die Rechte und Freiheiten anderer beeintr\u00e4chtigen w\u00fcrde.<\/p>\n<ul>\n<li>das Recht, sich bei einer Aufsichtsbeh\u00f6rde zu beschweren;<\/li>\n<\/ul>\n<p>Wenn Sie der Ansicht sind, dass unsere Verarbeitung Ihrer personenbezogenen Daten gegen die Datenschutzgesetze verst\u00f6\u00dft, haben Sie das Recht, eine Beschwerde bei einer f\u00fcr den Datenschutz zust\u00e4ndigen Aufsichtsbeh\u00f6rde einzureichen. Sie k\u00f6nnen dies in dem EU-Mitgliedstaat tun, in dem Sie Ihren gew\u00f6hnlichen Aufenthalt haben, in dem Sie arbeiten oder in dem sich der mutma\u00dfliche Versto\u00df ereignet hat.<\/p>\n<ul>\n<li>das Recht, die Zustimmung zu widerrufen.<\/li>\n<\/ul>\n<p>Soweit die Rechtsgrundlage f\u00fcr die Verarbeitung Ihrer personenbezogenen Daten durch uns auf einer Einwilligung beruht, haben Sie das Recht, diese Einwilligung jederzeit zu widerrufen. Durch den Widerruf wird die Rechtm\u00e4\u00dfigkeit der Verarbeitung vor dem Widerruf nicht ber\u00fchrt.<\/p>\n<p>Sie k\u00f6nnen jedes Ihrer Rechte in Bezug auf Ihre personenbezogenen Daten aus\u00fcben, indem Sie sich an unseren Kundendienst wenden.<\/p>\n<ol start=\"9\">\n<li><strong>Ihr Recht, eine Beschwerde beim B\u00fcro des Informationsbeauftragten einzureichen<\/strong><\/li>\n<\/ol>\n<p>Sie haben das Recht, sich beim Information Commissioner&#8217;s Office (ICO) zu beschweren, wenn Sie der Meinung sind, dass wir Ihre Anfrage nicht angemessen bearbeitet haben. Wir ermutigen Sie jedoch, sich mit uns in Verbindung zu setzen, bevor Sie eine Beschwerde einreichen, und wir werden uns bem\u00fchen, alle Probleme oder Bedenken, die Sie haben, zu l\u00f6sen.<br \/>Informationen zur Kontaktaufnahme mit der ICO finden Sie auf deren Website unter <a href=\"https:\/\/www.ico.org.uk\/\" target=\"_blank\" rel=\"noopener\">www.ico.org.uk.<\/a><\/p>\n<ol start=\"10\">\n<li><strong>Aktualisierungen der Politik<\/strong><\/li>\n<\/ol>\n<p>Diese Richtlinie kann jederzeit und ohne vorherige Ank\u00fcndigung nach unserem alleinigen Ermessen \u00fcberarbeitet, ge\u00e4ndert, aktualisiert und\/oder erg\u00e4nzt werden. Wenn wir dies tun, werden wir eine Mitteilung auf der Hauptseite unserer Website ver\u00f6ffentlichen und das aktualisierte Datum oben auf dieser Seite \u00e4ndern. Wir empfehlen Ihnen, diese Seite regelm\u00e4\u00dfig auf \u00c4nderungen zu \u00fcberpr\u00fcfen, um auf dem Laufenden zu bleiben, wie wir die von uns erfassten personenbezogenen Daten sch\u00fctzen. Jeder Besucher muss anerkennen und zustimmen, dass es in seiner pers\u00f6nlichen Verantwortung liegt, diese Richtlinie regelm\u00e4\u00dfig zu \u00fcberpr\u00fcfen und sich \u00fcber \u00c4nderungen zu informieren.<br \/>Durch die Nutzung unserer Website erkl\u00e4ren Sie automatisch Ihr Einverst\u00e4ndnis mit dieser Politik. Wenn Sie mit dieser Richtlinie nicht einverstanden sind, bitten wir Sie, unsere Website nicht zu nutzen.<\/p>\n<ol start=\"11\">\n<li><strong>Wie k\u00f6nnen Sie uns kontaktieren?<\/strong><\/li>\n<\/ol>\n<p>Wenn Sie Fragen zu dieser Richtlinie haben, die \u00fcber Sie gespeicherten Informationen aktualisieren oder eines der genannten Rechte aus\u00fcben m\u00f6chten, k\u00f6nnen Sie dies tun:<\/p>\n<p>Senden Sie uns eine E-Mail: <a href=\"info@kudretmakine.com\">info@turkmenexporter.com<\/a><\/p>\n<p>Schreiben Sie uns: Archabil shayoly 54, Ashgabat, Turkmenistan.<\/p><\/p>\n\t\t\t\t\t\t\t\t<\/div>\n\t\t\t\t<\/div>\n\t\t\t\t<\/div>\n\t\t\t\t<\/div>\n\t\t\t\t\t<\/div>\n\t\t\t\t<\/div>\n\t\t\t\t<\/div>\n\t\t","protected":false},"excerpt":{"rendered":"<p>Datenschutzbestimmungen Letzte Aktualisierung: 19-12-2024 Willkommen bei den Datenschutzbestimmungen f\u00fcr turkmenexporter.com! Hier erkl\u00e4ren wir, welche Daten wir erfassen, wenn Sie unsere Website besuchen und nutzen. Wir erkl\u00e4ren auch, warum wir diese Daten sammeln und an wen wir sie weitergeben. Bitte lesen Sie dies durch und kontaktieren Sie uns, wenn Sie Fragen zu diesem Dokument haben. Turkmenexporter.com, [&hellip;]<\/p>\n","protected":false},"author":1,"featured_media":0,"parent":0,"menu_order":0,"comment_status":"closed","ping_status":"closed","template":"","meta":{"_acf_changed":false,"footnotes":""},"class_list":["post-3000","page","type-page","status-publish","hentry"],"acf":[],"_links":{"self":[{"href":"https:\/\/turkmenexporter.com\/de\/wp-json\/wp\/v2\/pages\/3000","targetHints":{"allow":["GET"]}}],"collection":[{"href":"https:\/\/turkmenexporter.com\/de\/wp-json\/wp\/v2\/pages"}],"about":[{"href":"https:\/\/turkmenexporter.com\/de\/wp-json\/wp\/v2\/types\/page"}],"author":[{"embeddable":true,"href":"https:\/\/turkmenexporter.com\/de\/wp-json\/wp\/v2\/users\/1"}],"replies":[{"embeddable":true,"href":"https:\/\/turkmenexporter.com\/de\/wp-json\/wp\/v2\/comments?post=3000"}],"version-history":[{"count":3,"href":"https:\/\/turkmenexporter.com\/de\/wp-json\/wp\/v2\/pages\/3000\/revisions"}],"predecessor-version":[{"id":3004,"href":"https:\/\/turkmenexporter.com\/de\/wp-json\/wp\/v2\/pages\/3000\/revisions\/3004"}],"wp:attachment":[{"href":"https:\/\/turkmenexporter.com\/de\/wp-json\/wp\/v2\/media?parent=3000"}],"curies":[{"name":"wp","href":"https:\/\/api.w.org\/{rel}","templated":true}]}}