{"id":6763,"date":"2024-03-20T01:42:30","date_gmt":"2024-03-19T20:42:30","guid":{"rendered":"https:\/\/turkmenexporter.com\/rueckerstattungs-und-rueckgabebestimmungen\/"},"modified":"2024-03-20T02:32:46","modified_gmt":"2024-03-19T21:32:46","slug":"rueckerstattungs-und-rueckgabebestimmungen","status":"publish","type":"page","link":"https:\/\/turkmenexporter.com\/de\/rueckerstattungs-und-rueckgabebestimmungen\/","title":{"rendered":"R\u00fcckerstattungs- und R\u00fcckgabebestimmungen"},"content":{"rendered":"\t\t<div data-elementor-type=\"wp-page\" data-elementor-id=\"6763\" class=\"elementor elementor-6763 elementor-6751\" data-elementor-post-type=\"page\">\n\t\t\t\t<div class=\"elementor-element elementor-element-7d5a86b e-flex e-con-boxed e-con e-parent\" data-id=\"7d5a86b\" data-element_type=\"container\" data-e-type=\"container\">\n\t\t\t\t\t<div class=\"e-con-inner\">\n\t\t\t\t<div class=\"elementor-element elementor-element-88a8dc2 elementor-widget elementor-widget-text-editor\" data-id=\"88a8dc2\" data-element_type=\"widget\" data-e-type=\"widget\" data-widget_type=\"text-editor.default\">\n\t\t\t\t<div class=\"elementor-widget-container\">\n\t\t\t\t\t\t\t\t\t<p><strong>R\u00fcckgabe- und Erstattungsbedingungen<\/strong><\/p>\n<p>Bei TurkmenExporter.com bem\u00fchen wir uns, die Zufriedenheit unserer Kunden mit jedem Kauf zu gew\u00e4hrleisten. Wenn Sie mit Ihrem Kauf nicht ganz zufrieden sind, helfen wir Ihnen gerne weiter. Bitte lesen Sie unsere R\u00fcckgabe- und Erstattungsrichtlinien sorgf\u00e4ltig durch, um sich \u00fcber Ihre Rechte und Pflichten bei der R\u00fcckgabe von auf unserer Website gekauften Artikeln zu informieren.<\/p>\n<p><strong>R\u00fcckgabeprozess:<\/strong><\/p>\n<ol>\n<li><strong>Kontaktieren Sie uns:<\/strong> Bevor Sie eine R\u00fccksendung einleiten, wenden Sie sich bitte innerhalb von 1 Tag nach Erhalt Ihrer Bestellung an unseren Kundendienst, um uns \u00fcber das Problem zu informieren und eine R\u00fccksendegenehmigung anzufordern.<\/li>\n<li><strong>R\u00fccksendegenehmigung:<\/strong> Sobald Ihr R\u00fccksendeantrag genehmigt ist, erhalten Sie eine R\u00fccksendegenehmigungsnummer (RA) und Anweisungen, wie mit der R\u00fccksendung zu verfahren ist.<\/li>\n<li><strong>Verpacken Sie Ihren Artikel:<\/strong> Verpacken Sie den Artikel sicher in der Originalverpackung und vergewissern Sie sich, dass alle Zubeh\u00f6rteile und die Dokumentation enthalten sind.<\/li>\n<li><strong>Versand:<\/strong> Sie sind verantwortlich f\u00fcr den Versand des Artikels zur\u00fcck zu uns. Wir empfehlen die Verwendung einer verfolgbaren Versandmethode, um sicherzustellen, dass Ihre R\u00fccksendung uns sicher erreicht.<\/li>\n<li><strong>Pr\u00fcfung:<\/strong> Nach Erhalt der zur\u00fcckgesandten Ware wird unser Team diese pr\u00fcfen, um sicherzustellen, dass sie unseren R\u00fcckgabekriterien entspricht (siehe unten).<\/li>\n<li><strong>R\u00fcckerstattung oder Umtausch:<\/strong> Wenn der Artikel unsere R\u00fcckgabekriterien erf\u00fcllt, werden wir Ihre R\u00fcckerstattung oder Ihren Umtausch nach Ihren W\u00fcnschen bearbeiten.<\/li>\n<\/ol>\n<p><strong>Erstattungsverfahren:<\/strong><\/p>\n<ol>\n<li><strong>R\u00fcckerstattungsmethode:<\/strong> R\u00fcckerstattungen werden in der gleichen Form der Zahlung f\u00fcr den urspr\u00fcnglichen Kauf verwendet werden.<\/li>\n<li><strong>Bearbeitungszeit:<\/strong> Bitte rechnen Sie je nach Zahlungsmethode und Finanzinstitut mit einer Bearbeitungszeit von 5 Werktagen, bis Ihre R\u00fcckerstattung bearbeitet und auf Ihrem Konto ausgewiesen ist.<\/li>\n<\/ol>\n<p><strong>Kundenanforderungen:<\/strong><\/p>\n<ol>\n<li><strong>R\u00fcckgabefenster:<\/strong> Sie m\u00fcssen den R\u00fcckgabeprozess innerhalb von 3 Tagen nach Erhalt Ihrer Bestellung einleiten.<\/li>\n<li><strong>Produktzustand:<\/strong> Zur\u00fcckgegebene Artikel m\u00fcssen sich in ihrem urspr\u00fcnglichen Zustand befinden, unbenutzt und mit allen Etiketten und Anh\u00e4ngern versehen sein. Jegliche Anzeichen von Verschlei\u00df, Besch\u00e4digung oder Ver\u00e4nderung k\u00f6nnen dazu f\u00fchren, dass die R\u00fcckgabe verweigert wird.<\/li>\n<li><strong>R\u00fcckgabegrund:<\/strong> Wir akzeptieren R\u00fcckgaben aus Gr\u00fcnden wie Produktm\u00e4ngeln, falsch erhaltenen Artikeln und anderen im Vertrag angegebenen Gr\u00fcnden.<\/li>\n<\/ol>\n<p><strong>Vertragliche Vereinbarung:<\/strong><\/p>\n<p>F\u00fcr jedes spezifische Produkt, das bei TurkmenExporter.com gekauft wird, wird ein Vertrag erstellt, der die Einzelheiten unserer R\u00fcckgabe- und Erstattungspolitik enth\u00e4lt. Mit dem Abschluss des Kaufs erkl\u00e4ren Sie sich damit einverstanden, die im Vertrag festgelegten Bedingungen einzuhalten.<\/p><\/p>\n\t\t\t\t\t\t\t\t<\/div>\n\t\t\t\t<\/div>\n\t\t\t\t\t<\/div>\n\t\t\t\t<\/div>\n\t\t\t\t<\/div>\n\t\t","protected":false},"excerpt":{"rendered":"<p>R\u00fcckgabe- und Erstattungsbedingungen Bei TurkmenExporter.com bem\u00fchen wir uns, die Zufriedenheit unserer Kunden mit jedem Kauf zu gew\u00e4hrleisten. Wenn Sie mit Ihrem Kauf nicht ganz zufrieden sind, helfen wir Ihnen gerne weiter. Bitte lesen Sie unsere R\u00fcckgabe- und Erstattungsrichtlinien sorgf\u00e4ltig durch, um sich \u00fcber Ihre Rechte und Pflichten bei der R\u00fcckgabe von auf unserer Website gekauften [&hellip;]<\/p>\n","protected":false},"author":1,"featured_media":0,"parent":0,"menu_order":0,"comment_status":"closed","ping_status":"closed","template":"","meta":{"_acf_changed":false,"footnotes":""},"class_list":["post-6763","page","type-page","status-publish","hentry"],"acf":[],"_links":{"self":[{"href":"https:\/\/turkmenexporter.com\/de\/wp-json\/wp\/v2\/pages\/6763","targetHints":{"allow":["GET"]}}],"collection":[{"href":"https:\/\/turkmenexporter.com\/de\/wp-json\/wp\/v2\/pages"}],"about":[{"href":"https:\/\/turkmenexporter.com\/de\/wp-json\/wp\/v2\/types\/page"}],"author":[{"embeddable":true,"href":"https:\/\/turkmenexporter.com\/de\/wp-json\/wp\/v2\/users\/1"}],"replies":[{"embeddable":true,"href":"https:\/\/turkmenexporter.com\/de\/wp-json\/wp\/v2\/comments?post=6763"}],"version-history":[{"count":1,"href":"https:\/\/turkmenexporter.com\/de\/wp-json\/wp\/v2\/pages\/6763\/revisions"}],"predecessor-version":[{"id":6765,"href":"https:\/\/turkmenexporter.com\/de\/wp-json\/wp\/v2\/pages\/6763\/revisions\/6765"}],"wp:attachment":[{"href":"https:\/\/turkmenexporter.com\/de\/wp-json\/wp\/v2\/media?parent=6763"}],"curies":[{"name":"wp","href":"https:\/\/api.w.org\/{rel}","templated":true}]}}