{"id":7948,"date":"2024-05-01T08:15:57","date_gmt":"2024-05-01T03:15:57","guid":{"rendered":"https:\/\/turkmenexporter.com\/zahlung-und-versand\/"},"modified":"2024-05-01T08:48:28","modified_gmt":"2024-05-01T03:48:28","slug":"zahlung-und-versand","status":"publish","type":"page","link":"https:\/\/turkmenexporter.com\/de\/zahlung-und-versand\/","title":{"rendered":"Zahlung und Versand"},"content":{"rendered":"\t\t<div data-elementor-type=\"wp-page\" data-elementor-id=\"7948\" class=\"elementor elementor-7948 elementor-7936\" data-elementor-post-type=\"page\">\n\t\t\t\t<div class=\"elementor-element elementor-element-22ea689 e-flex e-con-boxed e-con e-parent\" data-id=\"22ea689\" data-element_type=\"container\" data-e-type=\"container\">\n\t\t\t\t\t<div class=\"e-con-inner\">\n\t\t\t\t<div class=\"elementor-element elementor-element-fbe8a2d elementor-widget elementor-widget-text-editor\" data-id=\"fbe8a2d\" data-element_type=\"widget\" data-e-type=\"widget\" data-widget_type=\"text-editor.default\">\n\t\t\t\t<div class=\"elementor-widget-container\">\n\t\t\t\t\t\t\t\t\t<h1>Zahlung und Versand<\/h1>\n<p><strong>1. Bezahlung<\/strong><\/p>\n<p><span data-preserver-spaces=\"true\">Die Bezahlung der Waren erfolgt zu den Bedingungen, die im Vertrag festgelegt werden. Nach der Bestellung schlie\u00dft der Hersteller einen Vertrag mit Ihnen ab. Um detaillierte Informationen \u00fcber m\u00f6gliche Zahlungsarten zu kl\u00e4ren, k\u00f6nnen Sie Ihre Kontaktdaten auf der Hersteller- oder Produktseite hinterlassen, die sich dann mit Ihnen in Verbindung setzen werden. Oder Sie k\u00f6nnen uns \u00fcber die oben auf jeder Seite angegebenen Messenger schreiben.<\/span><\/p>\n<p><strong>2. Versand<\/strong><\/p>\n<p>Der Versand ist weltweit m\u00f6glich. Die Plattform turkmenexporter.com fasst heute keine Bestellungen von verschiedenen Herstellern zu einer Lieferung mit Anlieferung an Ihr Lager zusammen. Die Lieferbedingungen werden ausgehandelt und h\u00e4ngen von den einzelnen Herstellern ab. Um die Kosten und andere Dinge zu erfahren, m\u00fcssen Sie sich an den Hersteller wenden. <\/p>\n\t\t\t\t\t\t\t\t<\/div>\n\t\t\t\t<\/div>\n\t\t\t\t\t<\/div>\n\t\t\t\t<\/div>\n\t\t\t\t<\/div>\n\t\t","protected":false},"excerpt":{"rendered":"<p>Zahlung und Versand 1. Bezahlung Die Bezahlung der Waren erfolgt zu den Bedingungen, die im Vertrag festgelegt werden. Nach der Bestellung schlie\u00dft der Hersteller einen Vertrag mit Ihnen ab. Um detaillierte Informationen \u00fcber m\u00f6gliche Zahlungsarten zu kl\u00e4ren, k\u00f6nnen Sie Ihre Kontaktdaten auf der Hersteller- oder Produktseite hinterlassen, die sich dann mit Ihnen in Verbindung setzen [&hellip;]<\/p>\n","protected":false},"author":1,"featured_media":0,"parent":0,"menu_order":0,"comment_status":"closed","ping_status":"closed","template":"","meta":{"_acf_changed":false,"footnotes":""},"class_list":["post-7948","page","type-page","status-publish","hentry"],"acf":[],"_links":{"self":[{"href":"https:\/\/turkmenexporter.com\/de\/wp-json\/wp\/v2\/pages\/7948","targetHints":{"allow":["GET"]}}],"collection":[{"href":"https:\/\/turkmenexporter.com\/de\/wp-json\/wp\/v2\/pages"}],"about":[{"href":"https:\/\/turkmenexporter.com\/de\/wp-json\/wp\/v2\/types\/page"}],"author":[{"embeddable":true,"href":"https:\/\/turkmenexporter.com\/de\/wp-json\/wp\/v2\/users\/1"}],"replies":[{"embeddable":true,"href":"https:\/\/turkmenexporter.com\/de\/wp-json\/wp\/v2\/comments?post=7948"}],"version-history":[{"count":1,"href":"https:\/\/turkmenexporter.com\/de\/wp-json\/wp\/v2\/pages\/7948\/revisions"}],"predecessor-version":[{"id":7950,"href":"https:\/\/turkmenexporter.com\/de\/wp-json\/wp\/v2\/pages\/7948\/revisions\/7950"}],"wp:attachment":[{"href":"https:\/\/turkmenexporter.com\/de\/wp-json\/wp\/v2\/media?parent=7948"}],"curies":[{"name":"wp","href":"https:\/\/api.w.org\/{rel}","templated":true}]}}