{"id":11034,"date":"2024-09-26T00:07:20","date_gmt":"2024-09-25T19:07:20","guid":{"rendered":"https:\/\/turkmenexporter.com\/product\/abdichtungsbahn-aus-bitumen-mit-aluminiumfolie-5-mm\/"},"modified":"2024-09-26T00:07:20","modified_gmt":"2024-09-25T19:07:20","slug":"abdichtungsbahn-aus-bitumen-mit-aluminiumfolie-5-mm","status":"publish","type":"product","link":"https:\/\/turkmenexporter.com\/de\/produkt\/abdichtungsbahn-aus-bitumen-mit-aluminiumfolie-5-mm\/","title":{"rendered":"Abdichtungsbahn aus Bitumen mit Aluminiumfolie 5 mm"},"content":{"rendered":"<p>DERWAYYS P5000 AL (Polyestergewebe mit Aluminiumfolie) &#8211; Isolierte Hochleistungsabdichtung Die DERWAYYS P5000 AL bietet eine 5 mm dicke, mit Polyestergewebe verst\u00e4rkte Abdichtungsschicht und eine Aluminiumfolienbeschichtung, die maximalen Schutz vor Wasser und UV-Strahlung gew\u00e4hrleistet. Dank ihrer strapazierf\u00e4higen Konstruktion eignet sie sich ideal f\u00fcr Gro\u00dfprojekte, die sowohl eine Abdichtung als auch eine Isolierung erfordern, wie z. B. unterirdische Bauten, Industried\u00e4cher und stark beanspruchte Anlagen. Rollenl\u00e4nge: 10 m Breite: 1 m Schichtdicke: 5 mm Gewicht: 51-53 kg  <\/p>\n","protected":false},"excerpt":{"rendered":"<p>DERWAYYS P5000 AL ( Polyestergewebe mit Aluminiumfolie ) Rolle L\u00e4nge: 10 m Breite: 1 m Schichtdicke: 5 mm Gewicht: 51-53 kg Preis\u00e4nderungen vorbehalten<\/p>\n","protected":false},"featured_media":10936,"comment_status":"open","ping_status":"closed","template":"","meta":{"_acf_changed":false},"brand":[799],"product_cat":[794],"product_tag":[],"class_list":{"0":"post-11034","1":"product","2":"type-product","3":"status-publish","4":"has-post-thumbnail","6":"brand-derwayys-de","7":"product_cat-baumaterialien","9":"first","10":"instock","11":"shipping-taxable","12":"purchasable","13":"product-type-simple"},"acf":[],"_links":{"self":[{"href":"https:\/\/turkmenexporter.com\/de\/wp-json\/wp\/v2\/product\/11034","targetHints":{"allow":["GET"]}}],"collection":[{"href":"https:\/\/turkmenexporter.com\/de\/wp-json\/wp\/v2\/product"}],"about":[{"href":"https:\/\/turkmenexporter.com\/de\/wp-json\/wp\/v2\/types\/product"}],"replies":[{"embeddable":true,"href":"https:\/\/turkmenexporter.com\/de\/wp-json\/wp\/v2\/comments?post=11034"}],"version-history":[{"count":0,"href":"https:\/\/turkmenexporter.com\/de\/wp-json\/wp\/v2\/product\/11034\/revisions"}],"wp:featuredmedia":[{"embeddable":true,"href":"https:\/\/turkmenexporter.com\/de\/wp-json\/wp\/v2\/media\/10936"}],"wp:attachment":[{"href":"https:\/\/turkmenexporter.com\/de\/wp-json\/wp\/v2\/media?parent=11034"}],"wp:term":[{"taxonomy":"brand","embeddable":true,"href":"https:\/\/turkmenexporter.com\/de\/wp-json\/wp\/v2\/brand?post=11034"},{"taxonomy":"product_cat","embeddable":true,"href":"https:\/\/turkmenexporter.com\/de\/wp-json\/wp\/v2\/product_cat?post=11034"},{"taxonomy":"product_tag","embeddable":true,"href":"https:\/\/turkmenexporter.com\/de\/wp-json\/wp\/v2\/product_tag?post=11034"}],"curies":[{"name":"wp","href":"https:\/\/api.w.org\/{rel}","templated":true}]}}