{"id":11035,"date":"2024-09-26T00:07:21","date_gmt":"2024-09-25T19:07:21","guid":{"rendered":"https:\/\/turkmenexporter.com\/product\/bitumen-kautschuk-abdichtungsmastix\/"},"modified":"2024-09-26T00:07:21","modified_gmt":"2024-09-25T19:07:21","slug":"bitumen-kautschuk-abdichtungsmastix","status":"publish","type":"product","link":"https:\/\/turkmenexporter.com\/de\/produkt\/bitumen-kautschuk-abdichtungsmastix\/","title":{"rendered":"Bitumen-Kautschuk-Abdichtungsmastix"},"content":{"rendered":"<p>Bitumen-Kautschuk-Abdichtungsmasse &#8211; \u00dcberragende Flexibilit\u00e4t und Abdichtung Bitumen-Kautschuk-Abdichtungsmasse ist eine hochleistungsf\u00e4hige Abdichtungsl\u00f6sung f\u00fcr industrielle, gewerbliche und private Projekte. Dieses Produkt kombiniert die Haltbarkeit von Bitumen mit der Flexibilit\u00e4t von Gummi und gew\u00e4hrleistet so eine rissfeste, langlebige Abdichtung von D\u00e4chern, Fundamenten, Kellern und anderen Strukturen, die Wasser und Feuchtigkeit ausgesetzt sind. Der Mastix haftet gut auf verschiedenen Oberfl\u00e4chen wie Beton, Metall und Holz und bildet eine nahtlose Schutzschicht. Verpackung: Sack 50 kg Anwendung: Ideal f\u00fcr die Abdichtung von Flachd\u00e4chern, Fundamenten, Kellern und Au\u00dfenfl\u00e4chen, die Wasser ausgesetzt sind Merkmale: Hochflexibel, rissfest, hervorragende Haftung auf verschiedenen Oberfl\u00e4chen, best\u00e4ndig gegen UV-Strahlen und Temperaturschwankungen   <\/p>\n","protected":false},"excerpt":{"rendered":"<p>Bitumen-Kautschuk-Abdichtungsmasse &#8211; Hervorragende Flexibilit\u00e4t und Wasserdichtigkeit. Verpackung: Sack 50 kg Preis\u00e4nderungen vorbehalten <\/p>\n","protected":false},"featured_media":10848,"comment_status":"open","ping_status":"closed","template":"","meta":{"_acf_changed":false},"brand":[799],"product_cat":[794],"product_tag":[849],"class_list":{"0":"post-11035","1":"product","2":"type-product","3":"status-publish","4":"has-post-thumbnail","6":"brand-derwayys-de","7":"product_cat-baumaterialien","8":"product_tag-front-product-de","10":"first","11":"instock","12":"shipping-taxable","13":"purchasable","14":"product-type-simple"},"acf":[],"_links":{"self":[{"href":"https:\/\/turkmenexporter.com\/de\/wp-json\/wp\/v2\/product\/11035","targetHints":{"allow":["GET"]}}],"collection":[{"href":"https:\/\/turkmenexporter.com\/de\/wp-json\/wp\/v2\/product"}],"about":[{"href":"https:\/\/turkmenexporter.com\/de\/wp-json\/wp\/v2\/types\/product"}],"replies":[{"embeddable":true,"href":"https:\/\/turkmenexporter.com\/de\/wp-json\/wp\/v2\/comments?post=11035"}],"version-history":[{"count":0,"href":"https:\/\/turkmenexporter.com\/de\/wp-json\/wp\/v2\/product\/11035\/revisions"}],"wp:featuredmedia":[{"embeddable":true,"href":"https:\/\/turkmenexporter.com\/de\/wp-json\/wp\/v2\/media\/10848"}],"wp:attachment":[{"href":"https:\/\/turkmenexporter.com\/de\/wp-json\/wp\/v2\/media?parent=11035"}],"wp:term":[{"taxonomy":"brand","embeddable":true,"href":"https:\/\/turkmenexporter.com\/de\/wp-json\/wp\/v2\/brand?post=11035"},{"taxonomy":"product_cat","embeddable":true,"href":"https:\/\/turkmenexporter.com\/de\/wp-json\/wp\/v2\/product_cat?post=11035"},{"taxonomy":"product_tag","embeddable":true,"href":"https:\/\/turkmenexporter.com\/de\/wp-json\/wp\/v2\/product_tag?post=11035"}],"curies":[{"name":"wp","href":"https:\/\/api.w.org\/{rel}","templated":true}]}}