{"id":11036,"date":"2024-09-26T00:07:19","date_gmt":"2024-09-25T19:07:19","guid":{"rendered":"https:\/\/turkmenexporter.com\/product\/abdichtungsbahn-aus-bitumen-mit-aluminiumfolie-4-mm\/"},"modified":"2024-09-26T00:07:19","modified_gmt":"2024-09-25T19:07:19","slug":"abdichtungsbahn-aus-bitumen-mit-aluminiumfolie-4-mm","status":"publish","type":"product","link":"https:\/\/turkmenexporter.com\/de\/produkt\/abdichtungsbahn-aus-bitumen-mit-aluminiumfolie-4-mm\/","title":{"rendered":"Abdichtungsbahn aus Bitumen mit Aluminiumfolie 4 mm"},"content":{"rendered":"<p>DERWAYYS P4000 AL (Polyestergewebe mit Aluminiumfolie) &#8211; Verbesserte Haltbarkeit mit UV-Schutz Die DERWAYYS P4000 AL wurde f\u00fcr hochbelastbare Abdichtungsanwendungen entwickelt und verf\u00fcgt \u00fcber eine 4 mm dicke Bitumenschicht, die mit Polyestergewebe und Aluminiumfolie verst\u00e4rkt ist. Diese Kombination sorgt f\u00fcr hervorragende Wasserdichtigkeit, Flexibilit\u00e4t und W\u00e4rmed\u00e4mmung. Das Produkt eignet sich gut f\u00fcr Bereiche, die direktem Sonnenlicht oder extremen Witterungsbedingungen ausgesetzt sind, und ist somit eine ausgezeichnete Wahl f\u00fcr industrielle und gewerbliche Anwendungen. Rollenl\u00e4nge: 10 m Breite: 1 m Schichtdicke: 4 mm Gewicht: 41-43 kg   <\/p>\n","protected":false},"excerpt":{"rendered":"<p>DERWAYYS P4000 AL (Polyestergewebe mit Aluminiumfolie) Rolle L\u00e4nge: 10 m Breite: 1 m Schichtdicke: 4 mm Gewicht: 41-43 kg Preis\u00e4nderungen vorbehalten<\/p>\n","protected":false},"featured_media":10932,"comment_status":"open","ping_status":"closed","template":"","meta":{"_acf_changed":false},"brand":[799],"product_cat":[794],"product_tag":[849],"class_list":{"0":"post-11036","1":"product","2":"type-product","3":"status-publish","4":"has-post-thumbnail","6":"brand-derwayys-de","7":"product_cat-baumaterialien","8":"product_tag-front-product-de","10":"first","11":"instock","12":"shipping-taxable","13":"purchasable","14":"product-type-simple"},"acf":[],"_links":{"self":[{"href":"https:\/\/turkmenexporter.com\/de\/wp-json\/wp\/v2\/product\/11036","targetHints":{"allow":["GET"]}}],"collection":[{"href":"https:\/\/turkmenexporter.com\/de\/wp-json\/wp\/v2\/product"}],"about":[{"href":"https:\/\/turkmenexporter.com\/de\/wp-json\/wp\/v2\/types\/product"}],"replies":[{"embeddable":true,"href":"https:\/\/turkmenexporter.com\/de\/wp-json\/wp\/v2\/comments?post=11036"}],"version-history":[{"count":0,"href":"https:\/\/turkmenexporter.com\/de\/wp-json\/wp\/v2\/product\/11036\/revisions"}],"wp:featuredmedia":[{"embeddable":true,"href":"https:\/\/turkmenexporter.com\/de\/wp-json\/wp\/v2\/media\/10932"}],"wp:attachment":[{"href":"https:\/\/turkmenexporter.com\/de\/wp-json\/wp\/v2\/media?parent=11036"}],"wp:term":[{"taxonomy":"brand","embeddable":true,"href":"https:\/\/turkmenexporter.com\/de\/wp-json\/wp\/v2\/brand?post=11036"},{"taxonomy":"product_cat","embeddable":true,"href":"https:\/\/turkmenexporter.com\/de\/wp-json\/wp\/v2\/product_cat?post=11036"},{"taxonomy":"product_tag","embeddable":true,"href":"https:\/\/turkmenexporter.com\/de\/wp-json\/wp\/v2\/product_tag?post=11036"}],"curies":[{"name":"wp","href":"https:\/\/api.w.org\/{rel}","templated":true}]}}