{"id":11038,"date":"2024-09-26T00:07:18","date_gmt":"2024-09-25T19:07:18","guid":{"rendered":"https:\/\/turkmenexporter.com\/product\/aufgerollte-bitumenabdichtungsbahn-3-mm\/"},"modified":"2024-09-26T00:07:18","modified_gmt":"2024-09-25T19:07:18","slug":"aufgerollte-bitumenabdichtungsbahn-3-mm","status":"publish","type":"product","link":"https:\/\/turkmenexporter.com\/de\/produkt\/aufgerollte-bitumenabdichtungsbahn-3-mm\/","title":{"rendered":"Aufgerollte Bitumenabdichtungsbahn 3 mm"},"content":{"rendered":"<p>DERWAYYS P3000 AL (Polyestergewebe mit Aluminiumfolie) &#8211; Flexible Abdichtung mit Isolierung Die DERWAYYS P3000 AL kombiniert eine 3 mm dicke Bitumenabdichtung mit einer Verst\u00e4rkung aus Polyestergewebe und einer Oberfl\u00e4che aus Aluminiumfolie. Dieses Produkt bietet eine hervorragende Flexibilit\u00e4t und Rei\u00dffestigkeit sowie einen wirksamen UV- und W\u00e4rmeschutz. Die Polyesterbasis ist ideal f\u00fcr Dachsysteme und freiliegende Oberfl\u00e4chen und gew\u00e4hrleistet eine einfache Anwendung und eine lang anhaltende Leistung. Rolle L\u00e4nge: 10 m Breite: 1 m Schichtdicke: 3 mm Gewicht: 35-37 kg   <\/p>\n","protected":false},"excerpt":{"rendered":"<p>DERWAYYS P3000 AL (Polyestergewebe mit Aluminiumfolie ) Rolle L\u00e4nge: 10 m Breite: 1 m Schichtdicke: 3 mm Gewicht: 35-37 kg Preis\u00e4nderungen vorbehalten<\/p>\n","protected":false},"featured_media":10882,"comment_status":"open","ping_status":"closed","template":"","meta":{"_acf_changed":false},"brand":[799],"product_cat":[794],"product_tag":[],"class_list":{"0":"post-11038","1":"product","2":"type-product","3":"status-publish","4":"has-post-thumbnail","6":"brand-derwayys-de","7":"product_cat-baumaterialien","9":"first","10":"instock","11":"shipping-taxable","12":"purchasable","13":"product-type-simple"},"acf":[],"_links":{"self":[{"href":"https:\/\/turkmenexporter.com\/de\/wp-json\/wp\/v2\/product\/11038","targetHints":{"allow":["GET"]}}],"collection":[{"href":"https:\/\/turkmenexporter.com\/de\/wp-json\/wp\/v2\/product"}],"about":[{"href":"https:\/\/turkmenexporter.com\/de\/wp-json\/wp\/v2\/types\/product"}],"replies":[{"embeddable":true,"href":"https:\/\/turkmenexporter.com\/de\/wp-json\/wp\/v2\/comments?post=11038"}],"version-history":[{"count":0,"href":"https:\/\/turkmenexporter.com\/de\/wp-json\/wp\/v2\/product\/11038\/revisions"}],"wp:featuredmedia":[{"embeddable":true,"href":"https:\/\/turkmenexporter.com\/de\/wp-json\/wp\/v2\/media\/10882"}],"wp:attachment":[{"href":"https:\/\/turkmenexporter.com\/de\/wp-json\/wp\/v2\/media?parent=11038"}],"wp:term":[{"taxonomy":"brand","embeddable":true,"href":"https:\/\/turkmenexporter.com\/de\/wp-json\/wp\/v2\/brand?post=11038"},{"taxonomy":"product_cat","embeddable":true,"href":"https:\/\/turkmenexporter.com\/de\/wp-json\/wp\/v2\/product_cat?post=11038"},{"taxonomy":"product_tag","embeddable":true,"href":"https:\/\/turkmenexporter.com\/de\/wp-json\/wp\/v2\/product_tag?post=11038"}],"curies":[{"name":"wp","href":"https:\/\/api.w.org\/{rel}","templated":true}]}}