{"id":11040,"date":"2024-09-26T00:07:15","date_gmt":"2024-09-25T19:07:15","guid":{"rendered":"https:\/\/turkmenexporter.com\/product\/aufgerollte-bitumenabdichtungsbahn-5-mm\/"},"modified":"2024-09-26T00:07:15","modified_gmt":"2024-09-25T19:07:15","slug":"aufgerollte-bitumenabdichtungsbahn-5-mm","status":"publish","type":"product","link":"https:\/\/turkmenexporter.com\/de\/produkt\/aufgerollte-bitumenabdichtungsbahn-5-mm\/","title":{"rendered":"Aufgerollte Bitumenabdichtungsbahn 5 mm"},"content":{"rendered":"<p>DERWAYYS C5000 AL (Glasfasergewebe mit Aluminiumfolie) &#8211; Maximaler Schutz f\u00fcr kritische Installationen Das DERWAYYS C5000 AL bietet eine 5 mm dicke, mit Glasfasergewebe und Aluminiumfolie verst\u00e4rkte Abdichtungsschicht. Dieses Produkt wurde f\u00fcr kritische Bauprojekte entwickelt, die sowohl Wasserdichtigkeit als auch W\u00e4rmed\u00e4mmung erfordern. Die Aluminiumfolienschicht reflektiert W\u00e4rme und Licht und bietet zus\u00e4tzlichen Schutz in exponierter Lage oder bei hohen Temperaturen, w\u00e4hrend die Dicke von 5 mm ein H\u00f6chstma\u00df an Wasserbest\u00e4ndigkeit gew\u00e4hrleistet. Rolle L\u00e4nge: 10 m Breite: 1 m Schichtdicke: 5 mm Gewicht: 51-53 kg   <\/p>\n","protected":false},"excerpt":{"rendered":"<p>DERWAYYS C5000 AL ( Glasfasergewebe mit Aluminiumfolie ) Rolle L\u00e4nge: 10 m Breite: 1 m Schichtdicke: 5 mm Gewicht: 51-53 kg Preis\u00e4nderungen vorbehalten<\/p>\n","protected":false},"featured_media":10888,"comment_status":"open","ping_status":"closed","template":"","meta":{"_acf_changed":false},"brand":[799],"product_cat":[794],"product_tag":[],"class_list":{"0":"post-11040","1":"product","2":"type-product","3":"status-publish","4":"has-post-thumbnail","6":"brand-derwayys-de","7":"product_cat-baumaterialien","9":"first","10":"instock","11":"shipping-taxable","12":"purchasable","13":"product-type-simple"},"acf":[],"_links":{"self":[{"href":"https:\/\/turkmenexporter.com\/de\/wp-json\/wp\/v2\/product\/11040","targetHints":{"allow":["GET"]}}],"collection":[{"href":"https:\/\/turkmenexporter.com\/de\/wp-json\/wp\/v2\/product"}],"about":[{"href":"https:\/\/turkmenexporter.com\/de\/wp-json\/wp\/v2\/types\/product"}],"replies":[{"embeddable":true,"href":"https:\/\/turkmenexporter.com\/de\/wp-json\/wp\/v2\/comments?post=11040"}],"version-history":[{"count":0,"href":"https:\/\/turkmenexporter.com\/de\/wp-json\/wp\/v2\/product\/11040\/revisions"}],"wp:featuredmedia":[{"embeddable":true,"href":"https:\/\/turkmenexporter.com\/de\/wp-json\/wp\/v2\/media\/10888"}],"wp:attachment":[{"href":"https:\/\/turkmenexporter.com\/de\/wp-json\/wp\/v2\/media?parent=11040"}],"wp:term":[{"taxonomy":"brand","embeddable":true,"href":"https:\/\/turkmenexporter.com\/de\/wp-json\/wp\/v2\/brand?post=11040"},{"taxonomy":"product_cat","embeddable":true,"href":"https:\/\/turkmenexporter.com\/de\/wp-json\/wp\/v2\/product_cat?post=11040"},{"taxonomy":"product_tag","embeddable":true,"href":"https:\/\/turkmenexporter.com\/de\/wp-json\/wp\/v2\/product_tag?post=11040"}],"curies":[{"name":"wp","href":"https:\/\/api.w.org\/{rel}","templated":true}]}}