{"id":11041,"date":"2024-09-26T00:07:14","date_gmt":"2024-09-25T19:07:14","guid":{"rendered":"https:\/\/turkmenexporter.com\/product\/aufgerollte-bitumenabdichtungsbahn-dachabdichtungsbahn-4-mm\/"},"modified":"2024-09-26T00:07:14","modified_gmt":"2024-09-25T19:07:14","slug":"aufgerollte-bitumenabdichtungsbahn-dachabdichtungsbahn-4-mm","status":"publish","type":"product","link":"https:\/\/turkmenexporter.com\/de\/produkt\/aufgerollte-bitumenabdichtungsbahn-dachabdichtungsbahn-4-mm\/","title":{"rendered":"Aufgerollte Bitumenabdichtungsbahn Dachabdichtungsbahn 4 mm"},"content":{"rendered":"<p>DERWAYYS C4000 AL (Glasfasergewebe mit Aluminiumfolie) &#8211; Isolierte Hochleistungsabdichtung Die DERWAYYS C4000 AL besteht aus einer 4 mm dicken Bitumenschicht, die mit Glasfasergewebe verst\u00e4rkt und mit Aluminiumfolie abgedeckt ist, um einen hervorragenden Schutz zu gew\u00e4hrleisten. Diese Kombination bietet eine hervorragende Abdichtung und reflektiert UV-Strahlen, wodurch sie sich ideal f\u00fcr exponierte Dachsysteme eignet. Die Langlebigkeit und Rei\u00dffestigkeit des Produkts gew\u00e4hrleisten eine zuverl\u00e4ssige Leistung auch unter rauen Bedingungen und machen es perfekt f\u00fcr Industried\u00e4cher und stark frequentierte Bereiche. Rolle L\u00e4nge: 10 m Breite: 1 m Schichtdicke: 4 mm Gewicht: 41-43 kg   <\/p>\n","protected":false},"excerpt":{"rendered":"<p>DERWAYYS C4000 AL ( Glasfasergewebe mit Aluminiumfolie ) Rolle L\u00e4nge: 10 m Breite: 1 m Schichtdicke: 4 mm Gewicht: 41-43 kg Preis\u00e4nderungen vorbehalten<\/p>\n","protected":false},"featured_media":10906,"comment_status":"open","ping_status":"closed","template":"","meta":{"_acf_changed":false},"brand":[799],"product_cat":[794],"product_tag":[],"class_list":{"0":"post-11041","1":"product","2":"type-product","3":"status-publish","4":"has-post-thumbnail","6":"brand-derwayys-de","7":"product_cat-baumaterialien","9":"first","10":"instock","11":"shipping-taxable","12":"purchasable","13":"product-type-simple"},"acf":[],"_links":{"self":[{"href":"https:\/\/turkmenexporter.com\/de\/wp-json\/wp\/v2\/product\/11041","targetHints":{"allow":["GET"]}}],"collection":[{"href":"https:\/\/turkmenexporter.com\/de\/wp-json\/wp\/v2\/product"}],"about":[{"href":"https:\/\/turkmenexporter.com\/de\/wp-json\/wp\/v2\/types\/product"}],"replies":[{"embeddable":true,"href":"https:\/\/turkmenexporter.com\/de\/wp-json\/wp\/v2\/comments?post=11041"}],"version-history":[{"count":0,"href":"https:\/\/turkmenexporter.com\/de\/wp-json\/wp\/v2\/product\/11041\/revisions"}],"wp:featuredmedia":[{"embeddable":true,"href":"https:\/\/turkmenexporter.com\/de\/wp-json\/wp\/v2\/media\/10906"}],"wp:attachment":[{"href":"https:\/\/turkmenexporter.com\/de\/wp-json\/wp\/v2\/media?parent=11041"}],"wp:term":[{"taxonomy":"brand","embeddable":true,"href":"https:\/\/turkmenexporter.com\/de\/wp-json\/wp\/v2\/brand?post=11041"},{"taxonomy":"product_cat","embeddable":true,"href":"https:\/\/turkmenexporter.com\/de\/wp-json\/wp\/v2\/product_cat?post=11041"},{"taxonomy":"product_tag","embeddable":true,"href":"https:\/\/turkmenexporter.com\/de\/wp-json\/wp\/v2\/product_tag?post=11041"}],"curies":[{"name":"wp","href":"https:\/\/api.w.org\/{rel}","templated":true}]}}