{"id":11042,"date":"2024-09-26T00:07:13","date_gmt":"2024-09-25T19:07:13","guid":{"rendered":"https:\/\/turkmenexporter.com\/product\/aufgerollte-bitumenabdichtungsbahn-fuer-dacheindeckungen\/"},"modified":"2024-09-26T00:07:13","modified_gmt":"2024-09-25T19:07:13","slug":"aufgerollte-bitumenabdichtungsbahn-fuer-dacheindeckungen","status":"publish","type":"product","link":"https:\/\/turkmenexporter.com\/de\/produkt\/aufgerollte-bitumenabdichtungsbahn-fuer-dacheindeckungen\/","title":{"rendered":"Aufgerollte Bitumenabdichtungsbahn f\u00fcr Dacheindeckungen"},"content":{"rendered":"<p>DERWAYYS C3000 AL (Glasfasergewebe mit Aluminiumfolie) &#8211; Verbesserter UV- und Wasserschutz Mit einer 3 mm dicken Bitumenschicht und Aluminiumfolie bietet die DERWAYYS C3000 AL eine hervorragende Wasserdichtigkeit und reflektierende Isolierung. Dieses Produkt eignet sich perfekt f\u00fcr Flach- und Schr\u00e4gd\u00e4cher und bietet eine hervorragende Best\u00e4ndigkeit gegen Feuchtigkeit und Temperaturschwankungen, wodurch eine langfristige strukturelle Integrit\u00e4t gew\u00e4hrleistet wird. Rolle L\u00e4nge: 10 m Breite: 1 m Schichtdicke: 3 mm Gewicht: 35-37 kg  <\/p>\n","protected":false},"excerpt":{"rendered":"<p>DERWAYYS C3000 AL (Glasfasergewebe mit Aluminiumfolie) Rolle L\u00e4nge: 10 m Breite: 1 m Schichtdicke: 3 mm Gewicht: 35-37 kg Preis\u00e4nderungen vorbehalten<\/p>\n","protected":false},"featured_media":10900,"comment_status":"open","ping_status":"closed","template":"","meta":{"_acf_changed":false},"brand":[799],"product_cat":[794],"product_tag":[],"class_list":{"0":"post-11042","1":"product","2":"type-product","3":"status-publish","4":"has-post-thumbnail","6":"brand-derwayys-de","7":"product_cat-baumaterialien","9":"first","10":"instock","11":"shipping-taxable","12":"purchasable","13":"product-type-simple"},"acf":[],"_links":{"self":[{"href":"https:\/\/turkmenexporter.com\/de\/wp-json\/wp\/v2\/product\/11042","targetHints":{"allow":["GET"]}}],"collection":[{"href":"https:\/\/turkmenexporter.com\/de\/wp-json\/wp\/v2\/product"}],"about":[{"href":"https:\/\/turkmenexporter.com\/de\/wp-json\/wp\/v2\/types\/product"}],"replies":[{"embeddable":true,"href":"https:\/\/turkmenexporter.com\/de\/wp-json\/wp\/v2\/comments?post=11042"}],"version-history":[{"count":0,"href":"https:\/\/turkmenexporter.com\/de\/wp-json\/wp\/v2\/product\/11042\/revisions"}],"wp:featuredmedia":[{"embeddable":true,"href":"https:\/\/turkmenexporter.com\/de\/wp-json\/wp\/v2\/media\/10900"}],"wp:attachment":[{"href":"https:\/\/turkmenexporter.com\/de\/wp-json\/wp\/v2\/media?parent=11042"}],"wp:term":[{"taxonomy":"brand","embeddable":true,"href":"https:\/\/turkmenexporter.com\/de\/wp-json\/wp\/v2\/brand?post=11042"},{"taxonomy":"product_cat","embeddable":true,"href":"https:\/\/turkmenexporter.com\/de\/wp-json\/wp\/v2\/product_cat?post=11042"},{"taxonomy":"product_tag","embeddable":true,"href":"https:\/\/turkmenexporter.com\/de\/wp-json\/wp\/v2\/product_tag?post=11042"}],"curies":[{"name":"wp","href":"https:\/\/api.w.org\/{rel}","templated":true}]}}