{"id":11044,"date":"2024-09-26T00:07:10","date_gmt":"2024-09-25T19:07:10","guid":{"rendered":"https:\/\/turkmenexporter.com\/product\/abdichtungsbahn-aus-bitumen\/"},"modified":"2024-09-26T00:07:10","modified_gmt":"2024-09-25T19:07:10","slug":"abdichtungsbahn-aus-bitumen","status":"publish","type":"product","link":"https:\/\/turkmenexporter.com\/de\/produkt\/abdichtungsbahn-aus-bitumen\/","title":{"rendered":"Abdichtungsbahn aus Bitumen"},"content":{"rendered":"<p>DERWAYYS P5000 (Polyestergewebe) &#8211; Ultimative St\u00e4rke f\u00fcr hochbelastbare Abdichtungen F\u00fcr Projekte, die ein H\u00f6chstma\u00df an Wasserbest\u00e4ndigkeit und mechanischer Festigkeit erfordern, bietet die DERWAYYS P5000 eine 5 mm dicke Abdichtungsschicht. Das Polyestergewebe sorgt f\u00fcr Flexibilit\u00e4t und Haltbarkeit, w\u00e4hrend die hochbelastbare Bitumenschicht einen robusten Schutz f\u00fcr gef\u00e4hrdete Bereiche wie Keller, Tunnel und stark beanspruchte D\u00e4cher bietet. Rollenl\u00e4nge: 10 m Breite: 1 m Schichtdicke: 5 mm Gewicht: 51-53 kg  <\/p>\n","protected":false},"excerpt":{"rendered":"<p>DERWAYYS P5000 (Polyestergewebe) Rolle L\u00e4nge: 10 m Breite: 1 m Schichtdicke: 5 mm Gewicht: 51-53 kg Preis\u00e4nderungen vorbehalten<\/p>\n","protected":false},"featured_media":10948,"comment_status":"open","ping_status":"closed","template":"","meta":{"_acf_changed":false},"brand":[799],"product_cat":[794],"product_tag":[],"class_list":{"0":"post-11044","1":"product","2":"type-product","3":"status-publish","4":"has-post-thumbnail","6":"brand-derwayys-de","7":"product_cat-baumaterialien","9":"first","10":"instock","11":"shipping-taxable","12":"purchasable","13":"product-type-simple"},"acf":[],"_links":{"self":[{"href":"https:\/\/turkmenexporter.com\/de\/wp-json\/wp\/v2\/product\/11044","targetHints":{"allow":["GET"]}}],"collection":[{"href":"https:\/\/turkmenexporter.com\/de\/wp-json\/wp\/v2\/product"}],"about":[{"href":"https:\/\/turkmenexporter.com\/de\/wp-json\/wp\/v2\/types\/product"}],"replies":[{"embeddable":true,"href":"https:\/\/turkmenexporter.com\/de\/wp-json\/wp\/v2\/comments?post=11044"}],"version-history":[{"count":0,"href":"https:\/\/turkmenexporter.com\/de\/wp-json\/wp\/v2\/product\/11044\/revisions"}],"wp:featuredmedia":[{"embeddable":true,"href":"https:\/\/turkmenexporter.com\/de\/wp-json\/wp\/v2\/media\/10948"}],"wp:attachment":[{"href":"https:\/\/turkmenexporter.com\/de\/wp-json\/wp\/v2\/media?parent=11044"}],"wp:term":[{"taxonomy":"brand","embeddable":true,"href":"https:\/\/turkmenexporter.com\/de\/wp-json\/wp\/v2\/brand?post=11044"},{"taxonomy":"product_cat","embeddable":true,"href":"https:\/\/turkmenexporter.com\/de\/wp-json\/wp\/v2\/product_cat?post=11044"},{"taxonomy":"product_tag","embeddable":true,"href":"https:\/\/turkmenexporter.com\/de\/wp-json\/wp\/v2\/product_tag?post=11044"}],"curies":[{"name":"wp","href":"https:\/\/api.w.org\/{rel}","templated":true}]}}