{"id":11045,"date":"2024-09-26T00:07:09","date_gmt":"2024-09-25T19:07:09","guid":{"rendered":"https:\/\/turkmenexporter.com\/product\/aufgerollte-bitumenabdichtungsbahn\/"},"modified":"2024-09-26T00:07:09","modified_gmt":"2024-09-25T19:07:09","slug":"aufgerollte-bitumenabdichtungsbahn","status":"publish","type":"product","link":"https:\/\/turkmenexporter.com\/de\/produkt\/aufgerollte-bitumenabdichtungsbahn\/","title":{"rendered":"Aufgerollte Bitumenabdichtungsbahn"},"content":{"rendered":"<p>DERWAYYS P4000 (Polyester Canvas) &#8211; Verst\u00e4rkte Abdichtungen f\u00fcr komplexe Anwendungen Die DERWAYYS P4000 verf\u00fcgt \u00fcber eine 4 mm dicke Bitumenschicht, die mit einem strapazierf\u00e4higen Polyestergewebe verst\u00e4rkt ist. Sie bietet erstklassigen Schutz f\u00fcr Bereiche, die st\u00e4ndigem Wasser oder Druck ausgesetzt sind. Dieses Produkt ist so konzipiert, dass es sowohl mechanischen Belastungen als auch Umwelteinfl\u00fcssen standh\u00e4lt und eine wirksame Abdichtung f\u00fcr gro\u00df angelegte Industrie- oder Tiefbauprojekte gew\u00e4hrleistet. Rollenl\u00e4nge: 10 m Breite: 1 m Schichtdicke: 4 mm Gewicht: 41-43 kg  <\/p>\n","protected":false},"excerpt":{"rendered":"<p>DERWAYYS P4000 (Polyestergewebe) Rolle L\u00e4nge: 10 m Breite: 1 m Schichtdicke: 4 mm Gewicht: 41-43 kg Preis\u00e4nderungen vorbehalten<\/p>\n","protected":false},"featured_media":10894,"comment_status":"open","ping_status":"closed","template":"","meta":{"_acf_changed":false},"brand":[799],"product_cat":[794],"product_tag":[],"class_list":{"0":"post-11045","1":"product","2":"type-product","3":"status-publish","4":"has-post-thumbnail","6":"brand-derwayys-de","7":"product_cat-baumaterialien","9":"first","10":"instock","11":"shipping-taxable","12":"purchasable","13":"product-type-simple"},"acf":[],"_links":{"self":[{"href":"https:\/\/turkmenexporter.com\/de\/wp-json\/wp\/v2\/product\/11045","targetHints":{"allow":["GET"]}}],"collection":[{"href":"https:\/\/turkmenexporter.com\/de\/wp-json\/wp\/v2\/product"}],"about":[{"href":"https:\/\/turkmenexporter.com\/de\/wp-json\/wp\/v2\/types\/product"}],"replies":[{"embeddable":true,"href":"https:\/\/turkmenexporter.com\/de\/wp-json\/wp\/v2\/comments?post=11045"}],"version-history":[{"count":0,"href":"https:\/\/turkmenexporter.com\/de\/wp-json\/wp\/v2\/product\/11045\/revisions"}],"wp:featuredmedia":[{"embeddable":true,"href":"https:\/\/turkmenexporter.com\/de\/wp-json\/wp\/v2\/media\/10894"}],"wp:attachment":[{"href":"https:\/\/turkmenexporter.com\/de\/wp-json\/wp\/v2\/media?parent=11045"}],"wp:term":[{"taxonomy":"brand","embeddable":true,"href":"https:\/\/turkmenexporter.com\/de\/wp-json\/wp\/v2\/brand?post=11045"},{"taxonomy":"product_cat","embeddable":true,"href":"https:\/\/turkmenexporter.com\/de\/wp-json\/wp\/v2\/product_cat?post=11045"},{"taxonomy":"product_tag","embeddable":true,"href":"https:\/\/turkmenexporter.com\/de\/wp-json\/wp\/v2\/product_tag?post=11045"}],"curies":[{"name":"wp","href":"https:\/\/api.w.org\/{rel}","templated":true}]}}