{"id":11046,"date":"2024-09-26T00:07:08","date_gmt":"2024-09-25T19:07:08","guid":{"rendered":"https:\/\/turkmenexporter.com\/product\/isogam-rollendach-und-abdichtungsmaterial\/"},"modified":"2024-09-26T00:07:08","modified_gmt":"2024-09-25T19:07:08","slug":"isogam-rollendach-und-abdichtungsmaterial","status":"publish","type":"product","link":"https:\/\/turkmenexporter.com\/de\/produkt\/isogam-rollendach-und-abdichtungsmaterial\/","title":{"rendered":"Isogam-Rollendach und Abdichtungsmaterial"},"content":{"rendered":"<p>DERWAYYS P3000 (Polyester Canvas) &#8211; Flexible und langlebige Abdichtungen Mit einer 3 mm dicken Bitumenschicht und einer Polyesterverst\u00e4rkung bietet DERWAYYS P3000 ein ausgewogenes Verh\u00e4ltnis von Flexibilit\u00e4t und St\u00e4rke. Durch seine Vielseitigkeit eignet es sich sowohl f\u00fcr Dach- als auch f\u00fcr Fundamentanwendungen, bei denen Flexibilit\u00e4t und Rei\u00dffestigkeit wichtig sind. Die Polyesterbasis sorgt f\u00fcr eine hervorragende Haftung und Haltbarkeit und macht dieses Produkt ideal f\u00fcr langfristige Abdichtungen. Rolle L\u00e4nge: 10 m Breite: 1 m Schichtdicke: 3 mm Gewicht: 35-37 kg   <\/p>\n","protected":false},"excerpt":{"rendered":"<p>DERWAYYS P3000 (Polyestergewebe) Rolle L\u00e4nge: 10 m Breite: 1 m Schichtdicke: 3 mm Gewicht: 35-37 kg Preis\u00e4nderungen vorbehalten<\/p>\n","protected":false},"featured_media":10870,"comment_status":"open","ping_status":"closed","template":"","meta":{"_acf_changed":false},"brand":[799],"product_cat":[794],"product_tag":[],"class_list":{"0":"post-11046","1":"product","2":"type-product","3":"status-publish","4":"has-post-thumbnail","6":"brand-derwayys-de","7":"product_cat-baumaterialien","9":"first","10":"instock","11":"shipping-taxable","12":"purchasable","13":"product-type-simple"},"acf":[],"_links":{"self":[{"href":"https:\/\/turkmenexporter.com\/de\/wp-json\/wp\/v2\/product\/11046","targetHints":{"allow":["GET"]}}],"collection":[{"href":"https:\/\/turkmenexporter.com\/de\/wp-json\/wp\/v2\/product"}],"about":[{"href":"https:\/\/turkmenexporter.com\/de\/wp-json\/wp\/v2\/types\/product"}],"replies":[{"embeddable":true,"href":"https:\/\/turkmenexporter.com\/de\/wp-json\/wp\/v2\/comments?post=11046"}],"version-history":[{"count":0,"href":"https:\/\/turkmenexporter.com\/de\/wp-json\/wp\/v2\/product\/11046\/revisions"}],"wp:featuredmedia":[{"embeddable":true,"href":"https:\/\/turkmenexporter.com\/de\/wp-json\/wp\/v2\/media\/10870"}],"wp:attachment":[{"href":"https:\/\/turkmenexporter.com\/de\/wp-json\/wp\/v2\/media?parent=11046"}],"wp:term":[{"taxonomy":"brand","embeddable":true,"href":"https:\/\/turkmenexporter.com\/de\/wp-json\/wp\/v2\/brand?post=11046"},{"taxonomy":"product_cat","embeddable":true,"href":"https:\/\/turkmenexporter.com\/de\/wp-json\/wp\/v2\/product_cat?post=11046"},{"taxonomy":"product_tag","embeddable":true,"href":"https:\/\/turkmenexporter.com\/de\/wp-json\/wp\/v2\/product_tag?post=11046"}],"curies":[{"name":"wp","href":"https:\/\/api.w.org\/{rel}","templated":true}]}}