{"id":11048,"date":"2024-09-26T00:07:05","date_gmt":"2024-09-25T19:07:05","guid":{"rendered":"https:\/\/turkmenexporter.com\/product\/impraegnierung-isogam\/"},"modified":"2024-09-26T00:07:05","modified_gmt":"2024-09-25T19:07:05","slug":"impraegnierung-isogam","status":"publish","type":"product","link":"https:\/\/turkmenexporter.com\/de\/produkt\/impraegnierung-isogam\/","title":{"rendered":"Impr\u00e4gnierung Isogam"},"content":{"rendered":"<p>DERWAYYS C5000 (Glasfasergewebe) &#8211; Hochleistungsabdichtung f\u00fcr kritische Anwendungen Die DERWAYYS C5000 wurde f\u00fcr die anspruchsvollsten Abdichtungsprojekte entwickelt und besteht aus einer 5 mm dicken, mit Glasfasern verst\u00e4rkten Bitumenschicht. Dieses Produkt bietet eine un\u00fcbertroffene Haltbarkeit und einen un\u00fcbertroffenen Abdichtungsschutz f\u00fcr kritische Baubereiche, einschlie\u00dflich unterirdischer Installationen und industrieller Bedachungen. Die Dicke von 5 mm gew\u00e4hrleistet maximalen Schutz gegen Wasser und Witterungseinfl\u00fcsse und verl\u00e4ngert die Lebensdauer der gesamten Konstruktion. Rolle L\u00e4nge: 10 m Breite: 1 m Schichtdicke: 5 mm Gewicht: 51-53 kg   <\/p>\n","protected":false},"excerpt":{"rendered":"<p>DERWAYYS C5000 (Glasfasergewebe) Rolle L\u00e4nge: 10 m Breite: 1 m Schichtdicke: 5 mm Gewicht: 51-53 kg Preis\u00e4nderungen vorbehalten<\/p>\n","protected":false},"featured_media":10960,"comment_status":"open","ping_status":"closed","template":"","meta":{"_acf_changed":false},"brand":[799],"product_cat":[794],"product_tag":[],"class_list":{"0":"post-11048","1":"product","2":"type-product","3":"status-publish","4":"has-post-thumbnail","6":"brand-derwayys-de","7":"product_cat-baumaterialien","9":"first","10":"instock","11":"shipping-taxable","12":"purchasable","13":"product-type-simple"},"acf":[],"_links":{"self":[{"href":"https:\/\/turkmenexporter.com\/de\/wp-json\/wp\/v2\/product\/11048","targetHints":{"allow":["GET"]}}],"collection":[{"href":"https:\/\/turkmenexporter.com\/de\/wp-json\/wp\/v2\/product"}],"about":[{"href":"https:\/\/turkmenexporter.com\/de\/wp-json\/wp\/v2\/types\/product"}],"replies":[{"embeddable":true,"href":"https:\/\/turkmenexporter.com\/de\/wp-json\/wp\/v2\/comments?post=11048"}],"version-history":[{"count":0,"href":"https:\/\/turkmenexporter.com\/de\/wp-json\/wp\/v2\/product\/11048\/revisions"}],"wp:featuredmedia":[{"embeddable":true,"href":"https:\/\/turkmenexporter.com\/de\/wp-json\/wp\/v2\/media\/10960"}],"wp:attachment":[{"href":"https:\/\/turkmenexporter.com\/de\/wp-json\/wp\/v2\/media?parent=11048"}],"wp:term":[{"taxonomy":"brand","embeddable":true,"href":"https:\/\/turkmenexporter.com\/de\/wp-json\/wp\/v2\/brand?post=11048"},{"taxonomy":"product_cat","embeddable":true,"href":"https:\/\/turkmenexporter.com\/de\/wp-json\/wp\/v2\/product_cat?post=11048"},{"taxonomy":"product_tag","embeddable":true,"href":"https:\/\/turkmenexporter.com\/de\/wp-json\/wp\/v2\/product_tag?post=11048"}],"curies":[{"name":"wp","href":"https:\/\/api.w.org\/{rel}","templated":true}]}}