{"id":11049,"date":"2024-09-26T00:07:04","date_gmt":"2024-09-25T19:07:04","guid":{"rendered":"https:\/\/turkmenexporter.com\/product\/abdichtungsmaterialien-auf-bitumenbasis-isogam\/"},"modified":"2024-09-26T00:07:04","modified_gmt":"2024-09-25T19:07:04","slug":"abdichtungsmaterialien-auf-bitumenbasis-isogam","status":"publish","type":"product","link":"https:\/\/turkmenexporter.com\/de\/produkt\/abdichtungsmaterialien-auf-bitumenbasis-isogam\/","title":{"rendered":"Abdichtungsmaterialien auf Bitumenbasis isogam"},"content":{"rendered":"<p>DERWAYYS C4000 (Glasfasergewebe) &#8211; Hervorragende Abdichtung f\u00fcr stark beanspruchte Bereiche DERWAYYS C4000 bietet eine 4 mm dicke Abdichtungsschicht mit einer Glasfaserverst\u00e4rkung, die einen maximalen Schutz f\u00fcr Strukturen bietet, die schweren Umweltbedingungen ausgesetzt sind. Dieses Produkt eignet sich besonders f\u00fcr stark beanspruchte Bereiche, Industried\u00e4cher und unterirdische Konstruktionen, bei denen eine hervorragende Wasserdichtigkeit und Langlebigkeit erforderlich ist. Die Glasfaserbasis sorgt f\u00fcr eine ausgezeichnete Zugfestigkeit und gew\u00e4hrleistet eine hohe Widerstandsf\u00e4higkeit gegen extreme Temperaturschwankungen. Rolle L\u00e4nge: 10 m Breite: 1 m Schichtdicke: 4 mm Gewicht: 41-43 kg   <\/p>\n","protected":false},"excerpt":{"rendered":"<p>DERWAYYS C4000 (Glasfasergewebe) Rolle L\u00e4nge: 10 m Breite: 1 m Schichtdicke: 4 mm Gewicht: 41-43 kg Preis\u00e4nderungen vorbehalten<\/p>\n","protected":false},"featured_media":10840,"comment_status":"open","ping_status":"closed","template":"","meta":{"_acf_changed":false},"brand":[799],"product_cat":[794],"product_tag":[],"class_list":{"0":"post-11049","1":"product","2":"type-product","3":"status-publish","4":"has-post-thumbnail","6":"brand-derwayys-de","7":"product_cat-baumaterialien","9":"first","10":"instock","11":"shipping-taxable","12":"purchasable","13":"product-type-simple"},"acf":[],"_links":{"self":[{"href":"https:\/\/turkmenexporter.com\/de\/wp-json\/wp\/v2\/product\/11049","targetHints":{"allow":["GET"]}}],"collection":[{"href":"https:\/\/turkmenexporter.com\/de\/wp-json\/wp\/v2\/product"}],"about":[{"href":"https:\/\/turkmenexporter.com\/de\/wp-json\/wp\/v2\/types\/product"}],"replies":[{"embeddable":true,"href":"https:\/\/turkmenexporter.com\/de\/wp-json\/wp\/v2\/comments?post=11049"}],"version-history":[{"count":0,"href":"https:\/\/turkmenexporter.com\/de\/wp-json\/wp\/v2\/product\/11049\/revisions"}],"wp:featuredmedia":[{"embeddable":true,"href":"https:\/\/turkmenexporter.com\/de\/wp-json\/wp\/v2\/media\/10840"}],"wp:attachment":[{"href":"https:\/\/turkmenexporter.com\/de\/wp-json\/wp\/v2\/media?parent=11049"}],"wp:term":[{"taxonomy":"brand","embeddable":true,"href":"https:\/\/turkmenexporter.com\/de\/wp-json\/wp\/v2\/brand?post=11049"},{"taxonomy":"product_cat","embeddable":true,"href":"https:\/\/turkmenexporter.com\/de\/wp-json\/wp\/v2\/product_cat?post=11049"},{"taxonomy":"product_tag","embeddable":true,"href":"https:\/\/turkmenexporter.com\/de\/wp-json\/wp\/v2\/product_tag?post=11049"}],"curies":[{"name":"wp","href":"https:\/\/api.w.org\/{rel}","templated":true}]}}