{"id":11915,"date":"2024-10-01T21:28:15","date_gmt":"2024-10-01T16:28:15","guid":{"rendered":"https:\/\/turkmenexporter.com\/product\/gefrorene-truthahn-fleisch-knodel\/"},"modified":"2024-10-01T21:28:15","modified_gmt":"2024-10-01T16:28:15","slug":"gefrorene-truthahn-fleisch-knodel","status":"publish","type":"product","link":"https:\/\/turkmenexporter.com\/de\/produkt\/gefrorene-truthahn-fleisch-knodel\/","title":{"rendered":"Gefrorene Putenfleischkn\u00f6del"},"content":{"rendered":"<p>Zutaten: Putenfleisch, Mehl, H\u00fchnerei, gr\u00fcne Zwiebeln, Salz, gemahlener schwarzer Pfeffer, Koriander.<br \/>\nGewicht: 750 g.<br \/>\nLagerbedingungen: -8\u00b0C bis -12\u00b0C.<br \/>\nHaltbarkeitsdauer: 3 Monate   <\/p>\n","protected":false},"excerpt":{"rendered":"<p>Gefrorene Putenfleischkn\u00f6del 750 g.<br \/>\nHalal-Zertifikat <\/p>\n","protected":false},"featured_media":11137,"comment_status":"open","ping_status":"closed","template":"","meta":{"_acf_changed":false},"brand":[805],"product_cat":[811],"product_tag":[],"class_list":{"0":"post-11915","1":"product","2":"type-product","3":"status-publish","4":"has-post-thumbnail","6":"brand-maksada-okgunly-de","7":"product_cat-putenfleisch","9":"first","10":"instock","11":"shipping-taxable","12":"purchasable","13":"product-type-simple"},"acf":[],"_links":{"self":[{"href":"https:\/\/turkmenexporter.com\/de\/wp-json\/wp\/v2\/product\/11915","targetHints":{"allow":["GET"]}}],"collection":[{"href":"https:\/\/turkmenexporter.com\/de\/wp-json\/wp\/v2\/product"}],"about":[{"href":"https:\/\/turkmenexporter.com\/de\/wp-json\/wp\/v2\/types\/product"}],"replies":[{"embeddable":true,"href":"https:\/\/turkmenexporter.com\/de\/wp-json\/wp\/v2\/comments?post=11915"}],"version-history":[{"count":0,"href":"https:\/\/turkmenexporter.com\/de\/wp-json\/wp\/v2\/product\/11915\/revisions"}],"wp:featuredmedia":[{"embeddable":true,"href":"https:\/\/turkmenexporter.com\/de\/wp-json\/wp\/v2\/media\/11137"}],"wp:attachment":[{"href":"https:\/\/turkmenexporter.com\/de\/wp-json\/wp\/v2\/media?parent=11915"}],"wp:term":[{"taxonomy":"brand","embeddable":true,"href":"https:\/\/turkmenexporter.com\/de\/wp-json\/wp\/v2\/brand?post=11915"},{"taxonomy":"product_cat","embeddable":true,"href":"https:\/\/turkmenexporter.com\/de\/wp-json\/wp\/v2\/product_cat?post=11915"},{"taxonomy":"product_tag","embeddable":true,"href":"https:\/\/turkmenexporter.com\/de\/wp-json\/wp\/v2\/product_tag?post=11915"}],"curies":[{"name":"wp","href":"https:\/\/api.w.org\/{rel}","templated":true}]}}