{"id":11947,"date":"2024-10-01T21:28:38","date_gmt":"2024-10-01T16:28:38","guid":{"rendered":"https:\/\/turkmenexporter.com\/product\/weisses-fleisch-truthahn-in-dosen-in-eigenem-saft\/"},"modified":"2024-10-01T21:28:38","modified_gmt":"2024-10-01T16:28:38","slug":"weisses-fleisch-truthahn-in-dosen-in-eigenem-saft","status":"publish","type":"product","link":"https:\/\/turkmenexporter.com\/de\/produkt\/weisses-fleisch-truthahn-in-dosen-in-eigenem-saft\/","title":{"rendered":"Truthahn in Dosen mit wei\u00dfem Fleisch im eigenen Saft"},"content":{"rendered":"<p>Zutaten: Wei\u00dfes Truthahnfleisch, gr\u00fcne Zwiebeln, Speisesalz, schwarzer Pfeffer, Lorbeerblatt.<br \/>\nDer Massenanteil des Fleisches betr\u00e4gt nicht weniger als 97,4%.<br \/>\nGewicht: 380 g.<br \/>\nLagerbedingungen: 0\u00b0C bis +20\u00b0C.<br \/>\nHaltbarkeitsdauer: 2,5 Jahre    <\/p>\n","protected":false},"excerpt":{"rendered":"<p>Truthahn in Dosen mit wei\u00dfem Fleisch im eigenen Saft 380 g.<br \/>\nHalal-Zertifikat <\/p>\n","protected":false},"featured_media":11353,"comment_status":"open","ping_status":"closed","template":"","meta":{"_acf_changed":false},"brand":[805],"product_cat":[811],"product_tag":[],"class_list":{"0":"post-11947","1":"product","2":"type-product","3":"status-publish","4":"has-post-thumbnail","6":"brand-maksada-okgunly-de","7":"product_cat-putenfleisch","9":"first","10":"instock","11":"shipping-taxable","12":"purchasable","13":"product-type-simple"},"acf":[],"_links":{"self":[{"href":"https:\/\/turkmenexporter.com\/de\/wp-json\/wp\/v2\/product\/11947","targetHints":{"allow":["GET"]}}],"collection":[{"href":"https:\/\/turkmenexporter.com\/de\/wp-json\/wp\/v2\/product"}],"about":[{"href":"https:\/\/turkmenexporter.com\/de\/wp-json\/wp\/v2\/types\/product"}],"replies":[{"embeddable":true,"href":"https:\/\/turkmenexporter.com\/de\/wp-json\/wp\/v2\/comments?post=11947"}],"version-history":[{"count":0,"href":"https:\/\/turkmenexporter.com\/de\/wp-json\/wp\/v2\/product\/11947\/revisions"}],"wp:featuredmedia":[{"embeddable":true,"href":"https:\/\/turkmenexporter.com\/de\/wp-json\/wp\/v2\/media\/11353"}],"wp:attachment":[{"href":"https:\/\/turkmenexporter.com\/de\/wp-json\/wp\/v2\/media?parent=11947"}],"wp:term":[{"taxonomy":"brand","embeddable":true,"href":"https:\/\/turkmenexporter.com\/de\/wp-json\/wp\/v2\/brand?post=11947"},{"taxonomy":"product_cat","embeddable":true,"href":"https:\/\/turkmenexporter.com\/de\/wp-json\/wp\/v2\/product_cat?post=11947"},{"taxonomy":"product_tag","embeddable":true,"href":"https:\/\/turkmenexporter.com\/de\/wp-json\/wp\/v2\/product_tag?post=11947"}],"curies":[{"name":"wp","href":"https:\/\/api.w.org\/{rel}","templated":true}]}}