{"id":11989,"date":"2024-10-01T21:29:00","date_gmt":"2024-10-01T16:29:00","guid":{"rendered":"https:\/\/turkmenexporter.com\/product\/gekuhltes-krakowska-turkey-fleisch-wiener\/"},"modified":"2024-10-01T21:29:00","modified_gmt":"2024-10-01T16:29:00","slug":"gekuhltes-krakowska-turkey-fleisch-wiener","status":"publish","type":"product","link":"https:\/\/turkmenexporter.com\/de\/produkt\/gekuhltes-krakowska-turkey-fleisch-wiener\/","title":{"rendered":"Gek\u00fchltes Krakowska Putenfleisch W\u00fcrstchen"},"content":{"rendered":"<p>Zutaten: Putenfleisch, Hartk\u00e4se, Margarine, Speisesalz, Konservierungsfarbstoff, E 250, gemahlener schwarzer Pfeffer, gemahlener Koriander.<br \/>\nGewicht: 500 g.<br \/>\nLagerbedingungen: 0\u00b0C bis +6\u00b0C.<br \/>\nHaltbarkeitsdauer: 30 Tage   <\/p>\n","protected":false},"excerpt":{"rendered":"<p>Gek\u00fchltes Krakowska Putenfleisch W\u00fcrstchen 500 g.<br \/>\nHalal-Zertifikat <\/p>\n","protected":false},"featured_media":11401,"comment_status":"open","ping_status":"closed","template":"","meta":{"_acf_changed":false},"brand":[805],"product_cat":[811],"product_tag":[],"class_list":{"0":"post-11989","1":"product","2":"type-product","3":"status-publish","4":"has-post-thumbnail","6":"brand-maksada-okgunly-de","7":"product_cat-putenfleisch","9":"first","10":"instock","11":"shipping-taxable","12":"purchasable","13":"product-type-simple"},"acf":[],"_links":{"self":[{"href":"https:\/\/turkmenexporter.com\/de\/wp-json\/wp\/v2\/product\/11989","targetHints":{"allow":["GET"]}}],"collection":[{"href":"https:\/\/turkmenexporter.com\/de\/wp-json\/wp\/v2\/product"}],"about":[{"href":"https:\/\/turkmenexporter.com\/de\/wp-json\/wp\/v2\/types\/product"}],"replies":[{"embeddable":true,"href":"https:\/\/turkmenexporter.com\/de\/wp-json\/wp\/v2\/comments?post=11989"}],"version-history":[{"count":0,"href":"https:\/\/turkmenexporter.com\/de\/wp-json\/wp\/v2\/product\/11989\/revisions"}],"wp:featuredmedia":[{"embeddable":true,"href":"https:\/\/turkmenexporter.com\/de\/wp-json\/wp\/v2\/media\/11401"}],"wp:attachment":[{"href":"https:\/\/turkmenexporter.com\/de\/wp-json\/wp\/v2\/media?parent=11989"}],"wp:term":[{"taxonomy":"brand","embeddable":true,"href":"https:\/\/turkmenexporter.com\/de\/wp-json\/wp\/v2\/brand?post=11989"},{"taxonomy":"product_cat","embeddable":true,"href":"https:\/\/turkmenexporter.com\/de\/wp-json\/wp\/v2\/product_cat?post=11989"},{"taxonomy":"product_tag","embeddable":true,"href":"https:\/\/turkmenexporter.com\/de\/wp-json\/wp\/v2\/product_tag?post=11989"}],"curies":[{"name":"wp","href":"https:\/\/api.w.org\/{rel}","templated":true}]}}