{"id":12498,"date":"2024-10-31T02:03:54","date_gmt":"2024-10-30T21:03:54","guid":{"rendered":"https:\/\/turkmenexporter.com\/product\/kunsthandwerker-turken-teppich\/"},"modified":"2024-10-31T02:03:54","modified_gmt":"2024-10-30T21:03:54","slug":"kunsthandwerker-turken-teppich","status":"publish","type":"product","link":"https:\/\/turkmenexporter.com\/de\/produkt\/kunsthandwerker-turken-teppich\/","title":{"rendered":"Kunsthandwerklicher turkmenischer Teppich"},"content":{"rendered":"<p>Artisan Turkmen Carpet &#8211; Wundersch\u00f6ner, handgefertigter turkmenischer Teppich, perfekt f\u00fcr jeden Raum. Grundierung: Wolle, Flor: Wolle, Kn\u00fcpfart: Von Hand gekn\u00fcpft (Asymmetrischer Knoten), Knotendichte: ca. 280.000 Knoten pro Quadratmeter, Dicke: \u224810 mm, Gr\u00f6\u00dfe: Wie vom Kunden gew\u00fcnscht.  <\/p>\n","protected":false},"excerpt":{"rendered":"<p>Wundersch\u00f6ner, handgefertigter turkmenischer Teppich, perfekt f\u00fcr jeden Raum. Preis pro Quadratmeter. <\/p>\n","protected":false},"featured_media":12378,"comment_status":"open","ping_status":"closed","template":"","meta":{"_acf_changed":false},"brand":[861],"product_cat":[855],"product_tag":[849],"class_list":{"0":"post-12498","1":"product","2":"type-product","3":"status-publish","4":"has-post-thumbnail","6":"brand-kumush-yupek-de","7":"product_cat-teppiche","8":"product_tag-front-product-de","10":"first","11":"instock","12":"shipping-taxable","13":"purchasable","14":"product-type-simple"},"acf":[],"_links":{"self":[{"href":"https:\/\/turkmenexporter.com\/de\/wp-json\/wp\/v2\/product\/12498","targetHints":{"allow":["GET"]}}],"collection":[{"href":"https:\/\/turkmenexporter.com\/de\/wp-json\/wp\/v2\/product"}],"about":[{"href":"https:\/\/turkmenexporter.com\/de\/wp-json\/wp\/v2\/types\/product"}],"replies":[{"embeddable":true,"href":"https:\/\/turkmenexporter.com\/de\/wp-json\/wp\/v2\/comments?post=12498"}],"version-history":[{"count":0,"href":"https:\/\/turkmenexporter.com\/de\/wp-json\/wp\/v2\/product\/12498\/revisions"}],"wp:featuredmedia":[{"embeddable":true,"href":"https:\/\/turkmenexporter.com\/de\/wp-json\/wp\/v2\/media\/12378"}],"wp:attachment":[{"href":"https:\/\/turkmenexporter.com\/de\/wp-json\/wp\/v2\/media?parent=12498"}],"wp:term":[{"taxonomy":"brand","embeddable":true,"href":"https:\/\/turkmenexporter.com\/de\/wp-json\/wp\/v2\/brand?post=12498"},{"taxonomy":"product_cat","embeddable":true,"href":"https:\/\/turkmenexporter.com\/de\/wp-json\/wp\/v2\/product_cat?post=12498"},{"taxonomy":"product_tag","embeddable":true,"href":"https:\/\/turkmenexporter.com\/de\/wp-json\/wp\/v2\/product_tag?post=12498"}],"curies":[{"name":"wp","href":"https:\/\/api.w.org\/{rel}","templated":true}]}}