{"id":12506,"date":"2024-10-31T02:03:55","date_gmt":"2024-10-30T21:03:55","guid":{"rendered":"https:\/\/turkmenexporter.com\/product\/turkmenische-teppiche\/"},"modified":"2024-10-31T02:03:55","modified_gmt":"2024-10-30T21:03:55","slug":"turkmenische-teppiche","status":"publish","type":"product","link":"https:\/\/turkmenexporter.com\/de\/produkt\/turkmenische-teppiche\/","title":{"rendered":"Turkmenischer Teppich"},"content":{"rendered":"<p>Turkmen Carpet &#8211; Vielseitiger handgefertigter turkmenischer Teppich, der zu verschiedenen Einrichtungsstilen passt. Grundierung: Wolle, Flor: Wolle, Kn\u00fcpfart: Von Hand gekn\u00fcpft (Asymmetrischer Knoten), Knotendichte: ca. 280.000 Knoten pro Quadratmeter, Dicke: \u224810 mm, Gr\u00f6\u00dfe: Wie vom Kunden gew\u00fcnscht.  <\/p>\n","protected":false},"excerpt":{"rendered":"<p>Vielseitiger turkmenischer Teppich, der zu verschiedenen Einrichtungsstilen passt. Preis pro Quadratmeter. <\/p>\n","protected":false},"featured_media":12450,"comment_status":"open","ping_status":"closed","template":"","meta":{"_acf_changed":false},"brand":[861],"product_cat":[855],"product_tag":[],"class_list":{"0":"post-12506","1":"product","2":"type-product","3":"status-publish","4":"has-post-thumbnail","6":"brand-kumush-yupek-de","7":"product_cat-teppiche","9":"first","10":"instock","11":"shipping-taxable","12":"purchasable","13":"product-type-simple"},"acf":[],"_links":{"self":[{"href":"https:\/\/turkmenexporter.com\/de\/wp-json\/wp\/v2\/product\/12506","targetHints":{"allow":["GET"]}}],"collection":[{"href":"https:\/\/turkmenexporter.com\/de\/wp-json\/wp\/v2\/product"}],"about":[{"href":"https:\/\/turkmenexporter.com\/de\/wp-json\/wp\/v2\/types\/product"}],"replies":[{"embeddable":true,"href":"https:\/\/turkmenexporter.com\/de\/wp-json\/wp\/v2\/comments?post=12506"}],"version-history":[{"count":0,"href":"https:\/\/turkmenexporter.com\/de\/wp-json\/wp\/v2\/product\/12506\/revisions"}],"wp:featuredmedia":[{"embeddable":true,"href":"https:\/\/turkmenexporter.com\/de\/wp-json\/wp\/v2\/media\/12450"}],"wp:attachment":[{"href":"https:\/\/turkmenexporter.com\/de\/wp-json\/wp\/v2\/media?parent=12506"}],"wp:term":[{"taxonomy":"brand","embeddable":true,"href":"https:\/\/turkmenexporter.com\/de\/wp-json\/wp\/v2\/brand?post=12506"},{"taxonomy":"product_cat","embeddable":true,"href":"https:\/\/turkmenexporter.com\/de\/wp-json\/wp\/v2\/product_cat?post=12506"},{"taxonomy":"product_tag","embeddable":true,"href":"https:\/\/turkmenexporter.com\/de\/wp-json\/wp\/v2\/product_tag?post=12506"}],"curies":[{"name":"wp","href":"https:\/\/api.w.org\/{rel}","templated":true}]}}