{"id":12516,"date":"2024-10-31T02:03:56","date_gmt":"2024-10-30T21:03:56","guid":{"rendered":"https:\/\/turkmenexporter.com\/product\/authentic-turkmen-teppich\/"},"modified":"2024-10-31T02:03:56","modified_gmt":"2024-10-30T21:03:56","slug":"authentic-turkmen-teppich","status":"publish","type":"product","link":"https:\/\/turkmenexporter.com\/de\/produkt\/authentic-turkmen-teppich\/","title":{"rendered":"Authentischer turkmenischer Teppich"},"content":{"rendered":"<p>Authentic Turkmen Carpet &#8211; Authentische handgefertigte turkmenische Teppiche, die das reiche kulturelle Erbe und die Kunstfertigkeit widerspiegeln. Grundierung: Wolle, Flor: Wolle, Kn\u00fcpfart: Von Hand gekn\u00fcpft (Asymmetrischer Knoten), Knotendichte: ca. 280.000 Knoten pro Quadratmeter, Dicke: \u224810 mm, Gr\u00f6\u00dfe: Wie vom Kunden gew\u00fcnscht.  <\/p>\n","protected":false},"excerpt":{"rendered":"<p>Authentischer turkmenischer Teppich, der das reiche kulturelle Erbe und die Kunstfertigkeit widerspiegelt. Preis pro Quadratmeter. <\/p>\n","protected":false},"featured_media":12384,"comment_status":"open","ping_status":"closed","template":"","meta":{"_acf_changed":false},"brand":[861],"product_cat":[855],"product_tag":[],"class_list":{"0":"post-12516","1":"product","2":"type-product","3":"status-publish","4":"has-post-thumbnail","6":"brand-kumush-yupek-de","7":"product_cat-teppiche","9":"first","10":"instock","11":"shipping-taxable","12":"purchasable","13":"product-type-simple"},"acf":[],"_links":{"self":[{"href":"https:\/\/turkmenexporter.com\/de\/wp-json\/wp\/v2\/product\/12516","targetHints":{"allow":["GET"]}}],"collection":[{"href":"https:\/\/turkmenexporter.com\/de\/wp-json\/wp\/v2\/product"}],"about":[{"href":"https:\/\/turkmenexporter.com\/de\/wp-json\/wp\/v2\/types\/product"}],"replies":[{"embeddable":true,"href":"https:\/\/turkmenexporter.com\/de\/wp-json\/wp\/v2\/comments?post=12516"}],"version-history":[{"count":0,"href":"https:\/\/turkmenexporter.com\/de\/wp-json\/wp\/v2\/product\/12516\/revisions"}],"wp:featuredmedia":[{"embeddable":true,"href":"https:\/\/turkmenexporter.com\/de\/wp-json\/wp\/v2\/media\/12384"}],"wp:attachment":[{"href":"https:\/\/turkmenexporter.com\/de\/wp-json\/wp\/v2\/media?parent=12516"}],"wp:term":[{"taxonomy":"brand","embeddable":true,"href":"https:\/\/turkmenexporter.com\/de\/wp-json\/wp\/v2\/brand?post=12516"},{"taxonomy":"product_cat","embeddable":true,"href":"https:\/\/turkmenexporter.com\/de\/wp-json\/wp\/v2\/product_cat?post=12516"},{"taxonomy":"product_tag","embeddable":true,"href":"https:\/\/turkmenexporter.com\/de\/wp-json\/wp\/v2\/product_tag?post=12516"}],"curies":[{"name":"wp","href":"https:\/\/api.w.org\/{rel}","templated":true}]}}