{"id":13403,"date":"2025-02-19T06:38:47","date_gmt":"2025-02-19T01:38:47","guid":{"rendered":"https:\/\/turkmenexporter.com\/product\/fries-garn\/"},"modified":"2025-02-19T21:47:16","modified_gmt":"2025-02-19T16:47:16","slug":"friesische-garne-2","status":"publish","type":"product","link":"https:\/\/turkmenexporter.com\/de\/produkt\/friesische-garne-2\/","title":{"rendered":"Friesische Garne"},"content":{"rendered":"<p>Die Friesgarne von Golden Yarn sind eine beliebte Wahl f\u00fcr die Herstellung weicher, pl\u00fcschiger und luxuri\u00f6ser Teppiche und Vorleger. Diese krausen, strukturierten Garne verleihen jedem Bodenbelag ein reichhaltiges, dreidimensionales Aussehen und sorgen f\u00fcr eine einzigartige \u00c4sthetik. Unsere Fries-Garne sind sowohl f\u00fcr Wohn- als auch f\u00fcr Gesch\u00e4ftsr\u00e4ume geeignet. Sie werden aus hochwertigem Polypropylen hergestellt und gew\u00e4hrleisten Langlebigkeit, einfache Pflege und ein angenehmes Fu\u00dfgef\u00fchl. Die Garne sind so konzipiert, dass sie ihre lockige Textur im Laufe der Zeit beibehalten und ihre Sch\u00f6nheit und Geschmeidigkeit \u00fcber Jahre hinweg bewahren. Rohmaterial: Polypropylen (PP)    <\/p>\n<p class=\"elementor-heading-title elementor-size-default\"><strong>Sie k\u00f6nnen eine bestimmte Bestellung aufgeben:<\/strong><\/p>\n<div class=\"elementor-element elementor-element-1ab09687 e-flex e-con-boxed e-con e-parent e-lazyloaded\" data-id=\"1ab09687\" data-element_type=\"container\">\n<div class=\"e-con-inner\">\n<div class=\"elementor-element elementor-element-1494d99a elementor-widget__width-initial elementor-widget elementor-widget-icon-box\" data-id=\"1494d99a\" data-element_type=\"widget\" data-widget_type=\"icon-box.default\">\n<div class=\"elementor-widget-container\">\n<div class=\"elementor-icon-box-wrapper\">\n<div class=\"elementor-icon-box-content\">\n<p class=\"elementor-icon-box-description\"><strong>Dtex : <\/strong>800 bis 5000 dtex<\/p>\n<\/div>\n<\/div>\n<\/div>\n<\/div>\n<div class=\"elementor-element elementor-element-373b1101 elementor-widget__width-initial elementor-widget elementor-widget-icon-box\" data-id=\"373b1101\" data-element_type=\"widget\" data-widget_type=\"icon-box.default\">\n<div class=\"elementor-widget-container\">\n<div class=\"elementor-icon-box-wrapper\">\n<div class=\"elementor-icon-box-content\">\n<p class=\"elementor-icon-box-title\"><strong>Gl\u00fchf\u00e4den : <\/strong>120-480<\/p>\n<\/div>\n<\/div>\n<\/div>\n<\/div>\n<div class=\"elementor-element elementor-element-6a7f98ee elementor-widget__width-initial elementor-widget elementor-widget-icon-box\" data-id=\"6a7f98ee\" data-element_type=\"widget\" data-widget_type=\"icon-box.default\">\n<div class=\"elementor-widget-container\">\n<div class=\"elementor-icon-box-wrapper\">\n<div class=\"elementor-icon-box-content\">\n<p class=\"elementor-icon-box-title\"><strong>Form der Spinnd\u00fcse : <\/strong>Trilobal, Delta, Kreisf\u00f6rmig (oder benutzerdefinierte Optionen)<\/p>\n<\/div>\n<\/div>\n<\/div>\n<\/div>\n<div class=\"elementor-element elementor-element-3410f007 elementor-widget__width-initial elementor-widget elementor-widget-icon-box\" data-id=\"3410f007\" data-element_type=\"widget\" data-widget_type=\"icon-box.default\">\n<div class=\"elementor-widget-container\">\n<div class=\"elementor-icon-box-wrapper\">\n<div class=\"elementor-icon-box-content\">\n<p class=\"elementor-icon-box-title\"><strong>Dehnung (%) : <\/strong>30-60<\/p>\n<\/div>\n<\/div>\n<\/div>\n<\/div>\n<div class=\"elementor-element elementor-element-23d3366b elementor-widget__width-initial elementor-widget elementor-widget-icon-box\" data-id=\"23d3366b\" data-element_type=\"widget\" data-widget_type=\"icon-box.default\">\n<div class=\"elementor-widget-container\">\n<div class=\"elementor-icon-box-wrapper\">\n<div class=\"elementor-icon-box-content\">\n<p class=\"elementor-icon-box-title\"><strong>Z\u00e4higkeit: <\/strong>1,8-2,5<\/p>\n<\/div>\n<\/div>\n<\/div>\n<\/div>\n<\/div>\n<\/div>\n<div class=\"elementor-element elementor-element-2a0a0695 e-flex e-con-boxed e-con e-parent e-lazyloaded\" data-id=\"2a0a0695\" data-element_type=\"container\">\n<div class=\"e-con-inner\">\n<div class=\"elementor-element elementor-element-750c817 elementor-widget__width-initial elementor-widget elementor-widget-icon-box\" data-id=\"750c817\" data-element_type=\"widget\" data-widget_type=\"icon-box.default\">\n<div class=\"elementor-widget-container\">\n<div class=\"elementor-icon-box-wrapper\">\n<div class=\"elementor-icon-box-content\">\n<p class=\"elementor-icon-box-title\"><strong>Kr\u00e4uselung (%) :<\/strong> 18-25<\/p>\n<\/div>\n<\/div>\n<\/div>\n<\/div>\n<div class=\"elementor-element elementor-element-2f0e9b54 elementor-widget__width-initial elementor-widget elementor-widget-icon-box\" data-id=\"2f0e9b54\" data-element_type=\"widget\" data-widget_type=\"icon-box.default\">\n<div class=\"elementor-widget-container\">\n<div class=\"elementor-icon-box-wrapper\">\n<div class=\"elementor-icon-box-content\">\n<p class=\"elementor-icon-box-title\"><strong>Schrumpfung (%) : <\/strong>3-5<\/p>\n<\/div>\n<\/div>\n<\/div>\n<\/div>\n<div class=\"elementor-element elementor-element-39a09b87 elementor-widget__width-initial elementor-widget elementor-widget-icon-box\" data-id=\"39a09b87\" data-element_type=\"widget\" data-widget_type=\"icon-box.default\">\n<div class=\"elementor-widget-container\">\n<div class=\"elementor-icon-box-wrapper\">\n<div class=\"elementor-icon-box-content\">\n<p class=\"elementor-icon-box-title\"><strong> Spinn\u00f6l (%) : <\/strong>0,8 &#8211; 1,2<\/p>\n<\/div>\n<\/div>\n<\/div>\n<\/div>\n<div class=\"elementor-element elementor-element-344410d1 elementor-widget__width-initial elementor-widget elementor-widget-icon-box\" data-id=\"344410d1\" data-element_type=\"widget\" data-widget_type=\"icon-box.default\">\n<div class=\"elementor-widget-container\">\n<div class=\"elementor-icon-box-wrapper\">\n<div class=\"elementor-icon-box-content\">\n<p class=\"elementor-icon-box-title\"><strong> Reibechtheit: <\/strong>6-7<\/p>\n<\/div>\n<\/div>\n<\/div>\n<\/div>\n<div class=\"elementor-element elementor-element-56acd590 elementor-widget__width-initial elementor-widget elementor-widget-icon-box\" data-id=\"56acd590\" data-element_type=\"widget\" data-widget_type=\"icon-box.default\">\n<div class=\"elementor-widget-container\">\n<div class=\"elementor-icon-box-wrapper\">\n<div class=\"elementor-icon-box-content\">\n<p class=\"elementor-icon-box-title\"><strong>Twist : <\/strong>40 TPM-700 Tpm S, Z Single und Verkabelung<\/p>\n<\/div>\n<\/div>\n<\/div>\n<\/div>\n<div class=\"elementor-element elementor-element-54cd13ff elementor-widget__width-initial elementor-widget elementor-widget-icon-box\" data-id=\"54cd13ff\" data-element_type=\"widget\" data-widget_type=\"icon-box.default\">\n<div class=\"elementor-widget-container\">\n<div class=\"elementor-icon-box-wrapper\">\n<div class=\"elementor-icon-box-content\">\n<p class=\"elementor-icon-box-title\"><strong> Knotenanzahl (m) : <\/strong>20-35<\/p>\n<\/div>\n<\/div>\n<\/div>\n<\/div>\n<\/div>\n<\/div>\n","protected":false},"excerpt":{"rendered":"<p>Der angegebene Preis gilt f\u00fcr 1 kg.<\/p>\n<p>Die Fries-Garne von Golden Yarn zeichnen sich durch eine luxuri\u00f6se , gekr\u00e4uselte Textur aus, die pl\u00fcschige, weiche Teppiche und Teppichb\u00f6den erzeugt. Sie sind ideal f\u00fcr Wohn- und Gesch\u00e4ftsr\u00e4ume und bieten Haltbarkeit und Komfort. <\/p>\n","protected":false},"featured_media":13340,"comment_status":"open","ping_status":"closed","template":"","meta":{"_acf_changed":false},"brand":[868],"product_cat":[880],"product_tag":[],"class_list":{"0":"post-13403","1":"product","2":"type-product","3":"status-publish","4":"has-post-thumbnail","6":"brand-golden-yarn-de","7":"product_cat-polypropylen-garne-fur-teppiche","9":"first","10":"instock","11":"shipping-taxable","12":"purchasable","13":"product-type-simple"},"acf":[],"_links":{"self":[{"href":"https:\/\/turkmenexporter.com\/de\/wp-json\/wp\/v2\/product\/13403","targetHints":{"allow":["GET"]}}],"collection":[{"href":"https:\/\/turkmenexporter.com\/de\/wp-json\/wp\/v2\/product"}],"about":[{"href":"https:\/\/turkmenexporter.com\/de\/wp-json\/wp\/v2\/types\/product"}],"replies":[{"embeddable":true,"href":"https:\/\/turkmenexporter.com\/de\/wp-json\/wp\/v2\/comments?post=13403"}],"version-history":[{"count":1,"href":"https:\/\/turkmenexporter.com\/de\/wp-json\/wp\/v2\/product\/13403\/revisions"}],"predecessor-version":[{"id":13408,"href":"https:\/\/turkmenexporter.com\/de\/wp-json\/wp\/v2\/product\/13403\/revisions\/13408"}],"wp:featuredmedia":[{"embeddable":true,"href":"https:\/\/turkmenexporter.com\/de\/wp-json\/wp\/v2\/media\/13340"}],"wp:attachment":[{"href":"https:\/\/turkmenexporter.com\/de\/wp-json\/wp\/v2\/media?parent=13403"}],"wp:term":[{"taxonomy":"brand","embeddable":true,"href":"https:\/\/turkmenexporter.com\/de\/wp-json\/wp\/v2\/brand?post=13403"},{"taxonomy":"product_cat","embeddable":true,"href":"https:\/\/turkmenexporter.com\/de\/wp-json\/wp\/v2\/product_cat?post=13403"},{"taxonomy":"product_tag","embeddable":true,"href":"https:\/\/turkmenexporter.com\/de\/wp-json\/wp\/v2\/product_tag?post=13403"}],"curies":[{"name":"wp","href":"https:\/\/api.w.org\/{rel}","templated":true}]}}