{"id":13404,"date":"2025-02-19T06:20:32","date_gmt":"2025-02-19T01:20:32","guid":{"rendered":"https:\/\/turkmenexporter.com\/product\/friesische-garne\/"},"modified":"2025-02-19T06:20:32","modified_gmt":"2025-02-19T01:20:32","slug":"friesische-garne","status":"publish","type":"product","link":"https:\/\/turkmenexporter.com\/de\/produkt\/friesische-garne\/","title":{"rendered":"BCF-Garne"},"content":{"rendered":"<p>Die BCF-Garne von Golden Yarn werden mit Pr\u00e4zision hergestellt, um eine dauerhafte und flexible L\u00f6sung f\u00fcr stark beanspruchte Bereiche zu bieten. Diese aus hochwertigem Polypropylen hergestellten Garne sind so konzipiert, dass sie ihre Form und Weichheit im Laufe der Zeit beibehalten, was sie ideal f\u00fcr Teppiche macht, die starker Beanspruchung standhalten m\u00fcssen. Ganz gleich, ob Sie Teppiche f\u00fcr den Wohnbereich oder f\u00fcr gewerbliche Zwecke herstellen, BCF-Garne bieten eine ausgezeichnete Elastizit\u00e4t, leuchtende Farben und eine hervorragende Leistung. Dank unserer fortschrittlichen europ\u00e4ischen Fertigungstechnologie k\u00f6nnen Sie darauf vertrauen, dass Golden Yarn die hochwertigsten BCF-Garne zum besten Marktpreis liefert. Rohmaterial: Polypropylen (PP)    <\/p>\n<p class=\"elementor-heading-title elementor-size-default\"><strong>Sie k\u00f6nnen eine bestimmte Bestellung aufgeben:<\/strong><\/p>\n<div class=\"elementor-element elementor-element-1ab09687 e-flex e-con-boxed e-con e-parent e-lazyloaded\" data-id=\"1ab09687\" data-element_type=\"container\">\n<div class=\"e-con-inner\">\n<div class=\"elementor-element elementor-element-1494d99a elementor-widget__width-initial elementor-widget elementor-widget-icon-box\" data-id=\"1494d99a\" data-element_type=\"widget\" data-widget_type=\"icon-box.default\">\n<div class=\"elementor-widget-container\">\n<div class=\"elementor-icon-box-wrapper\">\n<div class=\"elementor-icon-box-content\">\n<p class=\"elementor-icon-box-description\"><strong>Dtex : <\/strong>800 bis 5000 dtex<\/p>\n<\/div>\n<\/div>\n<\/div>\n<\/div>\n<div class=\"elementor-element elementor-element-373b1101 elementor-widget__width-initial elementor-widget elementor-widget-icon-box\" data-id=\"373b1101\" data-element_type=\"widget\" data-widget_type=\"icon-box.default\">\n<div class=\"elementor-widget-container\">\n<div class=\"elementor-icon-box-wrapper\">\n<div class=\"elementor-icon-box-content\">\n<p class=\"elementor-icon-box-title\"><strong>Gl\u00fchf\u00e4den : <\/strong>120-480<\/p>\n<\/div>\n<\/div>\n<\/div>\n<\/div>\n<div class=\"elementor-element elementor-element-6a7f98ee elementor-widget__width-initial elementor-widget elementor-widget-icon-box\" data-id=\"6a7f98ee\" data-element_type=\"widget\" data-widget_type=\"icon-box.default\">\n<div class=\"elementor-widget-container\">\n<div class=\"elementor-icon-box-wrapper\">\n<div class=\"elementor-icon-box-content\">\n<p class=\"elementor-icon-box-title\"><strong>Form der Spinnd\u00fcse : <\/strong>Trilobal, Delta, Kreisf\u00f6rmig (oder benutzerdefinierte Optionen)<\/p>\n<\/div>\n<\/div>\n<\/div>\n<\/div>\n<div class=\"elementor-element elementor-element-3410f007 elementor-widget__width-initial elementor-widget elementor-widget-icon-box\" data-id=\"3410f007\" data-element_type=\"widget\" data-widget_type=\"icon-box.default\">\n<div class=\"elementor-widget-container\">\n<div class=\"elementor-icon-box-wrapper\">\n<div class=\"elementor-icon-box-content\">\n<p class=\"elementor-icon-box-title\"><strong>Dehnung (%) : <\/strong>30-60<\/p>\n<\/div>\n<\/div>\n<\/div>\n<\/div>\n<div class=\"elementor-element elementor-element-23d3366b elementor-widget__width-initial elementor-widget elementor-widget-icon-box\" data-id=\"23d3366b\" data-element_type=\"widget\" data-widget_type=\"icon-box.default\">\n<div class=\"elementor-widget-container\">\n<div class=\"elementor-icon-box-wrapper\">\n<div class=\"elementor-icon-box-content\">\n<p class=\"elementor-icon-box-title\"><strong>Z\u00e4higkeit: <\/strong>1,8-2,5<\/p>\n<\/div>\n<\/div>\n<\/div>\n<\/div>\n<\/div>\n<\/div>\n<div class=\"elementor-element elementor-element-2a0a0695 e-flex e-con-boxed e-con e-parent e-lazyloaded\" data-id=\"2a0a0695\" data-element_type=\"container\">\n<div class=\"e-con-inner\">\n<div class=\"elementor-element elementor-element-750c817 elementor-widget__width-initial elementor-widget elementor-widget-icon-box\" data-id=\"750c817\" data-element_type=\"widget\" data-widget_type=\"icon-box.default\">\n<div class=\"elementor-widget-container\">\n<div class=\"elementor-icon-box-wrapper\">\n<div class=\"elementor-icon-box-content\">\n<p class=\"elementor-icon-box-title\"><strong>Kr\u00e4uselung (%) :<\/strong> 18-25<\/p>\n<\/div>\n<\/div>\n<\/div>\n<\/div>\n<div class=\"elementor-element elementor-element-2f0e9b54 elementor-widget__width-initial elementor-widget elementor-widget-icon-box\" data-id=\"2f0e9b54\" data-element_type=\"widget\" data-widget_type=\"icon-box.default\">\n<div class=\"elementor-widget-container\">\n<div class=\"elementor-icon-box-wrapper\">\n<div class=\"elementor-icon-box-content\">\n<p class=\"elementor-icon-box-title\"><strong>Schrumpfung (%) : <\/strong>3-5<\/p>\n<\/div>\n<\/div>\n<\/div>\n<\/div>\n<div class=\"elementor-element elementor-element-39a09b87 elementor-widget__width-initial elementor-widget elementor-widget-icon-box\" data-id=\"39a09b87\" data-element_type=\"widget\" data-widget_type=\"icon-box.default\">\n<div class=\"elementor-widget-container\">\n<div class=\"elementor-icon-box-wrapper\">\n<div class=\"elementor-icon-box-content\">\n<p class=\"elementor-icon-box-title\"><strong> Spinn\u00f6l (%) : <\/strong>0,8 &#8211; 1,2<\/p>\n<\/div>\n<\/div>\n<\/div>\n<\/div>\n<div class=\"elementor-element elementor-element-344410d1 elementor-widget__width-initial elementor-widget elementor-widget-icon-box\" data-id=\"344410d1\" data-element_type=\"widget\" data-widget_type=\"icon-box.default\">\n<div class=\"elementor-widget-container\">\n<div class=\"elementor-icon-box-wrapper\">\n<div class=\"elementor-icon-box-content\">\n<p class=\"elementor-icon-box-title\"><strong> Reibechtheit: <\/strong>6-7<\/p>\n<\/div>\n<\/div>\n<\/div>\n<\/div>\n<div class=\"elementor-element elementor-element-54cd13ff elementor-widget__width-initial elementor-widget elementor-widget-icon-box\" data-id=\"54cd13ff\" data-element_type=\"widget\" data-widget_type=\"icon-box.default\">\n<div class=\"elementor-widget-container\">\n<div class=\"elementor-icon-box-wrapper\">\n<div class=\"elementor-icon-box-content\">\n<p class=\"elementor-icon-box-title\"><strong> Knotenanzahl (m) : <\/strong>20-35<\/p>\n<\/div>\n<\/div>\n<\/div>\n<\/div>\n<\/div>\n<\/div>\n","protected":false},"excerpt":{"rendered":"<p>Der angegebene Preis gilt f\u00fcr 1 kg.<\/p>\n<p>Die BCF-Garne von Golden Yarn bieten un\u00fcbertroffene Haltbarkeit und Flexibilit\u00e4t, perfekt f\u00fcr stark beanspruchte Teppiche und Teppichb\u00f6den. Hergestellt aus hochwertigem Polypropylen, behalten sie ihre Form und Weichheit \u00fcber die Zeit. <\/p>\n","protected":false},"featured_media":13308,"comment_status":"open","ping_status":"closed","template":"","meta":{"_acf_changed":false},"brand":[868],"product_cat":[880],"product_tag":[849],"class_list":{"0":"post-13404","1":"product","2":"type-product","3":"status-publish","4":"has-post-thumbnail","6":"brand-golden-yarn-de","7":"product_cat-polypropylen-garne-fur-teppiche","8":"product_tag-front-product-de","10":"first","11":"instock","12":"shipping-taxable","13":"purchasable","14":"product-type-simple"},"acf":[],"_links":{"self":[{"href":"https:\/\/turkmenexporter.com\/de\/wp-json\/wp\/v2\/product\/13404","targetHints":{"allow":["GET"]}}],"collection":[{"href":"https:\/\/turkmenexporter.com\/de\/wp-json\/wp\/v2\/product"}],"about":[{"href":"https:\/\/turkmenexporter.com\/de\/wp-json\/wp\/v2\/types\/product"}],"replies":[{"embeddable":true,"href":"https:\/\/turkmenexporter.com\/de\/wp-json\/wp\/v2\/comments?post=13404"}],"version-history":[{"count":0,"href":"https:\/\/turkmenexporter.com\/de\/wp-json\/wp\/v2\/product\/13404\/revisions"}],"wp:featuredmedia":[{"embeddable":true,"href":"https:\/\/turkmenexporter.com\/de\/wp-json\/wp\/v2\/media\/13308"}],"wp:attachment":[{"href":"https:\/\/turkmenexporter.com\/de\/wp-json\/wp\/v2\/media?parent=13404"}],"wp:term":[{"taxonomy":"brand","embeddable":true,"href":"https:\/\/turkmenexporter.com\/de\/wp-json\/wp\/v2\/brand?post=13404"},{"taxonomy":"product_cat","embeddable":true,"href":"https:\/\/turkmenexporter.com\/de\/wp-json\/wp\/v2\/product_cat?post=13404"},{"taxonomy":"product_tag","embeddable":true,"href":"https:\/\/turkmenexporter.com\/de\/wp-json\/wp\/v2\/product_tag?post=13404"}],"curies":[{"name":"wp","href":"https:\/\/api.w.org\/{rel}","templated":true}]}}