{"id":13834,"date":"2025-03-05T06:15:58","date_gmt":"2025-03-05T01:15:58","guid":{"rendered":"https:\/\/turkmenexporter.com\/product\/ballbon-bonbon-karamell\/"},"modified":"2025-03-08T15:55:12","modified_gmt":"2025-03-08T10:55:12","slug":"ballbon-bonbon-karamell","status":"publish","type":"product","link":"https:\/\/turkmenexporter.com\/de\/produkt\/ballbon-bonbon-karamell\/","title":{"rendered":"BALLBON Bonbon Karamell"},"content":{"rendered":"<p data-start=\"157\" data-end=\"511\">Genie\u00dfen Sie den reichhaltigen, weichen Geschmack von Balsheker BALLBON Karamellbonbons, die fachm\u00e4nnisch hergestellt werden, um einen k\u00f6stlich cremigen Karamellgeschmack in jedem Bissen zu bieten. Diese unwiderstehlichen Karamellbonbons werden unter Verwendung hochwertiger Zutaten und moderner Konditoreitechniken hergestellt und schmelzen auf der Zunge, wobei sie ein perfektes Gleichgewicht zwischen S\u00fc\u00dfe und Textur bieten. <\/p>\n<p>Produktzusammensetzung: Kristallzucker, Melasse, S\u00e4ureregulator Zitronens\u00e4ure (E330), naturidentische Aromen \u201eEukalyptus\u201c, \u201eHerzoginbirne\u201c, \u201eBerberitze\u201c, \u201eMinze\u201c, synthetische Lebensmittelfarbe E102 + E133.<\/p>\n<p>Lagerungsbedingungen: An einem trockenen und k\u00fchlen Ort bei einer erh\u00f6hten Temperatur von 18\u00b13 \u00b0C und einer Luftfeuchtigkeit von nicht mehr als 75%.<\/p>\n<p>Haltbarkeitsdauer: 6 Monate. Das Produkt ist zertifiziert.<\/p>\n<p>Enth\u00e4lt keine GVO.<\/p>\n","protected":false},"excerpt":{"rendered":"<p>Karamellbonbons in polietilen Paket 1000 gr.<br \/>\n7 Packungen in einer Schachtel.<br \/>\nBrutto-Box Gewicht 7,33 kg.<\/p>\n","protected":false},"featured_media":13751,"comment_status":"open","ping_status":"closed","template":"","meta":{"_acf_changed":false},"brand":[897],"product_cat":[302],"product_tag":[],"class_list":{"0":"post-13834","1":"product","2":"type-product","3":"status-publish","4":"has-post-thumbnail","6":"brand-balsheker-de","7":"product_cat-bonbons","9":"first","10":"instock","11":"shipping-taxable","12":"purchasable","13":"product-type-simple"},"acf":[],"_links":{"self":[{"href":"https:\/\/turkmenexporter.com\/de\/wp-json\/wp\/v2\/product\/13834","targetHints":{"allow":["GET"]}}],"collection":[{"href":"https:\/\/turkmenexporter.com\/de\/wp-json\/wp\/v2\/product"}],"about":[{"href":"https:\/\/turkmenexporter.com\/de\/wp-json\/wp\/v2\/types\/product"}],"replies":[{"embeddable":true,"href":"https:\/\/turkmenexporter.com\/de\/wp-json\/wp\/v2\/comments?post=13834"}],"version-history":[{"count":1,"href":"https:\/\/turkmenexporter.com\/de\/wp-json\/wp\/v2\/product\/13834\/revisions"}],"predecessor-version":[{"id":13881,"href":"https:\/\/turkmenexporter.com\/de\/wp-json\/wp\/v2\/product\/13834\/revisions\/13881"}],"wp:featuredmedia":[{"embeddable":true,"href":"https:\/\/turkmenexporter.com\/de\/wp-json\/wp\/v2\/media\/13751"}],"wp:attachment":[{"href":"https:\/\/turkmenexporter.com\/de\/wp-json\/wp\/v2\/media?parent=13834"}],"wp:term":[{"taxonomy":"brand","embeddable":true,"href":"https:\/\/turkmenexporter.com\/de\/wp-json\/wp\/v2\/brand?post=13834"},{"taxonomy":"product_cat","embeddable":true,"href":"https:\/\/turkmenexporter.com\/de\/wp-json\/wp\/v2\/product_cat?post=13834"},{"taxonomy":"product_tag","embeddable":true,"href":"https:\/\/turkmenexporter.com\/de\/wp-json\/wp\/v2\/product_tag?post=13834"}],"curies":[{"name":"wp","href":"https:\/\/api.w.org\/{rel}","templated":true}]}}