{"id":13980,"date":"2025-03-08T17:26:37","date_gmt":"2025-03-08T12:26:37","guid":{"rendered":"https:\/\/turkmenexporter.com\/product\/karamellbonbon-mit-wassermelonengeschmack\/"},"modified":"2025-03-23T00:29:10","modified_gmt":"2025-03-22T19:29:10","slug":"karamellbonbon-mit-wassermelonengeschmack","status":"publish","type":"product","link":"https:\/\/turkmenexporter.com\/de\/produkt\/karamellbonbon-mit-wassermelonengeschmack\/","title":{"rendered":"Karamellbonbon mit Wassermelonengeschmack"},"content":{"rendered":"<p>Balsheker Candy Caramel &#8211; Watermelon Flavour wird aus hochwertigen Zutaten hergestellt und bietet einen reichhaltigen, erfrischenden und genussvollen Geschmack. Perfekt f\u00fcr Einzelhandel, Gro\u00dfhandel und S\u00fc\u00dfigkeitenliebhaber! <\/p>\n<p>Produktzusammensetzung: Kristallzucker, Melasse, S\u00e4ureregulator Zitronens\u00e4ure (E330), naturidentisches Aroma \u201eWassermelone\u201c, synthetischer Lebensmittelfarbstoff E124.<\/p>\n<p>Lagerungsbedingungen: An einem trockenen und k\u00fchlen Ort bei einer erh\u00f6hten Temperatur von 18\u00b13 \u00b0C und einer Luftfeuchtigkeit von nicht mehr als 75%.<\/p>\n<p>Haltbarkeitsdauer: 6 Monate. Das Produkt ist zertifiziert.<\/p>\n<p>Enth\u00e4lt keine GVO.<\/p>\n","protected":false},"excerpt":{"rendered":"<p>Karamellbonbons 30 g.<\/p>\n<p>35 St\u00fcck in einer Packung. 8 Packungen in einer Schachtel. <\/p>\n<p>Bruttogewicht des Kartons 9 kg.<\/p>\n","protected":false},"featured_media":13923,"comment_status":"open","ping_status":"closed","template":"","meta":{"_acf_changed":false},"brand":[897],"product_cat":[302],"product_tag":[],"class_list":{"0":"post-13980","1":"product","2":"type-product","3":"status-publish","4":"has-post-thumbnail","6":"brand-balsheker-de","7":"product_cat-bonbons","9":"first","10":"instock","11":"shipping-taxable","12":"purchasable","13":"product-type-simple"},"acf":[],"_links":{"self":[{"href":"https:\/\/turkmenexporter.com\/de\/wp-json\/wp\/v2\/product\/13980","targetHints":{"allow":["GET"]}}],"collection":[{"href":"https:\/\/turkmenexporter.com\/de\/wp-json\/wp\/v2\/product"}],"about":[{"href":"https:\/\/turkmenexporter.com\/de\/wp-json\/wp\/v2\/types\/product"}],"replies":[{"embeddable":true,"href":"https:\/\/turkmenexporter.com\/de\/wp-json\/wp\/v2\/comments?post=13980"}],"version-history":[{"count":1,"href":"https:\/\/turkmenexporter.com\/de\/wp-json\/wp\/v2\/product\/13980\/revisions"}],"predecessor-version":[{"id":14318,"href":"https:\/\/turkmenexporter.com\/de\/wp-json\/wp\/v2\/product\/13980\/revisions\/14318"}],"wp:featuredmedia":[{"embeddable":true,"href":"https:\/\/turkmenexporter.com\/de\/wp-json\/wp\/v2\/media\/13923"}],"wp:attachment":[{"href":"https:\/\/turkmenexporter.com\/de\/wp-json\/wp\/v2\/media?parent=13980"}],"wp:term":[{"taxonomy":"brand","embeddable":true,"href":"https:\/\/turkmenexporter.com\/de\/wp-json\/wp\/v2\/brand?post=13980"},{"taxonomy":"product_cat","embeddable":true,"href":"https:\/\/turkmenexporter.com\/de\/wp-json\/wp\/v2\/product_cat?post=13980"},{"taxonomy":"product_tag","embeddable":true,"href":"https:\/\/turkmenexporter.com\/de\/wp-json\/wp\/v2\/product_tag?post=13980"}],"curies":[{"name":"wp","href":"https:\/\/api.w.org\/{rel}","templated":true}]}}