{"id":13982,"date":"2025-03-08T16:50:04","date_gmt":"2025-03-08T11:50:04","guid":{"rendered":"https:\/\/turkmenexporter.com\/product\/chocoball-schokoladen-maisflocken\/"},"modified":"2025-03-22T23:41:27","modified_gmt":"2025-03-22T18:41:27","slug":"chocoball-schokoladen-maisflocken","status":"publish","type":"product","link":"https:\/\/turkmenexporter.com\/de\/produkt\/chocoball-schokoladen-maisflocken\/","title":{"rendered":"CHOCOBALL Schokoladen-Maisflocken"},"content":{"rendered":"<p data-start=\"184\" data-end=\"511\">Balsheker CHOCOBALL Fr\u00fchst\u00fcck mit Schokoladenglasur &#8211; Knusprige Getreidekugeln mit einer reichhaltigen Schokoladenglasur, perfekt zum Fr\u00fchst\u00fcck oder als Snack. Genie\u00dfen Sie sie mit Milch oder als k\u00f6stliche Leckerei f\u00fcr unterwegs! <\/p>\n<p>Produktzusammensetzung: hochwertiges Weizenmehl, Maismehl, Palm\u00f6l, Puderzucker, Grie\u00df, Trockenmilch, Sirup, Kakaopulver, Schokoladenglasur, nat\u00fcrliche Farbstoffe E124, E102, E133.<\/p>\n<p>Lagerungsbedingungen: Trocken und k\u00fchl bei einer Temperatur von 18\u00b0C und einer relativen Luftfeuchtigkeit von nicht mehr als 75% lagern.<\/p>\n<p>Haltbarkeitsdauer: 6 Monate. Das Produkt ist zertifiziert.<br \/>\nEnth\u00e4lt keine GVO.<\/p>\n","protected":false},"excerpt":{"rendered":"<p>Schokoladen-Maisflocken 35g.<\/p>\n<p>20 Pakete in einem B\u00fcndel. 8 Pakete in einer Schachtel. <\/p>\n<p>Bruttogewicht des Kartons 6,83 kg.<\/p>\n","protected":false},"featured_media":13900,"comment_status":"open","ping_status":"closed","template":"","meta":{"_acf_changed":false},"brand":[897],"product_cat":[923],"product_tag":[],"class_list":{"0":"post-13982","1":"product","2":"type-product","3":"status-publish","4":"has-post-thumbnail","6":"brand-balsheker-de","7":"product_cat-getreide","9":"first","10":"instock","11":"shipping-taxable","12":"purchasable","13":"product-type-simple"},"acf":[],"_links":{"self":[{"href":"https:\/\/turkmenexporter.com\/de\/wp-json\/wp\/v2\/product\/13982","targetHints":{"allow":["GET"]}}],"collection":[{"href":"https:\/\/turkmenexporter.com\/de\/wp-json\/wp\/v2\/product"}],"about":[{"href":"https:\/\/turkmenexporter.com\/de\/wp-json\/wp\/v2\/types\/product"}],"replies":[{"embeddable":true,"href":"https:\/\/turkmenexporter.com\/de\/wp-json\/wp\/v2\/comments?post=13982"}],"version-history":[{"count":1,"href":"https:\/\/turkmenexporter.com\/de\/wp-json\/wp\/v2\/product\/13982\/revisions"}],"predecessor-version":[{"id":14255,"href":"https:\/\/turkmenexporter.com\/de\/wp-json\/wp\/v2\/product\/13982\/revisions\/14255"}],"wp:featuredmedia":[{"embeddable":true,"href":"https:\/\/turkmenexporter.com\/de\/wp-json\/wp\/v2\/media\/13900"}],"wp:attachment":[{"href":"https:\/\/turkmenexporter.com\/de\/wp-json\/wp\/v2\/media?parent=13982"}],"wp:term":[{"taxonomy":"brand","embeddable":true,"href":"https:\/\/turkmenexporter.com\/de\/wp-json\/wp\/v2\/brand?post=13982"},{"taxonomy":"product_cat","embeddable":true,"href":"https:\/\/turkmenexporter.com\/de\/wp-json\/wp\/v2\/product_cat?post=13982"},{"taxonomy":"product_tag","embeddable":true,"href":"https:\/\/turkmenexporter.com\/de\/wp-json\/wp\/v2\/product_tag?post=13982"}],"curies":[{"name":"wp","href":"https:\/\/api.w.org\/{rel}","templated":true}]}}