{"id":14003,"date":"2025-03-08T17:03:05","date_gmt":"2025-03-08T12:03:05","guid":{"rendered":"https:\/\/turkmenexporter.com\/product\/chocoball-schoko-fruhstuckscerealien\/"},"modified":"2025-03-08T17:03:05","modified_gmt":"2025-03-08T12:03:05","slug":"chocoball-schoko-fruhstuckscerealien","status":"publish","type":"product","link":"https:\/\/turkmenexporter.com\/de\/produkt\/chocoball-schoko-fruhstuckscerealien\/","title":{"rendered":"CHOCOBALL Schoko-Fr\u00fchst\u00fcckscerealien"},"content":{"rendered":"<div class=\"flex max-w-full flex-col flex-grow\">\n<div class=\"min-h-8 text-message relative flex w-full flex-col items-end gap-2 whitespace-normal break-words text-start [.text-message+&amp;]:mt-5\" dir=\"auto\" data-message-author-role=\"assistant\" data-message-id=\"4ff00326-9afd-446c-83c0-a5f9d1229831\" data-message-model-slug=\"gpt-4o\">\n<div class=\"flex w-full flex-col gap-1 empty:hidden first:pt-[3px]\">\n<div class=\"markdown prose w-full break-words dark:prose-invert dark\">\n<p data-start=\"1376\" data-end=\"1562\" data-is-last-node=\"\" data-is-only-node=\"\">Balsheker CHOCOBALL Schoko-Fr\u00fchst\u00fcckscerealien &#8211; Ein knuspriges, schokoladen\u00fcberzogenes M\u00fcsli mit reichem Kakaogeschmack. Perfekt mit Milch zum Fr\u00fchst\u00fcck oder als k\u00f6stlicher Snack zu jeder Zeit! Mit dem Balsheker CHOCOBALL Schoko-Fr\u00fchst\u00fcckscerealien wird jeder Morgen k\u00f6stlich und energiegeladen. Dieses knusprige, schokoladige M\u00fcsli bietet die perfekte Mischung aus Knusprigkeit und reichem Kakaogeschmack und ist damit die ideale Wahl f\u00fcr Fr\u00fchst\u00fccksliebhaber jeden Alters.   <\/p>\n<p>Produktzusammensetzung: hochwertiges Weizenmehl, Maismehl, Palm\u00f6l, Puderzucker, Grie\u00df, Trockenmilch, Sirup, Kakaopulver, Schokoladenglasur, nat\u00fcrliche Farbstoffe E124, E102, E133.<\/p>\n<p>Lagerungsbedingungen: Trocken und k\u00fchl bei einer Temperatur von 18\u00b0C und einer relativen Luftfeuchtigkeit von nicht mehr als 75% lagern.<\/p>\n<p>Haltbarkeitsdauer: 6 Monate. Das Produkt ist zertifiziert.<br \/>\nEnth\u00e4lt keine GVO.<\/p>\n<\/div>\n<\/div>\n<\/div>\n<\/div>\n","protected":false},"excerpt":{"rendered":"<p>Fr\u00fchst\u00fcckscerealienpaket 1 kg.<br \/>\n4 Packungen in einer Schachtel.<br \/>\nBruttogewicht des Kartons 4,1 kg.<\/p>\n","protected":false},"featured_media":13915,"comment_status":"open","ping_status":"closed","template":"","meta":{"_acf_changed":false},"brand":[897],"product_cat":[923],"product_tag":[],"class_list":{"0":"post-14003","1":"product","2":"type-product","3":"status-publish","4":"has-post-thumbnail","6":"brand-balsheker-de","7":"product_cat-getreide","9":"first","10":"instock","11":"shipping-taxable","12":"purchasable","13":"product-type-simple"},"acf":[],"_links":{"self":[{"href":"https:\/\/turkmenexporter.com\/de\/wp-json\/wp\/v2\/product\/14003","targetHints":{"allow":["GET"]}}],"collection":[{"href":"https:\/\/turkmenexporter.com\/de\/wp-json\/wp\/v2\/product"}],"about":[{"href":"https:\/\/turkmenexporter.com\/de\/wp-json\/wp\/v2\/types\/product"}],"replies":[{"embeddable":true,"href":"https:\/\/turkmenexporter.com\/de\/wp-json\/wp\/v2\/comments?post=14003"}],"version-history":[{"count":0,"href":"https:\/\/turkmenexporter.com\/de\/wp-json\/wp\/v2\/product\/14003\/revisions"}],"wp:featuredmedia":[{"embeddable":true,"href":"https:\/\/turkmenexporter.com\/de\/wp-json\/wp\/v2\/media\/13915"}],"wp:attachment":[{"href":"https:\/\/turkmenexporter.com\/de\/wp-json\/wp\/v2\/media?parent=14003"}],"wp:term":[{"taxonomy":"brand","embeddable":true,"href":"https:\/\/turkmenexporter.com\/de\/wp-json\/wp\/v2\/brand?post=14003"},{"taxonomy":"product_cat","embeddable":true,"href":"https:\/\/turkmenexporter.com\/de\/wp-json\/wp\/v2\/product_cat?post=14003"},{"taxonomy":"product_tag","embeddable":true,"href":"https:\/\/turkmenexporter.com\/de\/wp-json\/wp\/v2\/product_tag?post=14003"}],"curies":[{"name":"wp","href":"https:\/\/api.w.org\/{rel}","templated":true}]}}