{"id":14004,"date":"2025-03-11T06:36:21","date_gmt":"2025-03-11T01:36:21","guid":{"rendered":"https:\/\/turkmenexporter.com\/product\/chocorella-schokoladen-nuss-paste\/"},"modified":"2025-03-11T06:53:14","modified_gmt":"2025-03-11T01:53:14","slug":"chocorella-schokoladen-nuss-paste","status":"publish","type":"product","link":"https:\/\/turkmenexporter.com\/de\/produkt\/chocorella-schokoladen-nuss-paste\/","title":{"rendered":"CHOCORELLA Schokoladen-Nuss-Paste"},"content":{"rendered":"<div class=\"flex max-w-full flex-col flex-grow\">\n<div class=\"min-h-8 text-message relative flex w-full flex-col items-end gap-2 whitespace-normal break-words text-start [.text-message+&amp;]:mt-5\" dir=\"auto\" data-message-author-role=\"assistant\" data-message-id=\"9f42a335-56c6-4b32-ac5d-8ec498263b4b\" data-message-model-slug=\"gpt-4o\">\n<div class=\"flex w-full flex-col gap-1 empty:hidden first:pt-[3px]\">\n<div class=\"markdown prose w-full break-words dark:prose-invert dark\">\n<p data-start=\"1441\" data-end=\"1612\" data-is-last-node=\"\" data-is-only-node=\"\">Balsheker Chocorella Schokoladen-Nuss-Paste &#8211; Ein cremiger Schokoladen-Nuss-Aufstrich mit reichhaltigem Kakao und hochwertigen N\u00fcssen. Perfekt f\u00fcr Fr\u00fchst\u00fcck, Snacks und Desserts! <\/p>\n<\/div>\n<\/div>\n<\/div>\n<\/div>\n<div class=\"mb-2 flex gap-3 -ml-2\">\n<div class=\"flex items-center justify-start rounded-xl p-1\">\n<div class=\"flex items-center\">\n<p>Produktzusammensetzung: Palm\u00f6l, Puderzucker, Trockenmilch, Kakaopulver, Trockenmolke, naturidentisches Aroma \u201eVanillin\u201c, naturidentisches Aroma \u201eHaselnuss\u201c.<\/p>\n<p>Lagerungsbedingungen: Trocken und k\u00fchl bei einer Temperatur von 18\u00b0C und einer relativen Luftfeuchtigkeit von nicht mehr als 75% lagern.<\/p>\n<p>Haltbarkeitsdauer: 6 Monate. Das Produkt ist zertifiziert.<br \/>\nEnth\u00e4lt keine GVO.<\/p>\n<\/div>\n<\/div>\n<\/div>\n","protected":false},"excerpt":{"rendered":"<p>Schokolade-Haselnusspaste im Glas, 400 g.<br \/>\n12 Gl\u00e4ser pro Karton.<br \/>\nBruttokartongewicht 4,95 kg.<\/p>\n","protected":false},"featured_media":13996,"comment_status":"open","ping_status":"closed","template":"","meta":{"_acf_changed":false},"brand":[897],"product_cat":[304],"product_tag":[849],"class_list":{"0":"post-14004","1":"product","2":"type-product","3":"status-publish","4":"has-post-thumbnail","6":"brand-balsheker-de","7":"product_cat-schokolade","8":"product_tag-front-product-de","10":"first","11":"instock","12":"shipping-taxable","13":"purchasable","14":"product-type-simple"},"acf":[],"_links":{"self":[{"href":"https:\/\/turkmenexporter.com\/de\/wp-json\/wp\/v2\/product\/14004","targetHints":{"allow":["GET"]}}],"collection":[{"href":"https:\/\/turkmenexporter.com\/de\/wp-json\/wp\/v2\/product"}],"about":[{"href":"https:\/\/turkmenexporter.com\/de\/wp-json\/wp\/v2\/types\/product"}],"replies":[{"embeddable":true,"href":"https:\/\/turkmenexporter.com\/de\/wp-json\/wp\/v2\/comments?post=14004"}],"version-history":[{"count":1,"href":"https:\/\/turkmenexporter.com\/de\/wp-json\/wp\/v2\/product\/14004\/revisions"}],"predecessor-version":[{"id":14012,"href":"https:\/\/turkmenexporter.com\/de\/wp-json\/wp\/v2\/product\/14004\/revisions\/14012"}],"wp:featuredmedia":[{"embeddable":true,"href":"https:\/\/turkmenexporter.com\/de\/wp-json\/wp\/v2\/media\/13996"}],"wp:attachment":[{"href":"https:\/\/turkmenexporter.com\/de\/wp-json\/wp\/v2\/media?parent=14004"}],"wp:term":[{"taxonomy":"brand","embeddable":true,"href":"https:\/\/turkmenexporter.com\/de\/wp-json\/wp\/v2\/brand?post=14004"},{"taxonomy":"product_cat","embeddable":true,"href":"https:\/\/turkmenexporter.com\/de\/wp-json\/wp\/v2\/product_cat?post=14004"},{"taxonomy":"product_tag","embeddable":true,"href":"https:\/\/turkmenexporter.com\/de\/wp-json\/wp\/v2\/product_tag?post=14004"}],"curies":[{"name":"wp","href":"https:\/\/api.w.org\/{rel}","templated":true}]}}