{"id":14076,"date":"2025-03-13T23:41:07","date_gmt":"2025-03-13T18:41:07","guid":{"rendered":"https:\/\/turkmenexporter.com\/product\/kirpi-fruchtgummifitness-diat-cracker\/"},"modified":"2025-03-22T23:41:27","modified_gmt":"2025-03-22T18:41:27","slug":"kirpi-fruchtgummifitness-diat-cracker","status":"publish","type":"product","link":"https:\/\/turkmenexporter.com\/de\/produkt\/kirpi-fruchtgummifitness-diat-cracker\/","title":{"rendered":"FITNESS Di\u00e4t-Cracker"},"content":{"rendered":"<p>Bleiben Sie fit und voller Energie mit Balsheker FITNESS Diet Crackers, einem leichten, knusprigen, und nahrhaften Snack f\u00fcr alle , die Wert auf Gesundheit und Wellness legen.<\/p>\n<p>Produktzusammensetzung: hochwertiges Weizenmehl, Maismehl, Reismehl, Trockenmilch, Speisesalz, nat\u00fcrlicher getrockneter Dill.<\/p>\n<p>Lagerungsbedingungen: Trocken und k\u00fchl bei einer Temperatur von 18\u00b0C und einer relativen Luftfeuchtigkeit von h\u00f6chstens 70% lagern.<\/p>\n<p>Haltbarkeitsdauer: 9 Monate. Produkt zertifiziert.<br \/>\nEnth\u00e4lt keine GVO. <\/p>\n","protected":false},"excerpt":{"rendered":"<p>Kekse in Schachtel 125 g.<\/p>\n<div class=\"flex max-w-full flex-col flex-grow\">\n<div class=\"min-h-8 text-message relative flex w-full flex-col items-end gap-2 whitespace-normal break-words text-start [.text-message+&amp;]:mt-5\" dir=\"auto\" data-message-author-role=\"assistant\" data-message-id=\"c03cb6dc-c49a-4739-b04d-e265c768022b\" data-message-model-slug=\"gpt-4o\">\n<div class=\"flex w-full flex-col gap-1 empty:hidden first:pt-[3px]\">\n<div class=\"markdown prose w-full break-words dark:prose-invert dark\">\n<p data-start=\"1523\" data-end=\"1678\" data-is-last-node=\"\" data-is-only-node=\"\">Balsheker FITNESS Di\u00e4t-Cracker &#8211; Leicht, knusprig und mit gesundem Getreide hergestellt. Ein perfekter kalorienarmer Snack f\u00fcr eine ausgewogene Ern\u00e4hrung und einen gesunden Lebensstil! <\/p>\n<\/div>\n<\/div>\n<\/div>\n<\/div>\n","protected":false},"featured_media":14034,"comment_status":"open","ping_status":"closed","template":"","meta":{"_acf_changed":false},"brand":[897],"product_cat":[903],"product_tag":[],"class_list":{"0":"post-14076","1":"product","2":"type-product","3":"status-publish","4":"has-post-thumbnail","6":"brand-balsheker-de","7":"product_cat-kekse-de","9":"first","10":"instock","11":"shipping-taxable","12":"purchasable","13":"product-type-simple"},"acf":[],"_links":{"self":[{"href":"https:\/\/turkmenexporter.com\/de\/wp-json\/wp\/v2\/product\/14076","targetHints":{"allow":["GET"]}}],"collection":[{"href":"https:\/\/turkmenexporter.com\/de\/wp-json\/wp\/v2\/product"}],"about":[{"href":"https:\/\/turkmenexporter.com\/de\/wp-json\/wp\/v2\/types\/product"}],"replies":[{"embeddable":true,"href":"https:\/\/turkmenexporter.com\/de\/wp-json\/wp\/v2\/comments?post=14076"}],"version-history":[{"count":1,"href":"https:\/\/turkmenexporter.com\/de\/wp-json\/wp\/v2\/product\/14076\/revisions"}],"predecessor-version":[{"id":14254,"href":"https:\/\/turkmenexporter.com\/de\/wp-json\/wp\/v2\/product\/14076\/revisions\/14254"}],"wp:featuredmedia":[{"embeddable":true,"href":"https:\/\/turkmenexporter.com\/de\/wp-json\/wp\/v2\/media\/14034"}],"wp:attachment":[{"href":"https:\/\/turkmenexporter.com\/de\/wp-json\/wp\/v2\/media?parent=14076"}],"wp:term":[{"taxonomy":"brand","embeddable":true,"href":"https:\/\/turkmenexporter.com\/de\/wp-json\/wp\/v2\/brand?post=14076"},{"taxonomy":"product_cat","embeddable":true,"href":"https:\/\/turkmenexporter.com\/de\/wp-json\/wp\/v2\/product_cat?post=14076"},{"taxonomy":"product_tag","embeddable":true,"href":"https:\/\/turkmenexporter.com\/de\/wp-json\/wp\/v2\/product_tag?post=14076"}],"curies":[{"name":"wp","href":"https:\/\/api.w.org\/{rel}","templated":true}]}}