{"id":14119,"date":"2025-03-19T22:47:59","date_gmt":"2025-03-19T17:47:59","guid":{"rendered":"https:\/\/turkmenexporter.com\/product\/lebensmittel-agar\/"},"modified":"2025-03-23T00:10:58","modified_gmt":"2025-03-22T19:10:58","slug":"lebensmittel-agar","status":"publish","type":"product","link":"https:\/\/turkmenexporter.com\/de\/produkt\/lebensmittel-agar\/","title":{"rendered":"Lebensmittel-Agar"},"content":{"rendered":"<div class=\"flex max-w-full flex-col flex-grow\">\n<div class=\"min-h-8 text-message relative flex w-full flex-col items-end gap-2 whitespace-normal break-words text-start [.text-message+&amp;]:mt-5\" dir=\"auto\" data-message-author-role=\"assistant\" data-message-id=\"3fdbb5e6-1669-4290-9785-1ffeac3550f6\" data-message-model-slug=\"gpt-4o\">\n<div class=\"flex w-full flex-col gap-1 empty:hidden first:pt-[3px]\">\n<div class=\"markdown prose w-full break-words dark:prose-invert dark\">\n<p data-start=\"1556\" data-end=\"1737\" data-is-last-node=\"\" data-is-only-node=\"\">Balsheker Food Agar &#8211; Ein nat\u00fcrliches, pflanzliches Geliermittel, das sich perfekt f\u00fcr Gelees, Puddings und Desserts eignet. Der ideale Lebensmittelagar f\u00fcr kulinarische und industrielle Anwendungen! <\/p>\n<\/div>\n<\/div>\n<\/div>\n<\/div>\n<div class=\"mb-2 flex gap-3 -ml-2\">\n<div class=\"flex items-center justify-start rounded-xl p-1\">\n<div>\n<div class=\"flex items-center\">\n<p>Zusammensetzung des Produkts: Nat\u00fcrliches Verdickungsmittel, Traubenzucker.<\/p>\n<p>Lagerbedingungen: an einem trockenen, k\u00fchlen und gut bel\u00fcfteten Ort mit einer relativen Luftfeuchtigkeit von h\u00f6chstens 75% lagern.<\/p>\n<p>Lagerf\u00e4higkeit: 18 Monate. Das Produkt ist zertifiziert.<br \/>\nEnth\u00e4lt keine GVO.<\/p>\n<\/div>\n<\/div>\n<\/div>\n<\/div>\n","protected":false},"excerpt":{"rendered":"<p>Lebensmittel-Agar 50 g.<br \/>\n48 Packungen in einer Schachtel.<br \/>\nBruttogewicht des Kartons 3,54 kg.<\/p>\n","protected":false},"featured_media":14094,"comment_status":"open","ping_status":"closed","template":"","meta":{"_acf_changed":false},"brand":[897],"product_cat":[982],"product_tag":[],"class_list":{"0":"post-14119","1":"product","2":"type-product","3":"status-publish","4":"has-post-thumbnail","6":"brand-balsheker-de","7":"product_cat-lebensmittelzusatzstoffe","9":"first","10":"instock","11":"shipping-taxable","12":"purchasable","13":"product-type-simple"},"acf":[],"_links":{"self":[{"href":"https:\/\/turkmenexporter.com\/de\/wp-json\/wp\/v2\/product\/14119","targetHints":{"allow":["GET"]}}],"collection":[{"href":"https:\/\/turkmenexporter.com\/de\/wp-json\/wp\/v2\/product"}],"about":[{"href":"https:\/\/turkmenexporter.com\/de\/wp-json\/wp\/v2\/types\/product"}],"replies":[{"embeddable":true,"href":"https:\/\/turkmenexporter.com\/de\/wp-json\/wp\/v2\/comments?post=14119"}],"version-history":[{"count":2,"href":"https:\/\/turkmenexporter.com\/de\/wp-json\/wp\/v2\/product\/14119\/revisions"}],"predecessor-version":[{"id":14309,"href":"https:\/\/turkmenexporter.com\/de\/wp-json\/wp\/v2\/product\/14119\/revisions\/14309"}],"wp:featuredmedia":[{"embeddable":true,"href":"https:\/\/turkmenexporter.com\/de\/wp-json\/wp\/v2\/media\/14094"}],"wp:attachment":[{"href":"https:\/\/turkmenexporter.com\/de\/wp-json\/wp\/v2\/media?parent=14119"}],"wp:term":[{"taxonomy":"brand","embeddable":true,"href":"https:\/\/turkmenexporter.com\/de\/wp-json\/wp\/v2\/brand?post=14119"},{"taxonomy":"product_cat","embeddable":true,"href":"https:\/\/turkmenexporter.com\/de\/wp-json\/wp\/v2\/product_cat?post=14119"},{"taxonomy":"product_tag","embeddable":true,"href":"https:\/\/turkmenexporter.com\/de\/wp-json\/wp\/v2\/product_tag?post=14119"}],"curies":[{"name":"wp","href":"https:\/\/api.w.org\/{rel}","templated":true}]}}