{"id":14194,"date":"2025-03-21T16:48:39","date_gmt":"2025-03-21T11:48:39","guid":{"rendered":"https:\/\/turkmenexporter.com\/product\/altin-vanillinpulver\/"},"modified":"2025-03-21T16:48:39","modified_gmt":"2025-03-21T11:48:39","slug":"altin-vanillinpulver","status":"publish","type":"product","link":"https:\/\/turkmenexporter.com\/de\/produkt\/altin-vanillinpulver\/","title":{"rendered":"ALTIN Vanillinpulver"},"content":{"rendered":"<p>Balsheker Altin Vanillin ist ein hochwertigeshochwertiges Vanillearoma , das den Geschmack und das Aroma Ihrer Backwaren, Desserts und Konditoreiprodukten. Diese vielseitige und hochkonzentrierte Zutat liefert eine reichhaltige, s\u00fc\u00dfe Vanille-Essenz, Das macht sie zu einem Muss f\u00fcr Hobbyb\u00e4cker und Profik\u00f6che. Ob Sie nun Kuchen, Geb\u00e4ck, Kekse oder Pralinen zubereiten, Altin Vanillin garantiert einen herrlichen und lang anhaltenden Vanilleduft in jedem Bissen.  <\/p>\n<p>Zusammensetzung des Produkts: Puderzucker, St\u00e4rke, Vanille (3%).<\/p>\n<p>Lagerungsbedingungen: An einem trockenen und k\u00fchlen Ort, bei einer erh\u00f6hten Temperatur von 5-25 \u00b0C und einer Luftfeuchtigkeit von nicht mehr als 75 % gelagert werden.<\/p>\n<p>Haltbarkeitsdauer: 23 Monate. Das Produkt ist zertifiziert.<br \/>\nEnth\u00e4lt keine GVO.<\/p>\n","protected":false},"excerpt":{"rendered":"<p>Vanillinpulver Packung 5 g.<\/p>\n<p>48 Packungen in einer Packung. 10 Pakete in einer Schachtel.<\/p>\n<p>Bruttogewicht des Kartons 3,45 kg.<\/p>\n","protected":false},"featured_media":14173,"comment_status":"open","ping_status":"closed","template":"","meta":{"_acf_changed":false},"brand":[897],"product_cat":[982],"product_tag":[],"class_list":{"0":"post-14194","1":"product","2":"type-product","3":"status-publish","4":"has-post-thumbnail","6":"brand-balsheker-de","7":"product_cat-lebensmittelzusatzstoffe","9":"first","10":"instock","11":"shipping-taxable","12":"purchasable","13":"product-type-simple"},"acf":[],"_links":{"self":[{"href":"https:\/\/turkmenexporter.com\/de\/wp-json\/wp\/v2\/product\/14194","targetHints":{"allow":["GET"]}}],"collection":[{"href":"https:\/\/turkmenexporter.com\/de\/wp-json\/wp\/v2\/product"}],"about":[{"href":"https:\/\/turkmenexporter.com\/de\/wp-json\/wp\/v2\/types\/product"}],"replies":[{"embeddable":true,"href":"https:\/\/turkmenexporter.com\/de\/wp-json\/wp\/v2\/comments?post=14194"}],"version-history":[{"count":0,"href":"https:\/\/turkmenexporter.com\/de\/wp-json\/wp\/v2\/product\/14194\/revisions"}],"wp:featuredmedia":[{"embeddable":true,"href":"https:\/\/turkmenexporter.com\/de\/wp-json\/wp\/v2\/media\/14173"}],"wp:attachment":[{"href":"https:\/\/turkmenexporter.com\/de\/wp-json\/wp\/v2\/media?parent=14194"}],"wp:term":[{"taxonomy":"brand","embeddable":true,"href":"https:\/\/turkmenexporter.com\/de\/wp-json\/wp\/v2\/brand?post=14194"},{"taxonomy":"product_cat","embeddable":true,"href":"https:\/\/turkmenexporter.com\/de\/wp-json\/wp\/v2\/product_cat?post=14194"},{"taxonomy":"product_tag","embeddable":true,"href":"https:\/\/turkmenexporter.com\/de\/wp-json\/wp\/v2\/product_tag?post=14194"}],"curies":[{"name":"wp","href":"https:\/\/api.w.org\/{rel}","templated":true}]}}