{"id":14195,"date":"2025-03-21T16:38:15","date_gmt":"2025-03-21T11:38:15","guid":{"rendered":"https:\/\/turkmenexporter.com\/product\/altin-unterstutzungspulver-im-eimer\/"},"modified":"2025-03-21T17:32:12","modified_gmt":"2025-03-21T12:32:12","slug":"altin-backpulver-im-eimer","status":"publish","type":"product","link":"https:\/\/turkmenexporter.com\/de\/produkt\/altin-backpulver-im-eimer\/","title":{"rendered":"ALTIN Backpulver im Eimer"},"content":{"rendered":"<div class=\"flex max-w-full flex-col flex-grow\">\n<div class=\"min-h-8 text-message relative flex w-full flex-col items-end gap-2 whitespace-normal break-words text-start [.text-message+&amp;]:mt-5\" dir=\"auto\" data-message-author-role=\"assistant\" data-message-id=\"78db1af3-5679-46ca-b7a7-26ea044b4a22\" data-message-model-slug=\"gpt-4o\">\n<div class=\"flex w-full flex-col gap-1 empty:hidden first:pt-[3px]\">\n<div class=\"markdown prose w-full break-words dark:prose-invert dark\">\n<p data-start=\"1403\" data-end=\"1579\" data-is-last-node=\"\" data-is-only-node=\"\">Altin Backpulver &#8211; Ein hochwertiges, doppelt wirkendes Backtriebmittel f\u00fcr perfekt weiche, fluffige und k\u00f6stliche Backwaren. Ideal f\u00fcr professionelles und h\u00e4usliches Backen! <\/p>\n<p>Zusammensetzung des Produkts: Dinatriumdihydrogenphosphat, Natriumbicarbonat, Maisst\u00e4rke.<\/p>\n<p>Lagerungsbedingungen: An einem trockenen und k\u00fchlen Ort, bei einer erh\u00f6hten Temperatur von 20 \u00b0C und einer Luftfeuchtigkeit von h\u00f6chstens 70 %.<\/p>\n<p>Haltbarkeitsdauer: 24 Monate. Das Produkt ist zertifiziert.<br \/>\nEnth\u00e4lt keine GVO.<\/p>\n<\/div>\n<\/div>\n<\/div>\n<\/div>\n","protected":false},"excerpt":{"rendered":"<p>Backpulver-Eimer 600 g.<\/p>\n<p>6 Eimer in einem Karton.<\/p>\n<p>Brutto-Kartongewicht 4,1 kg.<\/p>\n","protected":false},"featured_media":14165,"comment_status":"open","ping_status":"closed","template":"","meta":{"_acf_changed":false},"brand":[897],"product_cat":[982],"product_tag":[849],"class_list":{"0":"post-14195","1":"product","2":"type-product","3":"status-publish","4":"has-post-thumbnail","6":"brand-balsheker-de","7":"product_cat-lebensmittelzusatzstoffe","8":"product_tag-front-product-de","10":"first","11":"instock","12":"shipping-taxable","13":"purchasable","14":"product-type-simple"},"acf":[],"_links":{"self":[{"href":"https:\/\/turkmenexporter.com\/de\/wp-json\/wp\/v2\/product\/14195","targetHints":{"allow":["GET"]}}],"collection":[{"href":"https:\/\/turkmenexporter.com\/de\/wp-json\/wp\/v2\/product"}],"about":[{"href":"https:\/\/turkmenexporter.com\/de\/wp-json\/wp\/v2\/types\/product"}],"replies":[{"embeddable":true,"href":"https:\/\/turkmenexporter.com\/de\/wp-json\/wp\/v2\/comments?post=14195"}],"version-history":[{"count":1,"href":"https:\/\/turkmenexporter.com\/de\/wp-json\/wp\/v2\/product\/14195\/revisions"}],"predecessor-version":[{"id":14204,"href":"https:\/\/turkmenexporter.com\/de\/wp-json\/wp\/v2\/product\/14195\/revisions\/14204"}],"wp:featuredmedia":[{"embeddable":true,"href":"https:\/\/turkmenexporter.com\/de\/wp-json\/wp\/v2\/media\/14165"}],"wp:attachment":[{"href":"https:\/\/turkmenexporter.com\/de\/wp-json\/wp\/v2\/media?parent=14195"}],"wp:term":[{"taxonomy":"brand","embeddable":true,"href":"https:\/\/turkmenexporter.com\/de\/wp-json\/wp\/v2\/brand?post=14195"},{"taxonomy":"product_cat","embeddable":true,"href":"https:\/\/turkmenexporter.com\/de\/wp-json\/wp\/v2\/product_cat?post=14195"},{"taxonomy":"product_tag","embeddable":true,"href":"https:\/\/turkmenexporter.com\/de\/wp-json\/wp\/v2\/product_tag?post=14195"}],"curies":[{"name":"wp","href":"https:\/\/api.w.org\/{rel}","templated":true}]}}