{"id":14196,"date":"2025-03-21T15:24:07","date_gmt":"2025-03-21T10:24:07","guid":{"rendered":"https:\/\/turkmenexporter.com\/product\/altin-unterstutzungspulver\/"},"modified":"2025-03-22T23:41:25","modified_gmt":"2025-03-22T18:41:25","slug":"altin-backpulver","status":"publish","type":"product","link":"https:\/\/turkmenexporter.com\/de\/produkt\/altin-backpulver\/","title":{"rendered":"ALTIN-Backpulver"},"content":{"rendered":"<p>Altin Backpulver ist ein hochwertiges Backtriebmittel, das Ihren Backwaren das perfekte Aufgehen und die perfekte Textur verleiht. Dieses Backpulver ist ideal f\u00fcr Kuchen, Geb\u00e4ck, Brot und Kekse. Es sorgt f\u00fcr ein gleichm\u00e4\u00dfiges Aufgehen und macht Ihre Backwaren weich, flauschig und lecker. Egal, ob Sie ein professioneller B\u00e4cker oder ein Hobbykoch sind, Altin Backpulver ist eine unverzichtbare Zutat, um jedes Mal perfekte Ergebnisse zu erzielen!  <\/p>\n<p>Zusammensetzung des Produkts: Dinatriumdihydrogenphosphat, Natriumbicarbonat, Maisst\u00e4rke.<\/p>\n<p>Lagerungsbedingungen: An einem trockenen und k\u00fchlen Ort, bei einer erh\u00f6hten Temperatur von 20 \u00b0C und einer Luftfeuchtigkeit von h\u00f6chstens 70 %.<\/p>\n<p>Haltbarkeitsdauer: 24 Monate. Das Produkt ist zertifiziert.<br \/>\nEnth\u00e4lt keine GVO.<\/p>\n","protected":false},"excerpt":{"rendered":"<p>Backpulver Packung 10 g.<\/p>\n<p>48 Packungen in einer Packung. 10 Pakete in einer Schachtel.<\/p>\n<p>Bruttogewicht des Kartons 5,71 kg.<\/p>\n","protected":false},"featured_media":14134,"comment_status":"open","ping_status":"closed","template":"","meta":{"_acf_changed":false},"brand":[897],"product_cat":[982],"product_tag":[],"class_list":{"0":"post-14196","1":"product","2":"type-product","3":"status-publish","4":"has-post-thumbnail","6":"brand-balsheker-de","7":"product_cat-lebensmittelzusatzstoffe","9":"first","10":"instock","11":"shipping-taxable","12":"purchasable","13":"product-type-simple"},"acf":[],"_links":{"self":[{"href":"https:\/\/turkmenexporter.com\/de\/wp-json\/wp\/v2\/product\/14196","targetHints":{"allow":["GET"]}}],"collection":[{"href":"https:\/\/turkmenexporter.com\/de\/wp-json\/wp\/v2\/product"}],"about":[{"href":"https:\/\/turkmenexporter.com\/de\/wp-json\/wp\/v2\/types\/product"}],"replies":[{"embeddable":true,"href":"https:\/\/turkmenexporter.com\/de\/wp-json\/wp\/v2\/comments?post=14196"}],"version-history":[{"count":2,"href":"https:\/\/turkmenexporter.com\/de\/wp-json\/wp\/v2\/product\/14196\/revisions"}],"predecessor-version":[{"id":14250,"href":"https:\/\/turkmenexporter.com\/de\/wp-json\/wp\/v2\/product\/14196\/revisions\/14250"}],"wp:featuredmedia":[{"embeddable":true,"href":"https:\/\/turkmenexporter.com\/de\/wp-json\/wp\/v2\/media\/14134"}],"wp:attachment":[{"href":"https:\/\/turkmenexporter.com\/de\/wp-json\/wp\/v2\/media?parent=14196"}],"wp:term":[{"taxonomy":"brand","embeddable":true,"href":"https:\/\/turkmenexporter.com\/de\/wp-json\/wp\/v2\/brand?post=14196"},{"taxonomy":"product_cat","embeddable":true,"href":"https:\/\/turkmenexporter.com\/de\/wp-json\/wp\/v2\/product_cat?post=14196"},{"taxonomy":"product_tag","embeddable":true,"href":"https:\/\/turkmenexporter.com\/de\/wp-json\/wp\/v2\/product_tag?post=14196"}],"curies":[{"name":"wp","href":"https:\/\/api.w.org\/{rel}","templated":true}]}}