{"id":14633,"date":"2025-03-31T16:18:24","date_gmt":"2025-03-31T11:18:24","guid":{"rendered":"https:\/\/turkmenexporter.com\/product\/kenton-vanille-zucker\/"},"modified":"2025-03-31T16:18:24","modified_gmt":"2025-03-31T11:18:24","slug":"kenton-vanille-zucker","status":"publish","type":"product","link":"https:\/\/turkmenexporter.com\/de\/produkt\/kenton-vanille-zucker\/","title":{"rendered":"Kenton Vanillezucker"},"content":{"rendered":"<p>Kenton Vanillezucker &#8211; Ein mit nat\u00fcrlicher Vanille versetztes S\u00fc\u00dfungsmittel f\u00fcr einen aromatischen, reichen Geschmack. Ideal zum Backen und f\u00fcr Desserts. Perfekt f\u00fcr den privaten und professionellen Gebrauch!  <\/p>\n<p>Zusammensetzung des Produkts: Puderzucker, St\u00e4rke, Vanille (3%).<\/p>\n<p>Lagerungsbedingungen: An einem trockenen und k\u00fchlen Ort, bei einer erh\u00f6hten Temperatur von 5-25 \u00b0C und einer Luftfeuchtigkeit von nicht mehr als 75 % gelagert werden.<\/p>\n<p>Haltbarkeitsdauer: 23 Monate. Das Produkt ist zertifiziert.<br \/>\nEnth\u00e4lt keine GVO.<\/p>\n","protected":false},"excerpt":{"rendered":"<p>Vanillezucker 10 kg.<\/p>\n<p>Bruttogewicht 10,1 kg.<\/p>\n","protected":false},"featured_media":14617,"comment_status":"open","ping_status":"closed","template":"","meta":{"_acf_changed":false},"brand":[1018],"product_cat":[982],"product_tag":[],"class_list":{"0":"post-14633","1":"product","2":"type-product","3":"status-publish","4":"has-post-thumbnail","6":"brand-kenton-de","7":"product_cat-lebensmittelzusatzstoffe","9":"first","10":"instock","11":"shipping-taxable","12":"purchasable","13":"product-type-simple"},"acf":[],"_links":{"self":[{"href":"https:\/\/turkmenexporter.com\/de\/wp-json\/wp\/v2\/product\/14633","targetHints":{"allow":["GET"]}}],"collection":[{"href":"https:\/\/turkmenexporter.com\/de\/wp-json\/wp\/v2\/product"}],"about":[{"href":"https:\/\/turkmenexporter.com\/de\/wp-json\/wp\/v2\/types\/product"}],"replies":[{"embeddable":true,"href":"https:\/\/turkmenexporter.com\/de\/wp-json\/wp\/v2\/comments?post=14633"}],"version-history":[{"count":0,"href":"https:\/\/turkmenexporter.com\/de\/wp-json\/wp\/v2\/product\/14633\/revisions"}],"wp:featuredmedia":[{"embeddable":true,"href":"https:\/\/turkmenexporter.com\/de\/wp-json\/wp\/v2\/media\/14617"}],"wp:attachment":[{"href":"https:\/\/turkmenexporter.com\/de\/wp-json\/wp\/v2\/media?parent=14633"}],"wp:term":[{"taxonomy":"brand","embeddable":true,"href":"https:\/\/turkmenexporter.com\/de\/wp-json\/wp\/v2\/brand?post=14633"},{"taxonomy":"product_cat","embeddable":true,"href":"https:\/\/turkmenexporter.com\/de\/wp-json\/wp\/v2\/product_cat?post=14633"},{"taxonomy":"product_tag","embeddable":true,"href":"https:\/\/turkmenexporter.com\/de\/wp-json\/wp\/v2\/product_tag?post=14633"}],"curies":[{"name":"wp","href":"https:\/\/api.w.org\/{rel}","templated":true}]}}