{"id":14638,"date":"2025-03-23T01:01:58","date_gmt":"2025-03-22T20:01:58","guid":{"rendered":"https:\/\/turkmenexporter.com\/product\/lebensmittel-gelatine\/"},"modified":"2025-03-23T01:01:58","modified_gmt":"2025-03-22T20:01:58","slug":"lebensmittel-gelatine","status":"publish","type":"product","link":"https:\/\/turkmenexporter.com\/de\/produkt\/lebensmittel-gelatine\/","title":{"rendered":"Speisegelatine"},"content":{"rendered":"<p>Kenton Speisegelatine &#8211; Ein hochwertiges Geliermittel zum Backen und f\u00fcr S\u00fc\u00dfwaren. Geruchlos, geschmacksneutral und perfekt f\u00fcr Gelees, Mousses und Gummibonbons. Ideal f\u00fcr den privaten und industriellen Gebrauch!  <\/p>\n<p>Zusammensetzung des Produkts: Gelatine, Lebensmittelzusatzstoff, Konservierungsmittel E223.<\/p>\n<p>Lagerungsbedingungen: Trocken und k\u00fchl bei einer Temperatur von 5-25\u00b0C und einer relativen Luftfeuchtigkeit von nicht mehr als 70% lagern.<\/p>\n<p>Lagerf\u00e4higkeit: 18 Monate. Das Produkt ist zertifiziert.<br \/>\nEnth\u00e4lt keine GVO.<\/p>\n","protected":false},"excerpt":{"rendered":"<p>Speisegelatine 50 g.<br \/>\n48 St\u00fcck im Karton.<br \/>\nBruttogewicht des Kartons: 3,5 kg.<\/p>\n","protected":false},"featured_media":14328,"comment_status":"open","ping_status":"closed","template":"","meta":{"_acf_changed":false},"brand":[1018],"product_cat":[982],"product_tag":[],"class_list":{"0":"post-14638","1":"product","2":"type-product","3":"status-publish","4":"has-post-thumbnail","6":"brand-kenton-de","7":"product_cat-lebensmittelzusatzstoffe","9":"first","10":"instock","11":"shipping-taxable","12":"purchasable","13":"product-type-simple"},"acf":[],"_links":{"self":[{"href":"https:\/\/turkmenexporter.com\/de\/wp-json\/wp\/v2\/product\/14638","targetHints":{"allow":["GET"]}}],"collection":[{"href":"https:\/\/turkmenexporter.com\/de\/wp-json\/wp\/v2\/product"}],"about":[{"href":"https:\/\/turkmenexporter.com\/de\/wp-json\/wp\/v2\/types\/product"}],"replies":[{"embeddable":true,"href":"https:\/\/turkmenexporter.com\/de\/wp-json\/wp\/v2\/comments?post=14638"}],"version-history":[{"count":0,"href":"https:\/\/turkmenexporter.com\/de\/wp-json\/wp\/v2\/product\/14638\/revisions"}],"wp:featuredmedia":[{"embeddable":true,"href":"https:\/\/turkmenexporter.com\/de\/wp-json\/wp\/v2\/media\/14328"}],"wp:attachment":[{"href":"https:\/\/turkmenexporter.com\/de\/wp-json\/wp\/v2\/media?parent=14638"}],"wp:term":[{"taxonomy":"brand","embeddable":true,"href":"https:\/\/turkmenexporter.com\/de\/wp-json\/wp\/v2\/brand?post=14638"},{"taxonomy":"product_cat","embeddable":true,"href":"https:\/\/turkmenexporter.com\/de\/wp-json\/wp\/v2\/product_cat?post=14638"},{"taxonomy":"product_tag","embeddable":true,"href":"https:\/\/turkmenexporter.com\/de\/wp-json\/wp\/v2\/product_tag?post=14638"}],"curies":[{"name":"wp","href":"https:\/\/api.w.org\/{rel}","templated":true}]}}