{"id":14806,"date":"2025-04-02T21:54:50","date_gmt":"2025-04-02T16:54:50","guid":{"rendered":"https:\/\/turkmenexporter.com\/product\/kenton-schlagsahne-im-karton\/"},"modified":"2025-04-02T21:54:50","modified_gmt":"2025-04-02T16:54:50","slug":"kenton-schlagsahne-im-karton","status":"publish","type":"product","link":"https:\/\/turkmenexporter.com\/de\/produkt\/kenton-schlagsahne-im-karton\/","title":{"rendered":"Kenton Schlagsahne im Karton"},"content":{"rendered":"<p>Kenton Whipped Topping ist eine erstklassige Schlagsahne , die eine luxuri\u00f6se, weiche Textur und zarte S\u00fc\u00dfe f\u00fcr eine Vielzahl von Desserts und S\u00fc\u00dfspeisen.<\/p>\n<p>Zusammensetzung des Produkts: Puderzucker, Glukose, Pflanzen\u00f6l, Emulgatoren (Monoglyceride und Diglyceride der Essigs\u00e4ure ), Natriumkaseinat, Maisst\u00e4rke, Vanillin.<\/p>\n<p>Lagerungsbedingungen: An einem trockenen und k\u00fchlen Ort, bei einer erh\u00f6hten Temperatur von 5-25 \u00b0C und einer Luftfeuchtigkeit von nicht mehr als 75 % gelagert werden.<\/p>\n<p>Lagerf\u00e4higkeit: 18 Monate. Das Produkt ist zertifiziert.<br \/>\nEnth\u00e4lt keine GVO.<\/p>\n","protected":false},"excerpt":{"rendered":"<p>Geschlagener Belag 150 g.<br \/>\n24 St\u00fcck in einer Schachtel.<br \/>\nBruttogewicht des Kartons 4,46 kg.<\/p>\n","protected":false},"featured_media":14983,"comment_status":"open","ping_status":"closed","template":"","meta":{"_acf_changed":false},"brand":[1018],"product_cat":[982],"product_tag":[],"class_list":{"0":"post-14806","1":"product","2":"type-product","3":"status-publish","4":"has-post-thumbnail","6":"brand-kenton-de","7":"product_cat-lebensmittelzusatzstoffe","9":"first","10":"instock","11":"shipping-taxable","12":"purchasable","13":"product-type-simple"},"acf":[],"_links":{"self":[{"href":"https:\/\/turkmenexporter.com\/de\/wp-json\/wp\/v2\/product\/14806","targetHints":{"allow":["GET"]}}],"collection":[{"href":"https:\/\/turkmenexporter.com\/de\/wp-json\/wp\/v2\/product"}],"about":[{"href":"https:\/\/turkmenexporter.com\/de\/wp-json\/wp\/v2\/types\/product"}],"replies":[{"embeddable":true,"href":"https:\/\/turkmenexporter.com\/de\/wp-json\/wp\/v2\/comments?post=14806"}],"version-history":[{"count":0,"href":"https:\/\/turkmenexporter.com\/de\/wp-json\/wp\/v2\/product\/14806\/revisions"}],"wp:featuredmedia":[{"embeddable":true,"href":"https:\/\/turkmenexporter.com\/de\/wp-json\/wp\/v2\/media\/14983"}],"wp:attachment":[{"href":"https:\/\/turkmenexporter.com\/de\/wp-json\/wp\/v2\/media?parent=14806"}],"wp:term":[{"taxonomy":"brand","embeddable":true,"href":"https:\/\/turkmenexporter.com\/de\/wp-json\/wp\/v2\/brand?post=14806"},{"taxonomy":"product_cat","embeddable":true,"href":"https:\/\/turkmenexporter.com\/de\/wp-json\/wp\/v2\/product_cat?post=14806"},{"taxonomy":"product_tag","embeddable":true,"href":"https:\/\/turkmenexporter.com\/de\/wp-json\/wp\/v2\/product_tag?post=14806"}],"curies":[{"name":"wp","href":"https:\/\/api.w.org\/{rel}","templated":true}]}}