{"id":14815,"date":"2025-04-02T08:41:58","date_gmt":"2025-04-02T03:41:58","guid":{"rendered":"https:\/\/turkmenexporter.com\/product\/herren-socken-batly-gadam\/"},"modified":"2025-04-02T08:41:58","modified_gmt":"2025-04-02T03:41:58","slug":"herren-socken-batly-gadam","status":"publish","type":"product","link":"https:\/\/turkmenexporter.com\/de\/produkt\/herren-socken-batly-gadam\/","title":{"rendered":"Herrensocken Batly-Gadam"},"content":{"rendered":"<p>80 % Baumwolle<br \/>\n16 % Polyamid<br \/>\n4 % Elastan<br \/>\nGr\u00f6\u00dfen: 40-44<\/p>\n","protected":false},"excerpt":{"rendered":"<p>Hochwertige Baumwollsocken.<br \/>\nAnpassungen in Design, Gr\u00f6\u00dfe und Inhalt k\u00f6nnen verhandelt werden<\/p>\n<p>Europ\u00e4ische Qualit\u00e4tspr\u00fcfungsergebnisse &#8211; <a href=\"https:\/\/drive.google.com\/file\/d\/1gtCbls6mnxNAk1AxwIH-SF41P-I7ILR_\/view?usp=sharing\" target=\"_blank\" rel=\"nofollow noopener\">T\u00dcV S\u00dcD Test Report<\/a><\/p>\n","protected":false},"featured_media":12722,"comment_status":"open","ping_status":"closed","template":"","meta":{"_acf_changed":false},"brand":[1048],"product_cat":[1043],"product_tag":[],"class_list":{"0":"post-14815","1":"product","2":"type-product","3":"status-publish","4":"has-post-thumbnail","6":"brand-batly-gadam-de","7":"product_cat-socken","9":"first","10":"instock","11":"shipping-taxable","12":"purchasable","13":"product-type-variable","14":"has-default-attributes"},"acf":[],"_links":{"self":[{"href":"https:\/\/turkmenexporter.com\/de\/wp-json\/wp\/v2\/product\/14815","targetHints":{"allow":["GET"]}}],"collection":[{"href":"https:\/\/turkmenexporter.com\/de\/wp-json\/wp\/v2\/product"}],"about":[{"href":"https:\/\/turkmenexporter.com\/de\/wp-json\/wp\/v2\/types\/product"}],"replies":[{"embeddable":true,"href":"https:\/\/turkmenexporter.com\/de\/wp-json\/wp\/v2\/comments?post=14815"}],"version-history":[{"count":0,"href":"https:\/\/turkmenexporter.com\/de\/wp-json\/wp\/v2\/product\/14815\/revisions"}],"wp:featuredmedia":[{"embeddable":true,"href":"https:\/\/turkmenexporter.com\/de\/wp-json\/wp\/v2\/media\/12722"}],"wp:attachment":[{"href":"https:\/\/turkmenexporter.com\/de\/wp-json\/wp\/v2\/media?parent=14815"}],"wp:term":[{"taxonomy":"brand","embeddable":true,"href":"https:\/\/turkmenexporter.com\/de\/wp-json\/wp\/v2\/brand?post=14815"},{"taxonomy":"product_cat","embeddable":true,"href":"https:\/\/turkmenexporter.com\/de\/wp-json\/wp\/v2\/product_cat?post=14815"},{"taxonomy":"product_tag","embeddable":true,"href":"https:\/\/turkmenexporter.com\/de\/wp-json\/wp\/v2\/product_tag?post=14815"}],"curies":[{"name":"wp","href":"https:\/\/api.w.org\/{rel}","templated":true}]}}