{"id":15369,"date":"2025-04-12T20:36:09","date_gmt":"2025-04-12T15:36:09","guid":{"rendered":"https:\/\/turkmenexporter.com\/product\/kenton-sirup\/"},"modified":"2025-04-12T20:36:09","modified_gmt":"2025-04-12T15:36:09","slug":"kenton-sirup","status":"publish","type":"product","link":"https:\/\/turkmenexporter.com\/de\/produkt\/kenton-sirup\/","title":{"rendered":"Kenton-Sirup"},"content":{"rendered":"<div dir=\"auto\">Kenton Sirup &#8211; Ein reichhaltiger, weicher Sirup, ideal f\u00fcr Desserts und Pfannkuchen. Sorgt f\u00fcr perfekte S\u00fc\u00dfe und Glanz. Ideal f\u00fcr den privaten und professionellen Gebrauch!  <\/div>\n<div dir=\"auto\">\n<ul>\n<li dir=\"auto\">Das Produkt ist zertifiziert.<\/li>\n<li dir=\"auto\">Enth\u00e4lt keine GVO.<\/li>\n<li dir=\"auto\">Haltbarkeitsdauer: 6 Monate.<\/li>\n<\/ul>\n<p>An einem k\u00fchlen, trockenen Ort bei einer Temperatur von nicht mehr als 22\u00b0C und einer relativen Luftfeuchtigkeit von nicht mehr als 75% lagern.<\/p>\n<\/div>\n","protected":false},"excerpt":{"rendered":"<p>Sirup mit verschiedenen Geschmacksrichtungen 500 ml.<\/p>\n<p>6 ct. pro Karton. Bruttogewicht des Kartons 6,5 kg. <\/p>\n","protected":false},"featured_media":15109,"comment_status":"open","ping_status":"closed","template":"","meta":{"_acf_changed":false},"brand":[1018],"product_cat":[982],"product_tag":[],"class_list":{"0":"post-15369","1":"product","2":"type-product","3":"status-publish","4":"has-post-thumbnail","6":"brand-kenton-de","7":"product_cat-lebensmittelzusatzstoffe","9":"first","10":"instock","11":"shipping-taxable","12":"purchasable","13":"product-type-variable","14":"has-default-attributes"},"acf":[],"_links":{"self":[{"href":"https:\/\/turkmenexporter.com\/de\/wp-json\/wp\/v2\/product\/15369","targetHints":{"allow":["GET"]}}],"collection":[{"href":"https:\/\/turkmenexporter.com\/de\/wp-json\/wp\/v2\/product"}],"about":[{"href":"https:\/\/turkmenexporter.com\/de\/wp-json\/wp\/v2\/types\/product"}],"replies":[{"embeddable":true,"href":"https:\/\/turkmenexporter.com\/de\/wp-json\/wp\/v2\/comments?post=15369"}],"version-history":[{"count":0,"href":"https:\/\/turkmenexporter.com\/de\/wp-json\/wp\/v2\/product\/15369\/revisions"}],"wp:featuredmedia":[{"embeddable":true,"href":"https:\/\/turkmenexporter.com\/de\/wp-json\/wp\/v2\/media\/15109"}],"wp:attachment":[{"href":"https:\/\/turkmenexporter.com\/de\/wp-json\/wp\/v2\/media?parent=15369"}],"wp:term":[{"taxonomy":"brand","embeddable":true,"href":"https:\/\/turkmenexporter.com\/de\/wp-json\/wp\/v2\/brand?post=15369"},{"taxonomy":"product_cat","embeddable":true,"href":"https:\/\/turkmenexporter.com\/de\/wp-json\/wp\/v2\/product_cat?post=15369"},{"taxonomy":"product_tag","embeddable":true,"href":"https:\/\/turkmenexporter.com\/de\/wp-json\/wp\/v2\/product_tag?post=15369"}],"curies":[{"name":"wp","href":"https:\/\/api.w.org\/{rel}","templated":true}]}}