{"id":15375,"date":"2025-04-12T19:52:15","date_gmt":"2025-04-12T14:52:15","guid":{"rendered":"https:\/\/turkmenexporter.com\/product\/kirpi-gummiband\/"},"modified":"2025-04-12T19:52:15","modified_gmt":"2025-04-12T14:52:15","slug":"kirpi-gummiband","status":"publish","type":"product","link":"https:\/\/turkmenexporter.com\/de\/produkt\/kirpi-gummiband\/","title":{"rendered":"Kirpi-Gummiband"},"content":{"rendered":"<div dir=\"auto\">Kirpi Jellybon Jelly &#8211; Bunte und fruchtige Geleebonbons mit weicher Textur und verschiedenen Geschmacksrichtungen. Eine s\u00fc\u00dfe Leckerei, die von allen Altersgruppen geliebt wird. Ideal f\u00fcr Einzelhandel und Gro\u00dfhandel!  <\/div>\n<ul>\n<li dir=\"auto\">Das Produkt ist zertifiziert.<\/li>\n<li dir=\"auto\">Enth\u00e4lt keine GVO.<\/li>\n<li dir=\"auto\">Haltbarkeitsdauer: 24 Monate.<\/li>\n<\/ul>\n<p>An einem k\u00fchlen, trockenen Ort bei einer Temperatur von nicht mehr als 18\u00b0C und einer relativen Luftfeuchtigkeit von nicht mehr als 75% lagern.<\/p>\n","protected":false},"excerpt":{"rendered":"<p>Fruchtgummi mit verschiedenen Geschmacksrichtungen 25 g.<\/p>\n<ul>\n<li>32 ct. pro Schachtel.<\/li>\n<li>Bruttokartongewicht 900 g.<\/li>\n<\/ul>\n","protected":false},"featured_media":15051,"comment_status":"open","ping_status":"closed","template":"","meta":{"_acf_changed":false},"brand":[897],"product_cat":[965],"product_tag":[],"class_list":{"0":"post-15375","1":"product","2":"type-product","3":"status-publish","4":"has-post-thumbnail","6":"brand-balsheker-de","7":"product_cat-marmeladen","9":"first","10":"instock","11":"shipping-taxable","12":"purchasable","13":"product-type-variable","14":"has-default-attributes"},"acf":[],"_links":{"self":[{"href":"https:\/\/turkmenexporter.com\/de\/wp-json\/wp\/v2\/product\/15375","targetHints":{"allow":["GET"]}}],"collection":[{"href":"https:\/\/turkmenexporter.com\/de\/wp-json\/wp\/v2\/product"}],"about":[{"href":"https:\/\/turkmenexporter.com\/de\/wp-json\/wp\/v2\/types\/product"}],"replies":[{"embeddable":true,"href":"https:\/\/turkmenexporter.com\/de\/wp-json\/wp\/v2\/comments?post=15375"}],"version-history":[{"count":0,"href":"https:\/\/turkmenexporter.com\/de\/wp-json\/wp\/v2\/product\/15375\/revisions"}],"wp:featuredmedia":[{"embeddable":true,"href":"https:\/\/turkmenexporter.com\/de\/wp-json\/wp\/v2\/media\/15051"}],"wp:attachment":[{"href":"https:\/\/turkmenexporter.com\/de\/wp-json\/wp\/v2\/media?parent=15375"}],"wp:term":[{"taxonomy":"brand","embeddable":true,"href":"https:\/\/turkmenexporter.com\/de\/wp-json\/wp\/v2\/brand?post=15375"},{"taxonomy":"product_cat","embeddable":true,"href":"https:\/\/turkmenexporter.com\/de\/wp-json\/wp\/v2\/product_cat?post=15375"},{"taxonomy":"product_tag","embeddable":true,"href":"https:\/\/turkmenexporter.com\/de\/wp-json\/wp\/v2\/product_tag?post=15375"}],"curies":[{"name":"wp","href":"https:\/\/api.w.org\/{rel}","templated":true}]}}