{"id":15924,"date":"2025-05-02T16:04:29","date_gmt":"2025-05-02T11:04:29","guid":{"rendered":"https:\/\/turkmenexporter.com\/product\/nesil-kaffee-klassiker\/"},"modified":"2025-11-30T16:01:14","modified_gmt":"2025-11-30T11:01:14","slug":"nesil-kaffee-klassiker","status":"publish","type":"product","link":"https:\/\/turkmenexporter.com\/de\/produkt\/nesil-kaffee-klassiker\/","title":{"rendered":"Nesil Kaffee Klassisch"},"content":{"rendered":"<p>Zusammensetzung des Produkts: 100% nat\u00fcrliche ganze Bohnen. Eine einzigartige Mischung aus den besten Arabica- und Robusta-Sorten. Mittlere R\u00f6stung &amp; reiches Kaffeearoma. Perfekt f\u00fcr Liebhaber von normalem Kaffee.<\/p>\n<p>Lagerbedingungen: bei einer Temperatur von 0\u00b0C bis + 20\u00b0C und einer relativen Luftfeuchtigkeit von nicht mehr als 75%.<\/p>\n<p>Shelf life: 24 months<\/p>\n<p>Das Produkt ist zertifiziert. Enth\u00e4lt keine GVO.<\/p>\n","protected":false},"excerpt":{"rendered":"<p>\u201eKlassisch\u201c ger\u00f6stete Kaffeebohnen 1 kg. <\/p>\n<p>8 Packungen pro Karton.<\/p>\n<p>64 Kartons pro Palette.<\/p>\n<p>Kartongewicht: 8 kg.<\/p>\n","protected":false},"featured_media":15763,"comment_status":"open","ping_status":"closed","template":"","meta":{"_acf_changed":false},"brand":[1256],"product_cat":[730],"product_tag":[849],"class_list":{"0":"post-15924","1":"product","2":"type-product","3":"status-publish","4":"has-post-thumbnail","6":"brand-nesil-coffee-de","7":"product_cat-kaffee","8":"product_tag-front-product-de","10":"first","11":"instock","12":"shipping-taxable","13":"purchasable","14":"product-type-simple"},"acf":[],"_links":{"self":[{"href":"https:\/\/turkmenexporter.com\/de\/wp-json\/wp\/v2\/product\/15924","targetHints":{"allow":["GET"]}}],"collection":[{"href":"https:\/\/turkmenexporter.com\/de\/wp-json\/wp\/v2\/product"}],"about":[{"href":"https:\/\/turkmenexporter.com\/de\/wp-json\/wp\/v2\/types\/product"}],"replies":[{"embeddable":true,"href":"https:\/\/turkmenexporter.com\/de\/wp-json\/wp\/v2\/comments?post=15924"}],"version-history":[{"count":2,"href":"https:\/\/turkmenexporter.com\/de\/wp-json\/wp\/v2\/product\/15924\/revisions"}],"predecessor-version":[{"id":19986,"href":"https:\/\/turkmenexporter.com\/de\/wp-json\/wp\/v2\/product\/15924\/revisions\/19986"}],"wp:featuredmedia":[{"embeddable":true,"href":"https:\/\/turkmenexporter.com\/de\/wp-json\/wp\/v2\/media\/15763"}],"wp:attachment":[{"href":"https:\/\/turkmenexporter.com\/de\/wp-json\/wp\/v2\/media?parent=15924"}],"wp:term":[{"taxonomy":"brand","embeddable":true,"href":"https:\/\/turkmenexporter.com\/de\/wp-json\/wp\/v2\/brand?post=15924"},{"taxonomy":"product_cat","embeddable":true,"href":"https:\/\/turkmenexporter.com\/de\/wp-json\/wp\/v2\/product_cat?post=15924"},{"taxonomy":"product_tag","embeddable":true,"href":"https:\/\/turkmenexporter.com\/de\/wp-json\/wp\/v2\/product_tag?post=15924"}],"curies":[{"name":"wp","href":"https:\/\/api.w.org\/{rel}","templated":true}]}}