{"id":15929,"date":"2025-05-02T16:04:23","date_gmt":"2025-05-02T11:04:23","guid":{"rendered":"https:\/\/turkmenexporter.com\/product\/nesil-kaffee-intenso\/"},"modified":"2025-11-30T16:01:12","modified_gmt":"2025-11-30T11:01:12","slug":"nesil-kaffee-intensiv","status":"publish","type":"product","link":"https:\/\/turkmenexporter.com\/de\/produkt\/nesil-kaffee-intensiv\/","title":{"rendered":"Nesil Kaffee Intenso"},"content":{"rendered":"<p>Zusammensetzung des Produkts: 100% nat\u00fcrliche ganze Bohnen. Eine einzigartige Mischung aus den besten Arabica- und Robusta-Sorten. Kr\u00e4ftiger R\u00f6stkaffee mit reichhaltigem Aroma.<\/p>\n<p>Lagerbedingungen: bei einer Temperatur von 0\u00b0C bis + 20\u00b0C und einer relativen Luftfeuchtigkeit von nicht mehr als 75%.<\/p>\n<p>Shelf life: 24 months<\/p>\n<p>Das Produkt ist zertifiziert. Enth\u00e4lt keine GVO.<\/p>\n","protected":false},"excerpt":{"rendered":"<p>\u201eIntenso\u201c ger\u00f6stete Kaffeebohnen 1 kg.<\/p>\n<p>8 Packungen pro Karton.<\/p>\n<p>64 Kartons pro Palette.<\/p>\n<p>Kartongewicht: 8 kg.<\/p>\n","protected":false},"featured_media":15775,"comment_status":"open","ping_status":"closed","template":"","meta":{"_acf_changed":false},"brand":[1256],"product_cat":[730],"product_tag":[],"class_list":{"0":"post-15929","1":"product","2":"type-product","3":"status-publish","4":"has-post-thumbnail","6":"brand-nesil-coffee-de","7":"product_cat-kaffee","9":"first","10":"instock","11":"shipping-taxable","12":"purchasable","13":"product-type-simple"},"acf":[],"_links":{"self":[{"href":"https:\/\/turkmenexporter.com\/de\/wp-json\/wp\/v2\/product\/15929","targetHints":{"allow":["GET"]}}],"collection":[{"href":"https:\/\/turkmenexporter.com\/de\/wp-json\/wp\/v2\/product"}],"about":[{"href":"https:\/\/turkmenexporter.com\/de\/wp-json\/wp\/v2\/types\/product"}],"replies":[{"embeddable":true,"href":"https:\/\/turkmenexporter.com\/de\/wp-json\/wp\/v2\/comments?post=15929"}],"version-history":[{"count":1,"href":"https:\/\/turkmenexporter.com\/de\/wp-json\/wp\/v2\/product\/15929\/revisions"}],"predecessor-version":[{"id":19982,"href":"https:\/\/turkmenexporter.com\/de\/wp-json\/wp\/v2\/product\/15929\/revisions\/19982"}],"wp:featuredmedia":[{"embeddable":true,"href":"https:\/\/turkmenexporter.com\/de\/wp-json\/wp\/v2\/media\/15775"}],"wp:attachment":[{"href":"https:\/\/turkmenexporter.com\/de\/wp-json\/wp\/v2\/media?parent=15929"}],"wp:term":[{"taxonomy":"brand","embeddable":true,"href":"https:\/\/turkmenexporter.com\/de\/wp-json\/wp\/v2\/brand?post=15929"},{"taxonomy":"product_cat","embeddable":true,"href":"https:\/\/turkmenexporter.com\/de\/wp-json\/wp\/v2\/product_cat?post=15929"},{"taxonomy":"product_tag","embeddable":true,"href":"https:\/\/turkmenexporter.com\/de\/wp-json\/wp\/v2\/product_tag?post=15929"}],"curies":[{"name":"wp","href":"https:\/\/api.w.org\/{rel}","templated":true}]}}