{"id":15993,"date":"2025-04-24T18:09:41","date_gmt":"2025-04-24T13:09:41","guid":{"rendered":"https:\/\/turkmenexporter.com\/product\/schneemann-weihnachtsstruempfe-fuer-frauen\/"},"modified":"2025-04-24T18:09:41","modified_gmt":"2025-04-24T13:09:41","slug":"schneemann-weihnachtsstruempfe-fuer-frauen","status":"publish","type":"product","link":"https:\/\/turkmenexporter.com\/de\/produkt\/schneemann-weihnachtsstruempfe-fuer-frauen\/","title":{"rendered":"Schneemann Weihnachtssocken f\u00fcr Frauen"},"content":{"rendered":"<p>80 % Baumwolle<\/p>\n<p>16 % Polyamid<\/p>\n<p>4 % Elastan<\/p>\n<p>Gr\u00f6\u00dfen: 36-40<\/p>\n","protected":false},"excerpt":{"rendered":"<p>Hochwertige Baumwollsocken.<\/p>\n<p>Alle Anpassungen in Design, Gr\u00f6\u00dfe und Inhalt k\u00f6nnen verhandelt werden. <\/p>\n","protected":false},"featured_media":12918,"comment_status":"open","ping_status":"closed","template":"","meta":{"_acf_changed":false},"brand":[1048],"product_cat":[1043],"product_tag":[],"class_list":{"0":"post-15993","1":"product","2":"type-product","3":"status-publish","4":"has-post-thumbnail","6":"brand-batly-gadam-de","7":"product_cat-socken","9":"first","10":"instock","11":"shipping-taxable","12":"purchasable","13":"product-type-simple"},"acf":[],"_links":{"self":[{"href":"https:\/\/turkmenexporter.com\/de\/wp-json\/wp\/v2\/product\/15993","targetHints":{"allow":["GET"]}}],"collection":[{"href":"https:\/\/turkmenexporter.com\/de\/wp-json\/wp\/v2\/product"}],"about":[{"href":"https:\/\/turkmenexporter.com\/de\/wp-json\/wp\/v2\/types\/product"}],"replies":[{"embeddable":true,"href":"https:\/\/turkmenexporter.com\/de\/wp-json\/wp\/v2\/comments?post=15993"}],"version-history":[{"count":0,"href":"https:\/\/turkmenexporter.com\/de\/wp-json\/wp\/v2\/product\/15993\/revisions"}],"wp:featuredmedia":[{"embeddable":true,"href":"https:\/\/turkmenexporter.com\/de\/wp-json\/wp\/v2\/media\/12918"}],"wp:attachment":[{"href":"https:\/\/turkmenexporter.com\/de\/wp-json\/wp\/v2\/media?parent=15993"}],"wp:term":[{"taxonomy":"brand","embeddable":true,"href":"https:\/\/turkmenexporter.com\/de\/wp-json\/wp\/v2\/brand?post=15993"},{"taxonomy":"product_cat","embeddable":true,"href":"https:\/\/turkmenexporter.com\/de\/wp-json\/wp\/v2\/product_cat?post=15993"},{"taxonomy":"product_tag","embeddable":true,"href":"https:\/\/turkmenexporter.com\/de\/wp-json\/wp\/v2\/product_tag?post=15993"}],"curies":[{"name":"wp","href":"https:\/\/api.w.org\/{rel}","templated":true}]}}