{"id":16005,"date":"2025-04-24T18:09:32","date_gmt":"2025-04-24T13:09:32","guid":{"rendered":"https:\/\/turkmenexporter.com\/product\/frauen-neujahrs-santa-socken-party-bereit\/"},"modified":"2025-04-24T18:09:32","modified_gmt":"2025-04-24T13:09:32","slug":"frauen-neujahrs-santa-socken-party-bereit","status":"publish","type":"product","link":"https:\/\/turkmenexporter.com\/de\/produkt\/frauen-neujahrs-santa-socken-party-bereit\/","title":{"rendered":"Neujahrs-Socken f\u00fcr Frauen &#8211; Party Ready"},"content":{"rendered":"<p>80 % Baumwolle<\/p>\n<p>16 % Polyamid<\/p>\n<p>4 % Elastan<\/p>\n<p>Gr\u00f6\u00dfen: 36-40<\/p>\n","protected":false},"excerpt":{"rendered":"<p>Hochwertige Baumwollsocken.<\/p>\n<p>Alle Anpassungen in Design, Gr\u00f6\u00dfe und Inhalt k\u00f6nnen verhandelt werden. <\/p>\n","protected":false},"featured_media":13026,"comment_status":"open","ping_status":"closed","template":"","meta":{"_acf_changed":false},"brand":[1048],"product_cat":[1043],"product_tag":[],"class_list":{"0":"post-16005","1":"product","2":"type-product","3":"status-publish","4":"has-post-thumbnail","6":"brand-batly-gadam-de","7":"product_cat-socken","9":"first","10":"instock","11":"shipping-taxable","12":"purchasable","13":"product-type-simple"},"acf":[],"_links":{"self":[{"href":"https:\/\/turkmenexporter.com\/de\/wp-json\/wp\/v2\/product\/16005","targetHints":{"allow":["GET"]}}],"collection":[{"href":"https:\/\/turkmenexporter.com\/de\/wp-json\/wp\/v2\/product"}],"about":[{"href":"https:\/\/turkmenexporter.com\/de\/wp-json\/wp\/v2\/types\/product"}],"replies":[{"embeddable":true,"href":"https:\/\/turkmenexporter.com\/de\/wp-json\/wp\/v2\/comments?post=16005"}],"version-history":[{"count":0,"href":"https:\/\/turkmenexporter.com\/de\/wp-json\/wp\/v2\/product\/16005\/revisions"}],"wp:featuredmedia":[{"embeddable":true,"href":"https:\/\/turkmenexporter.com\/de\/wp-json\/wp\/v2\/media\/13026"}],"wp:attachment":[{"href":"https:\/\/turkmenexporter.com\/de\/wp-json\/wp\/v2\/media?parent=16005"}],"wp:term":[{"taxonomy":"brand","embeddable":true,"href":"https:\/\/turkmenexporter.com\/de\/wp-json\/wp\/v2\/brand?post=16005"},{"taxonomy":"product_cat","embeddable":true,"href":"https:\/\/turkmenexporter.com\/de\/wp-json\/wp\/v2\/product_cat?post=16005"},{"taxonomy":"product_tag","embeddable":true,"href":"https:\/\/turkmenexporter.com\/de\/wp-json\/wp\/v2\/product_tag?post=16005"}],"curies":[{"name":"wp","href":"https:\/\/api.w.org\/{rel}","templated":true}]}}