{"id":16027,"date":"2025-04-24T18:09:27","date_gmt":"2025-04-24T13:09:27","guid":{"rendered":"https:\/\/turkmenexporter.com\/product\/herren-baumwoll-kurz-socken-ekol\/"},"modified":"2025-04-24T18:09:27","modified_gmt":"2025-04-24T13:09:27","slug":"herren-baumwoll-kurz-socken-ekol","status":"publish","type":"product","link":"https:\/\/turkmenexporter.com\/de\/produkt\/herren-baumwoll-kurz-socken-ekol\/","title":{"rendered":"Kurze Herrensocken aus Baumwolle Ekol"},"content":{"rendered":"<p>80 % Baumwolle<\/p>\n<p>16 % Polyamid<\/p>\n<p>4 % Elastan<\/p>\n<p>Gr\u00f6\u00dfen: 40-43<\/p>\n","protected":false},"excerpt":{"rendered":"<p>Hochwertige Baumwollsocken.<\/p>\n<p>Alle Anpassungen in Design, Gr\u00f6\u00dfe und Inhalt k\u00f6nnen verhandelt werden. <\/p>\n","protected":false},"featured_media":12696,"comment_status":"open","ping_status":"closed","template":"","meta":{"_acf_changed":false},"brand":[1048],"product_cat":[1043],"product_tag":[],"class_list":{"0":"post-16027","1":"product","2":"type-product","3":"status-publish","4":"has-post-thumbnail","6":"brand-batly-gadam-de","7":"product_cat-socken","9":"first","10":"instock","11":"shipping-taxable","12":"purchasable","13":"product-type-simple"},"acf":[],"_links":{"self":[{"href":"https:\/\/turkmenexporter.com\/de\/wp-json\/wp\/v2\/product\/16027","targetHints":{"allow":["GET"]}}],"collection":[{"href":"https:\/\/turkmenexporter.com\/de\/wp-json\/wp\/v2\/product"}],"about":[{"href":"https:\/\/turkmenexporter.com\/de\/wp-json\/wp\/v2\/types\/product"}],"replies":[{"embeddable":true,"href":"https:\/\/turkmenexporter.com\/de\/wp-json\/wp\/v2\/comments?post=16027"}],"version-history":[{"count":0,"href":"https:\/\/turkmenexporter.com\/de\/wp-json\/wp\/v2\/product\/16027\/revisions"}],"wp:featuredmedia":[{"embeddable":true,"href":"https:\/\/turkmenexporter.com\/de\/wp-json\/wp\/v2\/media\/12696"}],"wp:attachment":[{"href":"https:\/\/turkmenexporter.com\/de\/wp-json\/wp\/v2\/media?parent=16027"}],"wp:term":[{"taxonomy":"brand","embeddable":true,"href":"https:\/\/turkmenexporter.com\/de\/wp-json\/wp\/v2\/brand?post=16027"},{"taxonomy":"product_cat","embeddable":true,"href":"https:\/\/turkmenexporter.com\/de\/wp-json\/wp\/v2\/product_cat?post=16027"},{"taxonomy":"product_tag","embeddable":true,"href":"https:\/\/turkmenexporter.com\/de\/wp-json\/wp\/v2\/product_tag?post=16027"}],"curies":[{"name":"wp","href":"https:\/\/api.w.org\/{rel}","templated":true}]}}