{"id":16444,"date":"2025-05-29T17:01:47","date_gmt":"2025-05-29T12:01:47","guid":{"rendered":"https:\/\/turkmenexporter.com\/product\/motoroel-imperol-plus-shpd-15w-40\/"},"modified":"2025-05-29T17:01:47","modified_gmt":"2025-05-29T12:01:47","slug":"motoroel-imperol-plus-shpd-15w-40","status":"publish","type":"product","link":"https:\/\/turkmenexporter.com\/de\/produkt\/motoroel-imperol-plus-shpd-15w-40\/","title":{"rendered":"MOTOR\u00d6L IMPEROL PLUS SHPD 15W-40"},"content":{"rendered":"<p><span data-sheets-root=\"1\">Extra Hochleistungs-Hochleistungs-Mehrbereichs-Diesel-\/Benzin-Motoren\u00f6l mit langer Lebensdauer.<\/span><\/p>\n<p><span data-sheets-root=\"1\">Empfohlen f\u00fcr schwere Dieselmotoren mit und ohne Turboaufladung von Lastwagen, Lieferwagen, Bussen, Baumaschinen, landwirtschaftlichen Maschinen, Schiffen oder Dieselgeneratoren sowie f\u00fcr Diesel-\/Benzin-Pkw und leichte Nutzfahrzeuge. Besonders empfohlen f\u00fcr \u00e4ltere Diesel-\/Benzinmotoren des Typs Euro 4\/5 und mit hoher Laufleistung, um den \u00d6lverlust zu verringern.  <\/span><\/p>\n<p><span data-sheets-root=\"1\">Empfohlener Umgebungstemperaturbereich f\u00fcr optimale Motorleistung: -15 \u00b0C\/+45 \u00b0C. <\/span><\/p>\n<p><span data-sheets-root=\"1\">Die Haltbarkeit betr\u00e4gt bis zu 5 Jahre, wenn die Verpackung fest verschlossen und vor Sonnenlicht gesch\u00fctzt in einem gut gel\u00fcfteten Raum gelagert wird.<\/span><\/p>\n","protected":false},"excerpt":{"rendered":"<p>SchwerlastdieselBenzinmotor\u00f6l<\/p>\n","protected":false},"featured_media":16325,"comment_status":"open","ping_status":"closed","template":"","meta":{"_acf_changed":false},"brand":[1276],"product_cat":[1278],"product_tag":[849],"class_list":{"0":"post-16444","1":"product","2":"type-product","3":"status-publish","4":"has-post-thumbnail","6":"brand-imperol-de","7":"product_cat-kfz-produkte","8":"product_tag-front-product-de","10":"first","11":"instock","12":"shipping-taxable","13":"purchasable","14":"product-type-variable","15":"has-default-attributes"},"acf":[],"_links":{"self":[{"href":"https:\/\/turkmenexporter.com\/de\/wp-json\/wp\/v2\/product\/16444","targetHints":{"allow":["GET"]}}],"collection":[{"href":"https:\/\/turkmenexporter.com\/de\/wp-json\/wp\/v2\/product"}],"about":[{"href":"https:\/\/turkmenexporter.com\/de\/wp-json\/wp\/v2\/types\/product"}],"replies":[{"embeddable":true,"href":"https:\/\/turkmenexporter.com\/de\/wp-json\/wp\/v2\/comments?post=16444"}],"version-history":[{"count":0,"href":"https:\/\/turkmenexporter.com\/de\/wp-json\/wp\/v2\/product\/16444\/revisions"}],"wp:featuredmedia":[{"embeddable":true,"href":"https:\/\/turkmenexporter.com\/de\/wp-json\/wp\/v2\/media\/16325"}],"wp:attachment":[{"href":"https:\/\/turkmenexporter.com\/de\/wp-json\/wp\/v2\/media?parent=16444"}],"wp:term":[{"taxonomy":"brand","embeddable":true,"href":"https:\/\/turkmenexporter.com\/de\/wp-json\/wp\/v2\/brand?post=16444"},{"taxonomy":"product_cat","embeddable":true,"href":"https:\/\/turkmenexporter.com\/de\/wp-json\/wp\/v2\/product_cat?post=16444"},{"taxonomy":"product_tag","embeddable":true,"href":"https:\/\/turkmenexporter.com\/de\/wp-json\/wp\/v2\/product_tag?post=16444"}],"curies":[{"name":"wp","href":"https:\/\/api.w.org\/{rel}","templated":true}]}}