{"id":16447,"date":"2025-05-29T16:36:27","date_gmt":"2025-05-29T11:36:27","guid":{"rendered":"https:\/\/turkmenexporter.com\/product\/motoroel-imperol-plus-hd\/"},"modified":"2025-05-29T16:36:27","modified_gmt":"2025-05-29T11:36:27","slug":"motoroel-imperol-plus-hd","status":"publish","type":"product","link":"https:\/\/turkmenexporter.com\/de\/produkt\/motoroel-imperol-plus-hd\/","title":{"rendered":"MOTOR\u00d6L IMPEROL PLUS HD"},"content":{"rendered":"<p><span style=\"font-size: 12pt;font-family: Arial\" data-sheets-root=\"1\">Hochleistungs-Mehrbereichs-Diesel-\/Benzin-Motoren\u00f6l. Empfohlen f\u00fcr den Einsatz von Hochleistungs-Diesel-\/Benzinmotoren mit und ohne Turboaufladung der Klasse EURO 2 oder \u00e4lter sowie f\u00fcr Diesel-\/Benzinmotoren mit hoher Laufleistung in Lkw, Transportern, Bussen, Baumaschinen, landwirtschaftlichen Fahrzeugen, Schiffen und Generatoren. <\/span><\/p>\n<p><span style=\"font-size: 12pt;font-family: Arial\" data-sheets-root=\"1\">Empfohlener Umgebungstemperaturbereich f\u00fcr optimale Motorleistung :-15\u00b0C\/+45 \u00b0C <\/span><\/p>\n<p><span style=\"font-size: 12pt;font-family: Arial\" data-sheets-root=\"1\">Die Haltbarkeit betr\u00e4gt bis zu 5 Jahre, wenn die Verpackung fest verschlossen und vor Sonnenlicht gesch\u00fctzt in einem gut gel\u00fcfteten Raum gelagert wird.<\/span><\/p>\n","protected":false},"excerpt":{"rendered":"<p><span data-sheets-root=\"1\">Schwerlast-Diesel<br \/>\nBenzin-Motor\u00f6l 5 L<br \/>\n4 Stk. pro Packung<\/span><\/p>\n","protected":false},"featured_media":16277,"comment_status":"open","ping_status":"closed","template":"","meta":{"_acf_changed":false},"brand":[1276],"product_cat":[1278],"product_tag":[],"class_list":{"0":"post-16447","1":"product","2":"type-product","3":"status-publish","4":"has-post-thumbnail","6":"brand-imperol-de","7":"product_cat-kfz-produkte","9":"first","10":"instock","11":"shipping-taxable","12":"purchasable","13":"product-type-variable","14":"has-default-attributes"},"acf":[],"_links":{"self":[{"href":"https:\/\/turkmenexporter.com\/de\/wp-json\/wp\/v2\/product\/16447","targetHints":{"allow":["GET"]}}],"collection":[{"href":"https:\/\/turkmenexporter.com\/de\/wp-json\/wp\/v2\/product"}],"about":[{"href":"https:\/\/turkmenexporter.com\/de\/wp-json\/wp\/v2\/types\/product"}],"replies":[{"embeddable":true,"href":"https:\/\/turkmenexporter.com\/de\/wp-json\/wp\/v2\/comments?post=16447"}],"version-history":[{"count":0,"href":"https:\/\/turkmenexporter.com\/de\/wp-json\/wp\/v2\/product\/16447\/revisions"}],"wp:featuredmedia":[{"embeddable":true,"href":"https:\/\/turkmenexporter.com\/de\/wp-json\/wp\/v2\/media\/16277"}],"wp:attachment":[{"href":"https:\/\/turkmenexporter.com\/de\/wp-json\/wp\/v2\/media?parent=16447"}],"wp:term":[{"taxonomy":"brand","embeddable":true,"href":"https:\/\/turkmenexporter.com\/de\/wp-json\/wp\/v2\/brand?post=16447"},{"taxonomy":"product_cat","embeddable":true,"href":"https:\/\/turkmenexporter.com\/de\/wp-json\/wp\/v2\/product_cat?post=16447"},{"taxonomy":"product_tag","embeddable":true,"href":"https:\/\/turkmenexporter.com\/de\/wp-json\/wp\/v2\/product_tag?post=16447"}],"curies":[{"name":"wp","href":"https:\/\/api.w.org\/{rel}","templated":true}]}}