{"id":16450,"date":"2025-05-29T16:21:27","date_gmt":"2025-05-29T11:21:27","guid":{"rendered":"https:\/\/turkmenexporter.com\/product\/motoroel-imperol-plus-sn-10w-40\/"},"modified":"2025-05-29T16:21:27","modified_gmt":"2025-05-29T11:21:27","slug":"motoroel-imperol-plus-sn-10w-40","status":"publish","type":"product","link":"https:\/\/turkmenexporter.com\/de\/produkt\/motoroel-imperol-plus-sn-10w-40\/","title":{"rendered":"MOTOR\u00d6L IMPEROL PLUS SN 10W-40"},"content":{"rendered":"<p>Hervorragendes Mehrbereichs-Mehrbereichs-Benzin-\/Dieselmotoren\u00f6l mit hoher Leistung und niedrigem Kraftstoffverbrauch<\/p>\n<p>Empfohlen f\u00fcr direkt eingespritzte (GDI) oder\/und mit Katalysator ausgestattete Pkw und leichte Nutzfahrzeuge. Speziell formuliert f\u00fcr Motoren mit einer Laufleistung von mehr als 100000 km und Klimabedingungen \u00fcber +35\u00b0C sowie f\u00fcr Motoren mit gro\u00dfem Hubraum (V6\/V8 usw.), um den \u00d6lverlust zu verringern, die Reibungseigenschaften zu reduzieren, den Kraftstoffverbrauch zu senken und eine \u00fcberm\u00e4\u00dfige Erw\u00e4rmung der Motoren zu verhindern. <\/p>\n<p>Empfohlener Umgebungstemperaturbereich f\u00fcr optimale Motorleistung: -25 \u00b0C\/+45\u00b0C<\/p>\n<p>Die Haltbarkeit betr\u00e4gt bis zu 5 Jahre, wenn die Verpackung fest verschlossen und vor Sonnenlicht gesch\u00fctzt in einem gut gel\u00fcfteten Raum gelagert wird.<\/p>\n","protected":false},"excerpt":{"rendered":"<p>Halbsynthetisches Motor\u00f6l 5 L<\/p>\n<p>4 Stk. pro Packung<\/p>\n","protected":false},"featured_media":16373,"comment_status":"open","ping_status":"closed","template":"","meta":{"_acf_changed":false},"brand":[1276],"product_cat":[1278],"product_tag":[],"class_list":{"0":"post-16450","1":"product","2":"type-product","3":"status-publish","4":"has-post-thumbnail","6":"brand-imperol-de","7":"product_cat-kfz-produkte","9":"first","10":"instock","11":"shipping-taxable","12":"purchasable","13":"product-type-simple"},"acf":[],"_links":{"self":[{"href":"https:\/\/turkmenexporter.com\/de\/wp-json\/wp\/v2\/product\/16450","targetHints":{"allow":["GET"]}}],"collection":[{"href":"https:\/\/turkmenexporter.com\/de\/wp-json\/wp\/v2\/product"}],"about":[{"href":"https:\/\/turkmenexporter.com\/de\/wp-json\/wp\/v2\/types\/product"}],"replies":[{"embeddable":true,"href":"https:\/\/turkmenexporter.com\/de\/wp-json\/wp\/v2\/comments?post=16450"}],"version-history":[{"count":0,"href":"https:\/\/turkmenexporter.com\/de\/wp-json\/wp\/v2\/product\/16450\/revisions"}],"wp:featuredmedia":[{"embeddable":true,"href":"https:\/\/turkmenexporter.com\/de\/wp-json\/wp\/v2\/media\/16373"}],"wp:attachment":[{"href":"https:\/\/turkmenexporter.com\/de\/wp-json\/wp\/v2\/media?parent=16450"}],"wp:term":[{"taxonomy":"brand","embeddable":true,"href":"https:\/\/turkmenexporter.com\/de\/wp-json\/wp\/v2\/brand?post=16450"},{"taxonomy":"product_cat","embeddable":true,"href":"https:\/\/turkmenexporter.com\/de\/wp-json\/wp\/v2\/product_cat?post=16450"},{"taxonomy":"product_tag","embeddable":true,"href":"https:\/\/turkmenexporter.com\/de\/wp-json\/wp\/v2\/product_tag?post=16450"}],"curies":[{"name":"wp","href":"https:\/\/api.w.org\/{rel}","templated":true}]}}