{"id":16451,"date":"2025-05-29T16:21:26","date_gmt":"2025-05-29T11:21:26","guid":{"rendered":"https:\/\/turkmenexporter.com\/product\/motoroel-imperol-plus-sg-10w-40\/"},"modified":"2025-06-12T16:58:57","modified_gmt":"2025-06-12T11:58:57","slug":"schmiermittel-motoroel-imperol-plus-sg-10w-40","status":"publish","type":"product","link":"https:\/\/turkmenexporter.com\/de\/produkt\/schmiermittel-motoroel-imperol-plus-sg-10w-40\/","title":{"rendered":"SCHMIERMITTEL MOTOR\u00d6L IMPEROL PLUS SG 10W-40"},"content":{"rendered":"<p>Hervorragende hohe Leistung durch SYNERGY (MOLY\/ESTER) , modernste Technologie und niedriger Kraftstoffverbrauch bei halbsynthetischem Benzin\/Diesel-Mehrbereichs\u00f6l<\/p>\n<p>Empfohlen f\u00fcr direkt eingespritzte (GDI) oder\/und mit Katalysator ausgestattete Pkw und leichte Nutzfahrzeuge. Speziell formuliert f\u00fcr Motoren mit einer Laufleistung von mehr als 200000 km und Klimabedingungen \u00fcber +35\u00b0C sowie f\u00fcr Motoren mit gro\u00dfem Hubraum (V6\/V8 usw.), um den \u00d6lverlust zu verringern, die Reibungseigenschaften zu reduzieren, den Kraftstoffverbrauch zu senken und eine \u00fcberm\u00e4\u00dfige Erw\u00e4rmung der Motoren zu verhindern. <\/p>\n<p>Empfohlener Umgebungstemperaturbereich f\u00fcr eine optimale Motorleistung: -20 \u00b0C\/+45 \u00b0C.<br \/>\nDie Haltbarkeit betr\u00e4gt bis zu 5 Jahre, wenn die Verpackung fest verschlossen und vor Sonnenlicht gesch\u00fctzt in einem gut bel\u00fcfteten Raum gelagert wird.<\/p>\n","protected":false},"excerpt":{"rendered":"<p>Halbsynthetisches Motor\u00f6l 5 L<\/p>\n<p>4 Stk. pro Packung<\/p>\n","protected":false},"featured_media":16301,"comment_status":"open","ping_status":"closed","template":"","meta":{"_acf_changed":false},"brand":[1276],"product_cat":[1278],"product_tag":[],"class_list":{"0":"post-16451","1":"product","2":"type-product","3":"status-publish","4":"has-post-thumbnail","6":"brand-imperol-de","7":"product_cat-kfz-produkte","9":"first","10":"instock","11":"shipping-taxable","12":"purchasable","13":"product-type-simple"},"acf":[],"_links":{"self":[{"href":"https:\/\/turkmenexporter.com\/de\/wp-json\/wp\/v2\/product\/16451","targetHints":{"allow":["GET"]}}],"collection":[{"href":"https:\/\/turkmenexporter.com\/de\/wp-json\/wp\/v2\/product"}],"about":[{"href":"https:\/\/turkmenexporter.com\/de\/wp-json\/wp\/v2\/types\/product"}],"replies":[{"embeddable":true,"href":"https:\/\/turkmenexporter.com\/de\/wp-json\/wp\/v2\/comments?post=16451"}],"version-history":[{"count":1,"href":"https:\/\/turkmenexporter.com\/de\/wp-json\/wp\/v2\/product\/16451\/revisions"}],"predecessor-version":[{"id":16558,"href":"https:\/\/turkmenexporter.com\/de\/wp-json\/wp\/v2\/product\/16451\/revisions\/16558"}],"wp:featuredmedia":[{"embeddable":true,"href":"https:\/\/turkmenexporter.com\/de\/wp-json\/wp\/v2\/media\/16301"}],"wp:attachment":[{"href":"https:\/\/turkmenexporter.com\/de\/wp-json\/wp\/v2\/media?parent=16451"}],"wp:term":[{"taxonomy":"brand","embeddable":true,"href":"https:\/\/turkmenexporter.com\/de\/wp-json\/wp\/v2\/brand?post=16451"},{"taxonomy":"product_cat","embeddable":true,"href":"https:\/\/turkmenexporter.com\/de\/wp-json\/wp\/v2\/product_cat?post=16451"},{"taxonomy":"product_tag","embeddable":true,"href":"https:\/\/turkmenexporter.com\/de\/wp-json\/wp\/v2\/product_tag?post=16451"}],"curies":[{"name":"wp","href":"https:\/\/api.w.org\/{rel}","templated":true}]}}